{"id":9110,"date":"2021-12-15T12:21:06","date_gmt":"2021-12-15T12:21:06","guid":{"rendered":"https:\/\/tiendafinning.com\/?post_type=product&#038;p=9110"},"modified":"2024-11-13T12:36:51","modified_gmt":"2024-11-13T12:36:51","slug":"tractor-class-nectis-267-f-c-carro-de-arrastre","status":"publish","type":"product","link":"https:\/\/tiendafinning.com\/index.php\/product\/tractor-class-nectis-267-f-c-carro-de-arrastre\/","title":{"rendered":"Tractor Class Nectis 267 F C\/Carro de Arrastre"},"content":{"rendered":"<p><span>Con la introducci\u00f3n del modelo de la serie Nectis, BRUDER completa su serie de tractores a escala 1:16 del especialista en pastizales Claas.\u00a0<\/span><span>Por supuesto, este tractor tambi\u00e9n tiene las caracter\u00edsticas t\u00edpicas de los tractores BRUDER y se puede combinar con todos los frentes y equipos agr\u00edcolas de la gama BRUDER.\u00a0<\/span><span>El remolque basculante m\u00f3vil peque\u00f1o y ligero de BRUDER es, por lo tanto, la combinaci\u00f3n perfecta para este tractor, ya que puede utilizarse para imitar de forma realista, por ejemplo, su uso en vi\u00f1edos y huertos.<\/span><\/p>\n<h3 class=\"p-heading p-heading--h3\"><span>Cuerpo automotriz<\/span><\/h3>\n<div class=\"e-article-details__list-wrapper p-paragraph\">\n<ul class=\"articleHighlightsList\">\n<li><span>peso delantero desmontable<\/span><\/li>\n<li><span>receptor para cargador frontal<\/span><\/li>\n<\/ul>\n<\/div>\n<h3 class=\"p-heading p-heading--h3\"><span>Chasis<\/span><\/h3>\n<div class=\"e-article-details__list-wrapper p-paragraph\">\n<ul class=\"articleHighlightsList\">\n<li><span>eje totalmente flotante orientable todoterreno<\/span><\/li>\n<li><span>eje delantero orientable y todoterreno<\/span><\/li>\n<li><span>llantas de rodadura<\/span><\/li>\n<\/ul>\n<\/div>\n<h3 class=\"p-heading p-heading--h3\"><span>Movimiento\/funci\u00f3n<\/span><\/h3>\n<div class=\"e-article-details__list-wrapper p-paragraph\">\n<ul class=\"articleHighlightsList\">\n<li><span>la barra de direcci\u00f3n adicional permite la direcci\u00f3n a trav\u00e9s del techo deslizante del tractor<\/span><\/li>\n<\/ul>\n<\/div>\n<h3 class=\"p-heading p-heading--h3\"><span>Com\u00fan<\/span><\/h3>\n<div class=\"e-article-details__list-wrapper p-paragraph\">\n<ul class=\"articleHighlightsList\">\n<li><span>\u00a1ADVERTENCIA!\u00a0No apto para ni\u00f1os menores de 36 meses.\u00a0Peligro de asfixia: piezas peque\u00f1as.<\/span><\/li>\n<li><span>Edad recomendada: a partir de 3 a\u00f1os para jugar en interior y exterior<\/span><\/li>\n<li><span>Fabricado con pl\u00e1sticos de alta calidad como ABS.<\/span><\/li>\n<li><span>Compatible con la figura<\/span><\/li>\n<li><span>Hecho por Bruder<\/span><\/li>\n<li><span>Escala 1:16<\/span><\/li>\n<\/ul>\n<p><img decoding=\"async\" class=\"\" src=\"https:\/\/www.bruder.de\/fileadmin\/user_upload\/shopware_media\/4e\/da\/7f\/badge-age-3.jpg\" alt=\"Edad recomendada: a partir de 3 a\u00f1os para jugar en interior y exterior\" width=\"86\" height=\"101\" \/><img decoding=\"async\" class=\"\" src=\"https:\/\/www.bruder.de\/fileadmin\/user_upload\/shopware_media\/1d\/c5\/21\/badge-bruder-germany.jpg\" alt=\"Hecho por Bruder\" width=\"101\" height=\"101\" \/><img decoding=\"async\" class=\"\" src=\"https:\/\/www.bruder.de\/fileadmin\/user_upload\/shopware_media\/36\/8b\/04\/badge-funktion-lenkbar.jpg\" alt=\"eje totalmente flotante orientable todoterreno\" width=\"100\" height=\"100\" \/><img loading=\"lazy\" decoding=\"async\" class=\"\" src=\"https:\/\/www.bruder.de\/fileadmin\/user_upload\/shopware_media\/b0\/bd\/db\/badge-3-years.jpg\" alt=\"\u00a1ADVERTENCIA!  No apto para ni\u00f1os menores de 36 meses.  Peligro de asfixia: piezas peque\u00f1as.\" width=\"100\" height=\"100\" \/><img loading=\"lazy\" decoding=\"async\" class=\"\" src=\"https:\/\/www.bruder.de\/fileadmin\/user_upload\/shopware_media\/54\/f0\/c7\/badge-bworld.jpg\" alt=\"Compatible con la figura\" width=\"90\" height=\"101\" \/><\/p>\n<\/div>\n","protected":false},"excerpt":{"rendered":"<p>Escala 1:16<\/p>\n<p>Edad recomendada: +3<\/p>\n<p>Material: Pl\u00e1sticos de alta calidad como ABS<\/p>\n<p>Tama\u00f1o: (Tractor) 33,5 x 12,9 x 15 cm. + (Carro de Arrastre) 32,5 x 14,8 x 10,8 cm.<\/p>\n<p>&nbsp;<\/p>\n<p><a href=\"https:\/\/diecast.cl\/?attachment_id=3611\" rel=\"attachment wp-att-3611\"><img loading=\"lazy\" decoding=\"async\" class=\"alignnone wp-image-3611\" src=\"https:\/\/diecast.cl\/wp-content\/uploads\/2021\/02\/Bruder-Logo-300x103.png\" alt=\"\" width=\"224\" height=\"77\" \/><\/a><\/p>\n","protected":false},"featured_media":13999,"comment_status":"open","ping_status":"closed","template":"","meta":{"_joinchat":[]},"product_brand":[],"product_cat":[],"product_tag":[185,472,198],"class_list":{"0":"post-9110","1":"product","2":"type-product","3":"status-publish","4":"has-post-thumbnail","6":"product_tag-bruder","7":"product_tag-jugueteria","8":"product_tag-tractor","10":"first","11":"outofstock","12":"featured","13":"shipping-taxable","14":"purchasable","15":"product-type-simple"},"_links":{"self":[{"href":"https:\/\/tiendafinning.com\/index.php\/wp-json\/wp\/v2\/product\/9110","targetHints":{"allow":["GET"]}}],"collection":[{"href":"https:\/\/tiendafinning.com\/index.php\/wp-json\/wp\/v2\/product"}],"about":[{"href":"https:\/\/tiendafinning.com\/index.php\/wp-json\/wp\/v2\/types\/product"}],"replies":[{"embeddable":true,"href":"https:\/\/tiendafinning.com\/index.php\/wp-json\/wp\/v2\/comments?post=9110"}],"wp:featuredmedia":[{"embeddable":true,"href":"https:\/\/tiendafinning.com\/index.php\/wp-json\/wp\/v2\/media\/13999"}],"wp:attachment":[{"href":"https:\/\/tiendafinning.com\/index.php\/wp-json\/wp\/v2\/media?parent=9110"}],"wp:term":[{"taxonomy":"product_brand","embeddable":true,"href":"https:\/\/tiendafinning.com\/index.php\/wp-json\/wp\/v2\/product_brand?post=9110"},{"taxonomy":"product_cat","embeddable":true,"href":"https:\/\/tiendafinning.com\/index.php\/wp-json\/wp\/v2\/product_cat?post=9110"},{"taxonomy":"product_tag","embeddable":true,"href":"https:\/\/tiendafinning.com\/index.php\/wp-json\/wp\/v2\/product_tag?post=9110"}],"curies":[{"name":"wp","href":"https:\/\/api.w.org\/{rel}","templated":true}]}}