{"id":5504,"date":"2021-05-20T14:57:21","date_gmt":"2021-05-20T14:57:21","guid":{"rendered":"https:\/\/tiendafinning.com\/?post_type=product&#038;p=5504"},"modified":"2025-11-04T12:55:44","modified_gmt":"2025-11-04T12:55:44","slug":"guantes-cat-2","status":"publish","type":"product","link":"https:\/\/tiendafinning.com\/index.php\/product\/guantes-cat-2\/","title":{"rendered":"Guantes Caterpillar"},"content":{"rendered":"","protected":false},"excerpt":{"rendered":"<p>Caracter\u00edsticas: Serie mec\u00e1nica con palma sint\u00e9tica y pulgar para pantalla t\u00e1ctil<\/p>\n<p>Color: Negro<\/p>\n<p><a href=\"https:\/\/diecast.cl\/?attachment_id=3821\" rel=\"attachment wp-att-3821\"><img decoding=\"async\" class=\"alignnone wp-image-3821\" src=\"https:\/\/diecast.cl\/wp-content\/uploads\/2021\/02\/LOGO-CAT-300x223.jpg\" alt=\"\" width=\"140\" height=\"104\" \/><\/a><\/p>\n","protected":false},"featured_media":12876,"comment_status":"open","ping_status":"closed","template":"","meta":{"_joinchat":[]},"product_brand":[],"product_cat":[565],"product_tag":[112,339,310],"class_list":{"0":"post-5504","1":"product","2":"type-product","3":"status-publish","4":"has-post-thumbnail","6":"product_cat-guantes-444","7":"product_tag-caterpillar","8":"product_tag-guantes","9":"product_tag-merchandising","11":"first","12":"outofstock","13":"featured","14":"shipping-taxable","15":"purchasable","16":"product-type-simple"},"_links":{"self":[{"href":"https:\/\/tiendafinning.com\/index.php\/wp-json\/wp\/v2\/product\/5504","targetHints":{"allow":["GET"]}}],"collection":[{"href":"https:\/\/tiendafinning.com\/index.php\/wp-json\/wp\/v2\/product"}],"about":[{"href":"https:\/\/tiendafinning.com\/index.php\/wp-json\/wp\/v2\/types\/product"}],"replies":[{"embeddable":true,"href":"https:\/\/tiendafinning.com\/index.php\/wp-json\/wp\/v2\/comments?post=5504"}],"wp:featuredmedia":[{"embeddable":true,"href":"https:\/\/tiendafinning.com\/index.php\/wp-json\/wp\/v2\/media\/12876"}],"wp:attachment":[{"href":"https:\/\/tiendafinning.com\/index.php\/wp-json\/wp\/v2\/media?parent=5504"}],"wp:term":[{"taxonomy":"product_brand","embeddable":true,"href":"https:\/\/tiendafinning.com\/index.php\/wp-json\/wp\/v2\/product_brand?post=5504"},{"taxonomy":"product_cat","embeddable":true,"href":"https:\/\/tiendafinning.com\/index.php\/wp-json\/wp\/v2\/product_cat?post=5504"},{"taxonomy":"product_tag","embeddable":true,"href":"https:\/\/tiendafinning.com\/index.php\/wp-json\/wp\/v2\/product_tag?post=5504"}],"curies":[{"name":"wp","href":"https:\/\/api.w.org\/{rel}","templated":true}]}}