{"id":4549,"date":"2022-09-28T16:30:33","date_gmt":"2022-09-28T16:30:33","guid":{"rendered":"https:\/\/tiendafinning.casanova.cl\/?post_type=product&#038;p=4549"},"modified":"2023-04-28T13:50:58","modified_gmt":"2023-04-28T13:50:58","slug":"cargador-para-vehiculo-lightning-apple","status":"publish","type":"product","link":"https:\/\/tiendafinning.com\/index.php\/product\/cargador-para-vehiculo-lightning-apple\/","title":{"rendered":"Cargador para veh\u00edculo lightning Apple Cat"},"content":{"rendered":"<p>\u2022Cable MFi Lightning\u00ae certificado<br \/>\n\u2022Salida de potencia total 4.8A<br \/>\n\u2022Carga r\u00e1pidamente hasta tres tel\u00e9fonos o dos tabletas<br \/>\n\u2022Alivio de tensi\u00f3n avanzado de doble extremo<br \/>\n\u2022Cableado reflectante ultrarresistente<br \/>\n\u2022Puertos USB con retroiluminaci\u00f3n amarilla para conexiones sin errores<br \/>\n\u2022Puntos de conexi\u00f3n de metal cepillado<br \/>\n\u2022Escudo de RF para una sincronizaci\u00f3n m\u00e1s r\u00e1pida con menos interferencia<br \/>\n\u2022Longitud: 1,8 metros<br \/>\n\u2022Empaquetado al por menor<br \/>\n\u2022Incluye: tapas de puerto de silicona amarillas y organizador de cables<br \/>\n\u2022Empaque individual<\/p>\n","protected":false},"excerpt":{"rendered":"<ul>\n<li>CAT\u00ae<\/li>\n<li>Certificaci\u00f3n Apple\u00ae<\/li>\n<li>4.8 Amp.<\/li>\n<li>2 puertos USB<\/li>\n<\/ul>\n<p><img decoding=\"async\" class=\"alignnone wp-image-3821\" src=\"https:\/\/diecast.cl\/wp-content\/uploads\/2021\/02\/LOGO-CAT-300x223.jpg\" alt=\"\" width=\"147\" height=\"109\" \/><\/p>\n","protected":false},"featured_media":4587,"comment_status":"open","ping_status":"closed","template":"","meta":{"_joinchat":[]},"product_brand":[],"product_cat":[443],"product_tag":[112,354,310],"class_list":{"0":"post-4549","1":"product","2":"type-product","3":"status-publish","4":"has-post-thumbnail","6":"product_cat-electronicos","7":"product_tag-caterpillar","8":"product_tag-cla2-ac","9":"product_tag-merchandising","11":"first","12":"outofstock","13":"shipping-taxable","14":"purchasable","15":"product-type-simple"},"_links":{"self":[{"href":"https:\/\/tiendafinning.com\/index.php\/wp-json\/wp\/v2\/product\/4549","targetHints":{"allow":["GET"]}}],"collection":[{"href":"https:\/\/tiendafinning.com\/index.php\/wp-json\/wp\/v2\/product"}],"about":[{"href":"https:\/\/tiendafinning.com\/index.php\/wp-json\/wp\/v2\/types\/product"}],"replies":[{"embeddable":true,"href":"https:\/\/tiendafinning.com\/index.php\/wp-json\/wp\/v2\/comments?post=4549"}],"wp:featuredmedia":[{"embeddable":true,"href":"https:\/\/tiendafinning.com\/index.php\/wp-json\/wp\/v2\/media\/4587"}],"wp:attachment":[{"href":"https:\/\/tiendafinning.com\/index.php\/wp-json\/wp\/v2\/media?parent=4549"}],"wp:term":[{"taxonomy":"product_brand","embeddable":true,"href":"https:\/\/tiendafinning.com\/index.php\/wp-json\/wp\/v2\/product_brand?post=4549"},{"taxonomy":"product_cat","embeddable":true,"href":"https:\/\/tiendafinning.com\/index.php\/wp-json\/wp\/v2\/product_cat?post=4549"},{"taxonomy":"product_tag","embeddable":true,"href":"https:\/\/tiendafinning.com\/index.php\/wp-json\/wp\/v2\/product_tag?post=4549"}],"curies":[{"name":"wp","href":"https:\/\/api.w.org\/{rel}","templated":true}]}}