{"id":3979,"date":"2022-04-27T10:20:27","date_gmt":"2022-04-27T10:20:27","guid":{"rendered":"https:\/\/tiendafinning.casanova.cl\/?post_type=product&#038;p=3979"},"modified":"2024-10-02T18:15:11","modified_gmt":"2024-10-02T18:15:11","slug":"excavadora-de-rieles-cat-m323f","status":"publish","type":"product","link":"https:\/\/tiendafinning.com\/index.php\/product\/excavadora-de-rieles-cat-m323f\/","title":{"rendered":"Excavadora De Rieles M323F Cat"},"content":{"rendered":"<p><strong><span style=\"font-size: 17px;\">Descripci\u00f3n:<\/span><\/strong><\/p>\n<ul>\n<li><strong>Estado de Art\u00edculo:<\/strong>\u00a0Nuevo<\/li>\n<li><strong>Accesorios:<\/strong>\u00a0Si<\/li>\n<li><strong>Marca:<\/strong>\u00a0Diecast Masters<\/li>\n<li><strong>Modelo:\u00a0<\/strong>M323F<\/li>\n<li><strong>Escala:<\/strong>\u00a01:50<\/li>\n<li><strong>Marca de Veh\u00edculo:<\/strong>\u00a0Caterpillar<\/li>\n<li><strong>C\u00f3digo:\u00a0<\/strong>85662<\/li>\n<li><strong>Rango de edad recomendado:<\/strong>\u00a014 <\/li>\n<li><strong>Dimensiones del producto:\u00a0<\/strong>17cm x 5.5cm x 7cm<\/li>\n<li><strong>Peso del producto:<\/strong>\u00a0300Gr<\/li>\n<li><strong>Material:<\/strong>\u00a0Fundici\u00f3n<\/li>\n<li><strong>Color:<\/strong>\u00a0Amarillo<\/li>\n<\/ul>\n<p><strong><span style=\"font-size: 17px;\">Especificaciones:<\/span><\/strong><\/p>\n<ul>\n<li>Aut\u00e9ntico modelo hecho de metal fundido a presi\u00f3n.<\/li>\n<li>Interior de la cabina detallado, incluido el operador extra\u00edble.\u00e7<\/li>\n<li>Ruedas de riel de metal realistas y neum\u00e1ticos de goma.<\/li>\n<li>Pluma, balanc\u00edn y cuchar\u00f3n m\u00f3viles.<\/li>\n<li>Gira 360 grados en el tren de aterrizaje.<\/li>\n<\/ul>\n","protected":false},"excerpt":{"rendered":"<p>Serie: High Line Series<\/p>\n<p>Material: Metal<\/p>\n<p>Escala 1:50<\/p>\n<p><a href=\"https:\/\/diecast.cl\/?attachment_id=5725\" rel=\"attachment wp-att-5725\"><img decoding=\"async\" class=\"alignnone wp-image-5725\" src=\"https:\/\/diecast.cl\/wp-content\/uploads\/2021\/05\/Diecast-master-logo-e1632315945472.png\" alt=\"\" width=\"126\" height=\"123\" \/><\/a><\/p>\n","protected":false},"featured_media":15552,"comment_status":"open","ping_status":"closed","template":"","meta":{"_joinchat":[]},"product_brand":[],"product_cat":[413],"product_tag":[203,218,113,219],"class_list":{"0":"post-3979","1":"product","2":"type-product","3":"status-publish","4":"has-post-thumbnail","6":"product_cat-excavadoras","7":"product_tag-203","8":"product_tag-diecast","9":"product_tag-diecast-masters","10":"product_tag-masters","12":"first","13":"outofstock","14":"shipping-taxable","15":"purchasable","16":"product-type-simple"},"_links":{"self":[{"href":"https:\/\/tiendafinning.com\/index.php\/wp-json\/wp\/v2\/product\/3979","targetHints":{"allow":["GET"]}}],"collection":[{"href":"https:\/\/tiendafinning.com\/index.php\/wp-json\/wp\/v2\/product"}],"about":[{"href":"https:\/\/tiendafinning.com\/index.php\/wp-json\/wp\/v2\/types\/product"}],"replies":[{"embeddable":true,"href":"https:\/\/tiendafinning.com\/index.php\/wp-json\/wp\/v2\/comments?post=3979"}],"wp:featuredmedia":[{"embeddable":true,"href":"https:\/\/tiendafinning.com\/index.php\/wp-json\/wp\/v2\/media\/15552"}],"wp:attachment":[{"href":"https:\/\/tiendafinning.com\/index.php\/wp-json\/wp\/v2\/media?parent=3979"}],"wp:term":[{"taxonomy":"product_brand","embeddable":true,"href":"https:\/\/tiendafinning.com\/index.php\/wp-json\/wp\/v2\/product_brand?post=3979"},{"taxonomy":"product_cat","embeddable":true,"href":"https:\/\/tiendafinning.com\/index.php\/wp-json\/wp\/v2\/product_cat?post=3979"},{"taxonomy":"product_tag","embeddable":true,"href":"https:\/\/tiendafinning.com\/index.php\/wp-json\/wp\/v2\/product_tag?post=3979"}],"curies":[{"name":"wp","href":"https:\/\/api.w.org\/{rel}","templated":true}]}}