{"id":3879,"date":"2021-07-24T19:08:50","date_gmt":"2021-07-24T19:08:50","guid":{"rendered":"https:\/\/tiendafinning.casanova.cl\/?post_type=product&#038;p=3879"},"modified":"2025-02-06T13:28:15","modified_gmt":"2025-02-06T13:28:15","slug":"motoniveladora-cat-150","status":"publish","type":"product","link":"https:\/\/tiendafinning.com\/index.php\/product\/motoniveladora-cat-150\/","title":{"rendered":"Motoniveladora 150 Cat"},"content":{"rendered":"<ul>\n<li><strong>Estado de Art\u00edculo<\/strong>: Nuevo<\/li>\n<li><strong>Accesorios:<\/strong>\u00a0No<\/li>\n<li><strong>Marca:\u00a0<\/strong>Diecast Masters<\/li>\n<li><strong>Modelo:<\/strong> 150<\/li>\n<li><strong>Escala:<\/strong>\u00a01:50<\/li>\n<li><strong>Marca de Veh\u00edculo:\u00a0<\/strong>Caterpillar<\/li>\n<li><strong>C\u00f3digo:<\/strong> 85667<\/li>\n<li><strong>Rango de edad recomendado:<\/strong>\u00a014 <\/li>\n<li><strong>Dimensiones: <\/strong>20cm x 8cm x 7cm<strong>\u00a0<\/strong><\/li>\n<li><strong>Peso del producto:\u00a0<\/strong>1Kg<\/li>\n<li><strong>Material:<\/strong>\u00a0Fundici\u00f3n<\/li>\n<li><strong>Color:<\/strong> Amarillo<\/li>\n<\/ul>\n<p><strong><span style=\"font-size: 17px;\">Especificaciones:<\/span><\/strong><\/p>\n<ul class=\"a-unordered-list a-vertical a-spacing-mini\">\n<li><span class=\"a-list-item\"><span>Empaque de la Serie High Line: Caja de metal impresa a todo color, coleccionable, que incluye fotos y especificaciones de la m\u00e1quina.\u00a0El inserto de espuma troquelada protege el modelo dentro de la caja.\u00a0la caja exterior de cart\u00f3n brinda protecci\u00f3n adicional.<\/span><\/span><\/li>\n<li><span class=\"a-list-item\"><span>Interiores detallados de la cabina \u00b7 Imagen comercial y pintura amarilla de m\u00e1quina Cat aut\u00e9ntica \u00b7 Orugas de metal realistas en topadoras<\/span><\/span><\/li>\n<li><span class=\"a-list-item\"><span>Caja de descarga basculante en cami\u00f3n articulado \u00b7 Dise\u00f1o aut\u00e9ntico de la banda de rodadura de los neum\u00e1ticos \u00b7 Suspensi\u00f3n trasera funcional \u00b7 Detalles exteriores actualizados, incluida la nueva imagen comercial Cat Modern Hex<\/span><\/span><\/li>\n<\/ul>\n","protected":false},"excerpt":{"rendered":"<p>Escala: 1:50<\/p>\n<p><a href=\"https:\/\/diecast.cl\/?attachment_id=5725\" rel=\"attachment wp-att-5725\"><img decoding=\"async\" class=\"alignnone wp-image-5725\" src=\"https:\/\/diecast.cl\/wp-content\/uploads\/2021\/05\/Diecast-master-logo-e1627138253498-300x219.png\" alt=\"\" width=\"202\" height=\"148\" \/><\/a><\/p>\n","protected":false},"featured_media":15500,"comment_status":"open","ping_status":"closed","template":"","meta":{"_joinchat":[]},"product_brand":[],"product_cat":[424],"product_tag":[203,112,113],"class_list":{"0":"post-3879","1":"product","2":"type-product","3":"status-publish","4":"has-post-thumbnail","6":"product_cat-motoniveladoras","7":"product_tag-203","8":"product_tag-caterpillar","9":"product_tag-diecast-masters","11":"first","12":"outofstock","13":"shipping-taxable","14":"purchasable","15":"product-type-simple"},"_links":{"self":[{"href":"https:\/\/tiendafinning.com\/index.php\/wp-json\/wp\/v2\/product\/3879","targetHints":{"allow":["GET"]}}],"collection":[{"href":"https:\/\/tiendafinning.com\/index.php\/wp-json\/wp\/v2\/product"}],"about":[{"href":"https:\/\/tiendafinning.com\/index.php\/wp-json\/wp\/v2\/types\/product"}],"replies":[{"embeddable":true,"href":"https:\/\/tiendafinning.com\/index.php\/wp-json\/wp\/v2\/comments?post=3879"}],"wp:featuredmedia":[{"embeddable":true,"href":"https:\/\/tiendafinning.com\/index.php\/wp-json\/wp\/v2\/media\/15500"}],"wp:attachment":[{"href":"https:\/\/tiendafinning.com\/index.php\/wp-json\/wp\/v2\/media?parent=3879"}],"wp:term":[{"taxonomy":"product_brand","embeddable":true,"href":"https:\/\/tiendafinning.com\/index.php\/wp-json\/wp\/v2\/product_brand?post=3879"},{"taxonomy":"product_cat","embeddable":true,"href":"https:\/\/tiendafinning.com\/index.php\/wp-json\/wp\/v2\/product_cat?post=3879"},{"taxonomy":"product_tag","embeddable":true,"href":"https:\/\/tiendafinning.com\/index.php\/wp-json\/wp\/v2\/product_tag?post=3879"}],"curies":[{"name":"wp","href":"https:\/\/api.w.org\/{rel}","templated":true}]}}