{"id":3877,"date":"2021-07-24T18:35:38","date_gmt":"2021-07-24T18:35:38","guid":{"rendered":"https:\/\/tiendafinning.casanova.cl\/?post_type=product&#038;p=3877"},"modified":"2024-10-02T18:07:25","modified_gmt":"2024-10-02T18:07:25","slug":"excavadora-hidraulica-cat-336","status":"publish","type":"product","link":"https:\/\/tiendafinning.com\/index.php\/product\/excavadora-hidraulica-cat-336\/","title":{"rendered":"Excavadora Hidr\u00e1ulica 336 Cat"},"content":{"rendered":"<ul>\n<li><strong>Estado de Art\u00edculo:<\/strong>\u00a0Nuevo<\/li>\n<li><strong>Accesorios:<\/strong>\u00a0No<\/li>\n<li><strong>Marca:<\/strong>\u00a0DieCast Masters<\/li>\n<li><strong>Modelo:<\/strong>\u00a0336<\/li>\n<li><strong>Escala:<\/strong>\u00a01:87<\/li>\n<li><strong>Marca de Veh\u00edculo:<\/strong>\u00a0Caterpillar<\/li>\n<li><strong>C\u00f3digo:\u00a0<\/strong>85658<\/li>\n<li><strong>Rango de edad recomendado:<\/strong>\u00a014 <\/li>\n<li><strong>Dimensiones del producto:\u00a0<\/strong>12.5cm x 4cm x 5.5cm<\/li>\n<li><strong>Dimensiones de la caja:\u00a0<\/strong>15.5cm x 6.5cm x 8.5cm<\/li>\n<li><strong>Peso del producto:\u00a0<\/strong>115Gr<\/li>\n<li><strong>Peso con caja:\u00a0<\/strong>335Gr<\/li>\n<li><strong>Material:<\/strong>\u00a0Fundici\u00f3n<\/li>\n<li><strong>Color:<\/strong>\u00a0Amarillo<\/li>\n<\/ul>\n<p><strong><span style=\"font-size: 17px;\">Especificaciones:<\/span><\/strong><\/p>\n<ul>\n<li>Aut\u00e9ntico modelo hecho de metal fundido a presi\u00f3n.<\/li>\n<li>Interior de la cabina detallado, incluido el operador.<\/li>\n<li>Pistas de metal realistas.<\/li>\n<li>Pluma, balanc\u00edn y cuchar\u00f3n m\u00f3viles.<\/li>\n<\/ul>\n","protected":false},"excerpt":{"rendered":"<p>Escala: 1:87<\/p>\n<p><a href=\"https:\/\/diecast.cl\/?attachment_id=5725\" rel=\"attachment wp-att-5725\"><img decoding=\"async\" class=\"alignnone wp-image-5725\" src=\"https:\/\/diecast.cl\/wp-content\/uploads\/2021\/05\/Diecast-master-logo-e1627138253498-300x219.png\" alt=\"\" width=\"202\" height=\"148\" \/><\/a><\/p>\n","protected":false},"featured_media":15494,"comment_status":"open","ping_status":"closed","template":"","meta":{"_joinchat":[]},"product_brand":[],"product_cat":[413],"product_tag":[282,112,113],"class_list":{"0":"post-3877","1":"product","2":"type-product","3":"status-publish","4":"has-post-thumbnail","6":"product_cat-excavadoras","7":"product_tag-282","8":"product_tag-caterpillar","9":"product_tag-diecast-masters","11":"first","12":"outofstock","13":"shipping-taxable","14":"purchasable","15":"product-type-simple"},"_links":{"self":[{"href":"https:\/\/tiendafinning.com\/index.php\/wp-json\/wp\/v2\/product\/3877","targetHints":{"allow":["GET"]}}],"collection":[{"href":"https:\/\/tiendafinning.com\/index.php\/wp-json\/wp\/v2\/product"}],"about":[{"href":"https:\/\/tiendafinning.com\/index.php\/wp-json\/wp\/v2\/types\/product"}],"replies":[{"embeddable":true,"href":"https:\/\/tiendafinning.com\/index.php\/wp-json\/wp\/v2\/comments?post=3877"}],"wp:featuredmedia":[{"embeddable":true,"href":"https:\/\/tiendafinning.com\/index.php\/wp-json\/wp\/v2\/media\/15494"}],"wp:attachment":[{"href":"https:\/\/tiendafinning.com\/index.php\/wp-json\/wp\/v2\/media?parent=3877"}],"wp:term":[{"taxonomy":"product_brand","embeddable":true,"href":"https:\/\/tiendafinning.com\/index.php\/wp-json\/wp\/v2\/product_brand?post=3877"},{"taxonomy":"product_cat","embeddable":true,"href":"https:\/\/tiendafinning.com\/index.php\/wp-json\/wp\/v2\/product_cat?post=3877"},{"taxonomy":"product_tag","embeddable":true,"href":"https:\/\/tiendafinning.com\/index.php\/wp-json\/wp\/v2\/product_tag?post=3877"}],"curies":[{"name":"wp","href":"https:\/\/api.w.org\/{rel}","templated":true}]}}