{"id":3728,"date":"2019-06-07T22:03:52","date_gmt":"2019-06-07T22:03:52","guid":{"rendered":"https:\/\/tiendafinning.casanova.cl\/?post_type=product&#038;p=3728"},"modified":"2026-02-05T18:44:40","modified_gmt":"2026-02-05T18:44:40","slug":"motoniveladora-cat-24","status":"publish","type":"product","link":"https:\/\/tiendafinning.com\/index.php\/product\/motoniveladora-cat-24\/","title":{"rendered":"Motoniveladora 24 Cat"},"content":{"rendered":"<ul>\n<li><strong>Estado de Art\u00edculo:<\/strong>\u00a0Nuevo<\/li>\n<li><strong>Accesorios:<\/strong>\u00a0No<\/li>\n<li><strong>Marca:<\/strong>\u00a0DieCast Masters<\/li>\n<li><strong>Modelo:<\/strong>\u00a024<\/li>\n<li><strong>Escala:<\/strong>\u00a01:50<\/li>\n<li><strong>Marca de Veh\u00edculo:<\/strong>\u00a0Caterpillar<\/li>\n<li><strong>C\u00f3digo:<\/strong>\u00a085552<\/li>\n<li><strong>Rango de edad recomendado:<\/strong>\u00a014 <\/li>\n<li><strong>Dimensiones del producto:\u00a0<\/strong>33.5cm x 9cm x 14cm<\/li>\n<li><strong>Dimensiones de la caja:\u00a0<\/strong>47cm x 15.5cm x 15cm<\/li>\n<li><strong>Peso del producto:\u00a0<\/strong>1.8Kg<\/li>\n<li><strong>Peso con caja:\u00a0<\/strong>5.1Kg<\/li>\n<li><strong>Material:<\/strong>\u00a0Fundici\u00f3n<\/li>\n<li><strong>Color:<\/strong>\u00a0Amarillo<\/li>\n<\/ul>\n<p><strong><span style=\"font-size: 17px;\">Especificaciones:<\/span><\/strong><\/p>\n<p>La Nueva Motoniveladora 24 en escala 1:50 altamente detallada, es un modelo fundido a presi\u00f3n con pintura y calcoman\u00edas realistas, cuchilla totalmente ajustable, bastidor delantero articulado, ejes traseros articulados, desgarrador m\u00f3vil, ruedas delanteras con direcci\u00f3n aut\u00e9nticas con neum\u00e1ticos de goma. Este es un art\u00edculo completamente nuevo en la caja de presentaci\u00f3n original de metal sin abrir y est\u00e1 garantizado por ser un producto oficial autorizado de Caterpillar.<\/p>\n<p>&nbsp;<\/p>\n","protected":false},"excerpt":{"rendered":"<p>Incluye: Operario<\/p>\n<p>Escala 1:50<\/p>\n<p><img decoding=\"async\" class=\"alignnone wp-image-1082\" src=\"http:\/\/diecast.cl\/wp-content\/uploads\/2017\/11\/logodiecastmasters.jpg\" alt=\"diecast masters\" width=\"149\" height=\"142\" \/><\/p>\n","protected":false},"featured_media":15389,"comment_status":"open","ping_status":"closed","template":"","meta":{"_joinchat":[]},"product_brand":[],"product_cat":[424],"product_tag":[275,113,114,233],"class_list":{"0":"post-3728","1":"product","2":"type-product","3":"status-publish","4":"has-post-thumbnail","6":"product_cat-motoniveladoras","7":"product_tag-275","8":"product_tag-diecast-masters","9":"product_tag-mineria","10":"product_tag-motoniveladora","12":"first","13":"outofstock","14":"shipping-taxable","15":"purchasable","16":"product-type-simple"},"_links":{"self":[{"href":"https:\/\/tiendafinning.com\/index.php\/wp-json\/wp\/v2\/product\/3728","targetHints":{"allow":["GET"]}}],"collection":[{"href":"https:\/\/tiendafinning.com\/index.php\/wp-json\/wp\/v2\/product"}],"about":[{"href":"https:\/\/tiendafinning.com\/index.php\/wp-json\/wp\/v2\/types\/product"}],"replies":[{"embeddable":true,"href":"https:\/\/tiendafinning.com\/index.php\/wp-json\/wp\/v2\/comments?post=3728"}],"wp:featuredmedia":[{"embeddable":true,"href":"https:\/\/tiendafinning.com\/index.php\/wp-json\/wp\/v2\/media\/15389"}],"wp:attachment":[{"href":"https:\/\/tiendafinning.com\/index.php\/wp-json\/wp\/v2\/media?parent=3728"}],"wp:term":[{"taxonomy":"product_brand","embeddable":true,"href":"https:\/\/tiendafinning.com\/index.php\/wp-json\/wp\/v2\/product_brand?post=3728"},{"taxonomy":"product_cat","embeddable":true,"href":"https:\/\/tiendafinning.com\/index.php\/wp-json\/wp\/v2\/product_cat?post=3728"},{"taxonomy":"product_tag","embeddable":true,"href":"https:\/\/tiendafinning.com\/index.php\/wp-json\/wp\/v2\/product_tag?post=3728"}],"curies":[{"name":"wp","href":"https:\/\/api.w.org\/{rel}","templated":true}]}}