{"id":3688,"date":"2018-03-15T16:40:25","date_gmt":"2018-03-15T16:40:25","guid":{"rendered":"https:\/\/tiendafinning.casanova.cl\/?post_type=product&#038;p=3688"},"modified":"2023-06-16T15:33:41","modified_gmt":"2023-06-16T15:33:41","slug":"cargador-frontal-cat-972m-3","status":"publish","type":"product","link":"https:\/\/tiendafinning.com\/index.php\/product\/cargador-frontal-cat-972m-3\/","title":{"rendered":"Cargador frontal 972M Cat"},"content":{"rendered":"<ul>\n<li><strong>Estado de Art\u00edculo:<\/strong>\u00a0Nuevo<\/li>\n<li><strong>Accesorios:<\/strong>\u00a0No<\/li>\n<li><strong>Marca:<\/strong>\u00a0DieCast Masters<\/li>\n<li><strong>Modelo:<\/strong>\u00a0972M<\/li>\n<li><strong>Escala:<\/strong>\u00a01:50<\/li>\n<li><strong>Marca de Veh\u00edculo:<\/strong>\u00a0Caterpillar<\/li>\n<li><strong>C\u00f3digo:<\/strong>\u00a085927<\/li>\n<li><strong>Rango de edad recomendado:<\/strong>\u00a014 <\/li>\n<li><strong>Dimensiones del producto:<\/strong>\u00a019cm x 6.5cm x 9.5cm<\/li>\n<li><strong>Peso del producto:<\/strong>\u00a0400Gr<\/li>\n<li><strong>Material:<\/strong>\u00a0Fundici\u00f3n<\/li>\n<li><strong>Color:<\/strong>\u00a0Amarillo<\/li>\n<\/ul>\n<p><strong><span style=\"font-size: 17px;\">Especificaciones:<\/span><\/strong><\/p>\n<ul>\n<li>Aut\u00e9ntico modelo hecho de metal fundido a presi\u00f3n.<\/li>\n<li>Interior de la cabina detallado, incluido el operador<\/li>\n<li>La pluma sube y baja<\/li>\n<li>Cucharas y vertederos de cubos<\/li>\n<li>Direcci\u00f3n articulada<\/li>\n<li>Barandillas y pasamanos aut\u00e9nticos<\/li>\n<li>Aut\u00e9ntico dise\u00f1o de la banda de rodadura del neum\u00e1tico<\/li>\n<\/ul>\n<p style=\"margin: 0cm; margin-bottom: .0001pt;\">\n","protected":false},"excerpt":{"rendered":"<p>Material: Met\u00e1lico\u00a0con ruedas de goma<\/p>\n<p>Articulado<\/p>\n<p>Incluye: Operario<\/p>\n<p>Escala 1:50<\/p>\n<p><img decoding=\"async\" class=\"alignnone wp-image-1082\" src=\"http:\/\/diecast.cl\/wp-content\/uploads\/2017\/11\/logodiecastmasters.jpg\" alt=\"diecast masters\" width=\"141\" height=\"135\" \/><\/p>\n","protected":false},"featured_media":15372,"comment_status":"open","ping_status":"closed","template":"","meta":{"_joinchat":[]},"product_brand":[],"product_cat":[418],"product_tag":[270,230,112,113,118,114],"class_list":{"0":"post-3688","1":"product","2":"type-product","3":"status-publish","4":"has-post-thumbnail","6":"product_cat-cargadores-frontales","7":"product_tag-972m","8":"product_tag-cargador-frontal","9":"product_tag-caterpillar","10":"product_tag-diecast-masters","11":"product_tag-maquinaria","12":"product_tag-mineria","14":"first","15":"outofstock","16":"featured","17":"shipping-taxable","18":"purchasable","19":"product-type-simple"},"_links":{"self":[{"href":"https:\/\/tiendafinning.com\/index.php\/wp-json\/wp\/v2\/product\/3688","targetHints":{"allow":["GET"]}}],"collection":[{"href":"https:\/\/tiendafinning.com\/index.php\/wp-json\/wp\/v2\/product"}],"about":[{"href":"https:\/\/tiendafinning.com\/index.php\/wp-json\/wp\/v2\/types\/product"}],"replies":[{"embeddable":true,"href":"https:\/\/tiendafinning.com\/index.php\/wp-json\/wp\/v2\/comments?post=3688"}],"wp:featuredmedia":[{"embeddable":true,"href":"https:\/\/tiendafinning.com\/index.php\/wp-json\/wp\/v2\/media\/15372"}],"wp:attachment":[{"href":"https:\/\/tiendafinning.com\/index.php\/wp-json\/wp\/v2\/media?parent=3688"}],"wp:term":[{"taxonomy":"product_brand","embeddable":true,"href":"https:\/\/tiendafinning.com\/index.php\/wp-json\/wp\/v2\/product_brand?post=3688"},{"taxonomy":"product_cat","embeddable":true,"href":"https:\/\/tiendafinning.com\/index.php\/wp-json\/wp\/v2\/product_cat?post=3688"},{"taxonomy":"product_tag","embeddable":true,"href":"https:\/\/tiendafinning.com\/index.php\/wp-json\/wp\/v2\/product_tag?post=3688"}],"curies":[{"name":"wp","href":"https:\/\/api.w.org\/{rel}","templated":true}]}}