{"id":3684,"date":"2018-03-08T15:23:17","date_gmt":"2018-03-08T15:23:17","guid":{"rendered":"https:\/\/tiendafinning.casanova.cl\/?post_type=product&#038;p=3684"},"modified":"2025-02-06T15:45:19","modified_gmt":"2025-02-06T15:45:19","slug":"retroexcavadora-cat-420f2-it-2","status":"publish","type":"product","link":"https:\/\/tiendafinning.com\/index.php\/product\/retroexcavadora-cat-420f2-it-2\/","title":{"rendered":"Retroexcavadora 420F2 IT Cat"},"content":{"rendered":"<ul>\n<li><strong>Estado de Art\u00edculo:<\/strong>\u00a0Nuevo<\/li>\n<li><strong>Accesorios:<\/strong>\u00a0Si<\/li>\n<li><strong>Marca:<\/strong>\u00a0DieCast Masters<\/li>\n<li><strong>Modelo:\u00a0<\/strong>420F2 IT<\/li>\n<li><strong>Escala:<\/strong>\u00a01:50<\/li>\n<li><strong>Marca de Veh\u00edculo:<\/strong>\u00a0Caterpillar<\/li>\n<li><strong>C\u00f3digo:<\/strong>\u00a085233<\/li>\n<li><strong>Rango de edad recomendado:<\/strong>\u00a014 <\/li>\n<li><strong>Dimensiones del producto:\u00a0<\/strong>17.5cm x 8cm x 7.5cm<\/li>\n<li><strong>Dimensiones de la caja:\u00a0<\/strong>23.5cm x 12cm x 13.5cm<\/li>\n<li><strong>Peso del producto:<\/strong>\u00a0200Gr<\/li>\n<li><strong>Peso con<\/strong><strong>\u00a0caja:\u00a0<\/strong>755Gr<\/li>\n<li><strong>Material:<\/strong>\u00a0Fundici\u00f3n<\/li>\n<li><strong>Color:<\/strong>\u00a0Amarillo<\/li>\n<\/ul>\n<p><strong><span style=\"font-size: 17px;\">Especificaciones:<\/span><\/strong><\/p>\n<ul>\n<li>Autentico modelo hecho de metal fundido a presi\u00f3n.<\/li>\n<li>Interior de la cabina detallado, incluido el operador.<\/li>\n<li>La pluma sube, baja y se balancea.<\/li>\n<li>Direcci\u00f3n de la rueda delantera con eje oscilante.<\/li>\n<li>Dise\u00f1o aut\u00e9ntico de la banda de rodadura del neum\u00e1tico.<\/li>\n<\/ul>\n","protected":false},"excerpt":{"rendered":"<p>Material: Met\u00e1lico con ruedas\u00a0de goma<\/p>\n<p>Articulado<\/p>\n<p>Incluye: Operario<\/p>\n<p>Escala 1:50<\/p>\n<p><img decoding=\"async\" class=\"alignnone wp-image-1082\" src=\"http:\/\/diecast.cl\/wp-content\/uploads\/2017\/11\/logodiecastmasters.jpg\" alt=\"diecast masters\" width=\"134\" height=\"128\" \/><\/p>\n","protected":false},"featured_media":15367,"comment_status":"open","ping_status":"closed","template":"","meta":{"_joinchat":[]},"product_brand":[],"product_cat":[413,415],"product_tag":[266,112,113,114,213],"class_list":{"0":"post-3684","1":"product","2":"type-product","3":"status-publish","4":"has-post-thumbnail","6":"product_cat-excavadoras","7":"product_cat-retroexcavadoras","8":"product_tag-420f2","9":"product_tag-caterpillar","10":"product_tag-diecast-masters","11":"product_tag-mineria","12":"product_tag-retroexcavadora","14":"first","15":"outofstock","16":"shipping-taxable","17":"purchasable","18":"product-type-simple"},"_links":{"self":[{"href":"https:\/\/tiendafinning.com\/index.php\/wp-json\/wp\/v2\/product\/3684","targetHints":{"allow":["GET"]}}],"collection":[{"href":"https:\/\/tiendafinning.com\/index.php\/wp-json\/wp\/v2\/product"}],"about":[{"href":"https:\/\/tiendafinning.com\/index.php\/wp-json\/wp\/v2\/types\/product"}],"replies":[{"embeddable":true,"href":"https:\/\/tiendafinning.com\/index.php\/wp-json\/wp\/v2\/comments?post=3684"}],"wp:featuredmedia":[{"embeddable":true,"href":"https:\/\/tiendafinning.com\/index.php\/wp-json\/wp\/v2\/media\/15367"}],"wp:attachment":[{"href":"https:\/\/tiendafinning.com\/index.php\/wp-json\/wp\/v2\/media?parent=3684"}],"wp:term":[{"taxonomy":"product_brand","embeddable":true,"href":"https:\/\/tiendafinning.com\/index.php\/wp-json\/wp\/v2\/product_brand?post=3684"},{"taxonomy":"product_cat","embeddable":true,"href":"https:\/\/tiendafinning.com\/index.php\/wp-json\/wp\/v2\/product_cat?post=3684"},{"taxonomy":"product_tag","embeddable":true,"href":"https:\/\/tiendafinning.com\/index.php\/wp-json\/wp\/v2\/product_tag?post=3684"}],"curies":[{"name":"wp","href":"https:\/\/api.w.org\/{rel}","templated":true}]}}