{"id":3618,"date":"2017-12-15T17:02:31","date_gmt":"2017-12-15T17:02:31","guid":{"rendered":"https:\/\/tiendafinning.casanova.cl\/?post_type=product&#038;p=3618"},"modified":"2024-10-02T15:03:20","modified_gmt":"2024-10-02T15:03:20","slug":"excavadora-hidraulica-cat-330d-l","status":"publish","type":"product","link":"https:\/\/tiendafinning.com\/index.php\/product\/excavadora-hidraulica-cat-330d-l\/","title":{"rendered":"Excavadora Hidr\u00e1ulica 330D L\u00a0Cat"},"content":{"rendered":"<div id=\"shopify-section-template--16689878827251__page\" class=\"shopify-section\">\n<div class=\"row product__row max-width product__row--default\" data-product-holder=\"\">\n<div id=\"product--page\" class=\"col-12 col-md-6 product__page--info unflex\">\n<form id=\"product_form_1546400006259\" class=\"shopify-product-form preorder-now-active\" accept-charset=\"UTF-8\" action=\"https:\/\/catserviceperu.com\/cart\/add\" enctype=\"multipart\/form-data\" method=\"post\">\n<div class=\"col-12 max-width unflex tab__container tab__container--product no-gap\">\n<div id=\"tab--31616cf9-efd8-4d37-b3c2-f0de74751fac\" class=\"product--tab__content tab--show \">\n<ul>\n<li><strong>Estado de Art\u00edculo:<\/strong>\u00a0Nuevo<\/li>\n<li><strong>Accesorios:<\/strong>\u00a0No<\/li>\n<li><strong>Marca:<\/strong>\u00a0DieCast Masters<\/li>\n<li><strong>Modelo:<\/strong>\u00a0330D L<\/li>\n<li><strong>Escala:<\/strong>\u00a01:50<\/li>\n<li><strong>Marca de Veh\u00edculo:<\/strong>\u00a0Caterpillar<\/li>\n<li><strong>C\u00f3digo:\u00a0<\/strong>85199<\/li>\n<li><strong>Rango de edad recomendado:<\/strong>\u00a014 <\/li>\n<li><strong>Dimensiones del producto:<\/strong>\u00a022.5cm x 6.5cm x 10cm<\/li>\n<li><strong>Dimensiones de la caja:\u00a0<\/strong>28cm x 15cm x 14.5cm<\/li>\n<li><strong>Peso del producto:<\/strong>\u00a0490Gr<\/li>\n<li><strong>Peso con caja:\u00a0<\/strong>800Gr<\/li>\n<li><strong>Material:<\/strong>\u00a0Fundici\u00f3n<\/li>\n<li><strong>Color:<\/strong>\u00a0Amarillo<\/li>\n<\/ul>\n<p><strong><span style=\"font-size: 17px;\">Especificaciones:<\/span><\/strong><\/p>\n<ul>\n<li>Aut\u00e9ntico modelo hecho de metal fundido a presi\u00f3n.<\/li>\n<li>Orugas de metal.<\/li>\n<li>Gira 360\u00b0.<\/li>\n<li>Pluma, balanc\u00edn y cuchar\u00f3n m\u00f3viles.<\/li>\n<li>Mangueras y pasamanos realistas.<\/li>\n<\/ul>\n<\/div>\n<\/div>\n<\/form>\n<\/div>\n<\/div>\n<\/div>\n<div id=\"shopify-section-template--16689878827251__8e419e1e-337b-4af6-99c9-29acae749e99\" class=\"shopify-section\">\n<div id=\"s--template--16689878827251__8e419e1e-337b-4af6-99c9-29acae749e99\" class=\"inherit middle layout__boxed bg__middle s__holder row lazyloaded\">\n<div class=\"row center layout__content s__content\"><\/div>\n<\/div>\n<\/div>\n<p style=\"margin: 0cm; margin-bottom: .0001pt;\">\n","protected":false},"excerpt":{"rendered":"<p>Material: Met\u00e1lico<\/p>\n<p>Articulado<\/p>\n<p>Incluye: Operador<\/p>\n<p>Escala 1:50<\/p>\n<p><img decoding=\"async\" class=\"alignnone wp-image-1082\" src=\"http:\/\/diecast.cl\/wp-content\/uploads\/2017\/11\/logodiecastmasters.jpg\" alt=\"diecast masters\" width=\"120\" height=\"115\" \/><\/p>\n","protected":false},"featured_media":15349,"comment_status":"open","ping_status":"closed","template":"","meta":{"_joinchat":[]},"product_brand":[],"product_cat":[413],"product_tag":[112,113,200,118],"class_list":{"0":"post-3618","1":"product","2":"type-product","3":"status-publish","4":"has-post-thumbnail","6":"product_cat-excavadoras","7":"product_tag-caterpillar","8":"product_tag-diecast-masters","9":"product_tag-excavadora","10":"product_tag-maquinaria","12":"first","13":"outofstock","14":"shipping-taxable","15":"purchasable","16":"product-type-simple"},"_links":{"self":[{"href":"https:\/\/tiendafinning.com\/index.php\/wp-json\/wp\/v2\/product\/3618","targetHints":{"allow":["GET"]}}],"collection":[{"href":"https:\/\/tiendafinning.com\/index.php\/wp-json\/wp\/v2\/product"}],"about":[{"href":"https:\/\/tiendafinning.com\/index.php\/wp-json\/wp\/v2\/types\/product"}],"replies":[{"embeddable":true,"href":"https:\/\/tiendafinning.com\/index.php\/wp-json\/wp\/v2\/comments?post=3618"}],"wp:featuredmedia":[{"embeddable":true,"href":"https:\/\/tiendafinning.com\/index.php\/wp-json\/wp\/v2\/media\/15349"}],"wp:attachment":[{"href":"https:\/\/tiendafinning.com\/index.php\/wp-json\/wp\/v2\/media?parent=3618"}],"wp:term":[{"taxonomy":"product_brand","embeddable":true,"href":"https:\/\/tiendafinning.com\/index.php\/wp-json\/wp\/v2\/product_brand?post=3618"},{"taxonomy":"product_cat","embeddable":true,"href":"https:\/\/tiendafinning.com\/index.php\/wp-json\/wp\/v2\/product_cat?post=3618"},{"taxonomy":"product_tag","embeddable":true,"href":"https:\/\/tiendafinning.com\/index.php\/wp-json\/wp\/v2\/product_tag?post=3618"}],"curies":[{"name":"wp","href":"https:\/\/api.w.org\/{rel}","templated":true}]}}