{"id":3616,"date":"2017-12-15T14:58:10","date_gmt":"2017-12-15T14:58:10","guid":{"rendered":"https:\/\/tiendafinning.casanova.cl\/?post_type=product&#038;p=3616"},"modified":"2026-02-05T18:24:21","modified_gmt":"2026-02-05T18:24:21","slug":"cargador-frontal-cat-950m","status":"publish","type":"product","link":"https:\/\/tiendafinning.com\/index.php\/product\/cargador-frontal-cat-950m\/","title":{"rendered":"Cargador Frontal 950M Cat"},"content":{"rendered":"<ul>\n<li><strong>Estado de Art\u00edculo:<\/strong>\u00a0Nuevo<\/li>\n<li><strong>Accesorios:<\/strong>\u00a0No<\/li>\n<li><strong>Marca:<\/strong>\u00a0DieCast Masters<\/li>\n<li><strong>Modelo:<\/strong>\u00a0950M<\/li>\n<li><strong>Escala:<\/strong>\u00a01:50<\/li>\n<li><strong>Marca de Veh\u00edculo:<\/strong>\u00a0Caterpillar<\/li>\n<li><strong>C\u00f3digo:<\/strong>\u00a085914<\/li>\n<li><strong>Rango de edad recomendado:<\/strong>\u00a014 <\/li>\n<li><strong>Dimensiones del producto:\u00a0<\/strong>18.5cm x 7cm x 6cm<\/li>\n<li><strong>Dimensiones del producto:\u00a0<\/strong>23.5cm x 13cm x 12cm<\/li>\n<li><strong>Peso del producto:<\/strong>\u00a0360Gr<\/li>\n<li><strong>Peso con caja:\u00a0<\/strong>890Gr<\/li>\n<li><strong>Material:<\/strong>\u00a0Fundici\u00f3n<\/li>\n<li><strong>Color:<\/strong>\u00a0Amarillo<\/li>\n<\/ul>\n<p><span style=\"font-size: 17px;\"><strong>Especificaciones:<\/strong><\/span><\/p>\n<ul>\n<li>Interior detallado de la cabina, incluido el operador.<\/li>\n<li>Aut\u00e9ntico modelo hecho de metal fundido a presi\u00f3n.<\/li>\n<li>Los brazos de elevaci\u00f3n suben y bajan.<\/li>\n<li>Cucharon carga y descarga.<\/li>\n<li>Direcci\u00f3n articulada.<\/li>\n<li>Barandas aut\u00e9nticas y barras de apoyo.<\/li>\n<li>Dise\u00f1o aut\u00e9ntico de la banda de rodadura del neum\u00e1tico.<\/li>\n<\/ul>\n","protected":false},"excerpt":{"rendered":"<p>Escala 1:50<\/p>\n<p><img decoding=\"async\" class=\"alignnone wp-image-1082\" src=\"http:\/\/diecast.cl\/wp-content\/uploads\/2017\/11\/logodiecastmasters.jpg\" alt=\"diecast masters\" width=\"120\" height=\"114\" \/><\/p>\n","protected":false},"featured_media":15348,"comment_status":"open","ping_status":"closed","template":"","meta":{"_joinchat":[]},"product_brand":[],"product_cat":[418],"product_tag":[230,112,113,118,114],"class_list":{"0":"post-3616","1":"product","2":"type-product","3":"status-publish","4":"has-post-thumbnail","6":"product_cat-cargadores-frontales","7":"product_tag-cargador-frontal","8":"product_tag-caterpillar","9":"product_tag-diecast-masters","10":"product_tag-maquinaria","11":"product_tag-mineria","13":"first","14":"outofstock","15":"shipping-taxable","16":"purchasable","17":"product-type-simple"},"_links":{"self":[{"href":"https:\/\/tiendafinning.com\/index.php\/wp-json\/wp\/v2\/product\/3616","targetHints":{"allow":["GET"]}}],"collection":[{"href":"https:\/\/tiendafinning.com\/index.php\/wp-json\/wp\/v2\/product"}],"about":[{"href":"https:\/\/tiendafinning.com\/index.php\/wp-json\/wp\/v2\/types\/product"}],"replies":[{"embeddable":true,"href":"https:\/\/tiendafinning.com\/index.php\/wp-json\/wp\/v2\/comments?post=3616"}],"wp:featuredmedia":[{"embeddable":true,"href":"https:\/\/tiendafinning.com\/index.php\/wp-json\/wp\/v2\/media\/15348"}],"wp:attachment":[{"href":"https:\/\/tiendafinning.com\/index.php\/wp-json\/wp\/v2\/media?parent=3616"}],"wp:term":[{"taxonomy":"product_brand","embeddable":true,"href":"https:\/\/tiendafinning.com\/index.php\/wp-json\/wp\/v2\/product_brand?post=3616"},{"taxonomy":"product_cat","embeddable":true,"href":"https:\/\/tiendafinning.com\/index.php\/wp-json\/wp\/v2\/product_cat?post=3616"},{"taxonomy":"product_tag","embeddable":true,"href":"https:\/\/tiendafinning.com\/index.php\/wp-json\/wp\/v2\/product_tag?post=3616"}],"curies":[{"name":"wp","href":"https:\/\/api.w.org\/{rel}","templated":true}]}}