{"id":3614,"date":"2021-02-04T13:42:31","date_gmt":"2021-02-04T13:42:31","guid":{"rendered":"https:\/\/tiendafinning.com\/?post_type=product&#038;p=3614"},"modified":"2024-04-05T12:26:31","modified_gmt":"2024-04-05T12:26:31","slug":"cargador-frontal-liebherr-l574","status":"publish","type":"product","link":"https:\/\/tiendafinning.com\/index.php\/product\/cargador-frontal-liebherr-l574\/","title":{"rendered":"Cargador Frontal Liebherr L574"},"content":{"rendered":"<p>La cargadora de ruedas Liebherr L574 tiene una gran pala frontal basculante que se maneja con una mano gracias a la mec\u00e1nica de pala recientemente desarrollada. La direcci\u00f3n articulada y el eje trasero todoterreno garantizan la facilidad de maniobra.\u00a0El cap\u00f3 del motor tambi\u00e9n se puede abrir para ver el bloque del motor y los neum\u00e1ticos de la banda de rodadura completan el cuadro.\u00a0Para aumentar la diversi\u00f3n de jugar, la cargadora de ruedas Liebherr L574 puede equiparse con neum\u00e1ticos de repuesto, art.\u00a0n.\u00ba: 02404 (no incluido).<\/p>\n<h3 class=\"p-heading p-heading--h3\">Cuerpo automotriz<\/h3>\n<div class=\"e-article-details__list-wrapper p-paragraph\">\n<ul class=\"articleHighlightsList\">\n<li>gran pala delantera basculante<\/li>\n<li>el cap\u00f3 del motor se puede abrir<\/li>\n<\/ul>\n<\/div>\n<h3 class=\"p-heading p-heading--h3\">Chasis<\/h3>\n<div class=\"e-article-details__list-wrapper p-paragraph\">\n<ul class=\"articleHighlightsList\">\n<li>eje trasero todoterreno<\/li>\n<li>direcci\u00f3n articulada<\/li>\n<li>llantas de rodadura<\/li>\n<\/ul>\n<\/div>\n<h3 class=\"p-heading p-heading--h3\">M\u00e1s informaci\u00f3n<\/h3>\n<div class=\"e-article-details__list-wrapper p-paragraph\">\n<ul class=\"articleHighlightsList\">\n<li>operaci\u00f3n con una sola mano debido a la mec\u00e1nica de pala recientemente desarrollada<\/li>\n<\/ul>\n<\/div>\n<h3 class=\"p-heading p-heading--h3\">Com\u00fan<\/h3>\n<div class=\"e-article-details__list-wrapper p-paragraph\">\n<ul class=\"articleHighlightsList\">\n<li>\u00a1ADVERTENCIA!\u00a0No apto para ni\u00f1os menores de 36 meses.\u00a0Peligro de asfixia: piezas peque\u00f1as.<\/li>\n<li>Edad recomendada: a partir de 4 a\u00f1os para jugar en interior y exterior<\/li>\n<li>Recibi\u00f3 el premio Spiel Gut;\u00a0Para obtener m\u00e1s informaci\u00f3n, visite spielgut.org<\/li>\n<li>Fabricado con pl\u00e1sticos de alta calidad como ABS.<\/li>\n<li>Compatible con la figura<\/li>\n<li>Hecho por Bruder<\/li>\n<li>Escala 1:16<\/li>\n<\/ul>\n<p><img decoding=\"async\" class=\"\" src=\"https:\/\/www.bruder.de\/fileadmin\/user_upload\/shopware_media\/ea\/d3\/c8\/badge-age-4.jpg\" alt=\"Edad recomendada: a partir de 4 a\u00f1os para jugar en interior y exterior\" width=\"85\" height=\"99\" \/><img decoding=\"async\" class=\"\" src=\"https:\/\/www.bruder.de\/fileadmin\/user_upload\/shopware_media\/1d\/c5\/21\/badge-bruder-germany.jpg\" alt=\"Hecho por Bruder\" width=\"101\" height=\"101\" \/><img decoding=\"async\" class=\"\" src=\"https:\/\/www.bruder.de\/fileadmin\/user_upload\/shopware_media\/87\/28\/31\/badge-funktion-motorhaube.jpg\" alt=\"el cap\u00f3 del motor se puede abrir\" width=\"100\" height=\"100\" \/><img loading=\"lazy\" decoding=\"async\" class=\"\" src=\"https:\/\/www.bruder.de\/fileadmin\/user_upload\/shopware_media\/36\/8b\/04\/badge-funktion-lenkbar.jpg\" alt=\"direcci\u00f3n articulada\" width=\"101\" height=\"101\" \/><img loading=\"lazy\" decoding=\"async\" class=\"\" src=\"https:\/\/www.bruder.de\/fileadmin\/user_upload\/shopware_media\/57\/c5\/0a\/badge-spielgut.jpg\" alt=\"Recibi\u00f3 el premio Spiel Gut; Para obtener m\u00e1s informaci\u00f3n, visite spielgut.org\" width=\"102\" height=\"102\" \/><img loading=\"lazy\" decoding=\"async\" class=\"\" src=\"https:\/\/www.bruder.de\/fileadmin\/user_upload\/shopware_media\/b0\/bd\/db\/badge-3-years.jpg\" alt=\"\u00a1ADVERTENCIA! No apto para ni\u00f1os menores de 36 meses. Peligro de asfixia: piezas peque\u00f1as.\" width=\"98\" height=\"98\" \/><img loading=\"lazy\" decoding=\"async\" class=\"\" src=\"https:\/\/www.bruder.de\/fileadmin\/user_upload\/shopware_media\/54\/f0\/c7\/badge-bworld.jpg\" alt=\"Compatible con la figura\" width=\"91\" height=\"102\" \/><\/p>\n<\/div>\n","protected":false},"excerpt":{"rendered":"<p>Tama\u00f1o: 52,5 x 18,5 x 22,5 cm.<\/p>\n<p>Escala 1:16<\/p>\n<p><img loading=\"lazy\" decoding=\"async\" class=\"alignnone wp-image-3611\" src=\"https:\/\/diecast.cl\/wp-content\/uploads\/2021\/02\/Bruder-Logo-300x103.png\" alt=\"\" width=\"244\" height=\"84\" \/><\/p>\n","protected":false},"featured_media":13956,"comment_status":"open","ping_status":"closed","template":"","meta":{"_joinchat":[]},"product_brand":[],"product_cat":[],"product_tag":[230],"class_list":{"0":"post-3614","1":"product","2":"type-product","3":"status-publish","4":"has-post-thumbnail","6":"product_tag-cargador-frontal","8":"first","9":"outofstock","10":"shipping-taxable","11":"purchasable","12":"product-type-simple"},"_links":{"self":[{"href":"https:\/\/tiendafinning.com\/index.php\/wp-json\/wp\/v2\/product\/3614","targetHints":{"allow":["GET"]}}],"collection":[{"href":"https:\/\/tiendafinning.com\/index.php\/wp-json\/wp\/v2\/product"}],"about":[{"href":"https:\/\/tiendafinning.com\/index.php\/wp-json\/wp\/v2\/types\/product"}],"replies":[{"embeddable":true,"href":"https:\/\/tiendafinning.com\/index.php\/wp-json\/wp\/v2\/comments?post=3614"}],"wp:featuredmedia":[{"embeddable":true,"href":"https:\/\/tiendafinning.com\/index.php\/wp-json\/wp\/v2\/media\/13956"}],"wp:attachment":[{"href":"https:\/\/tiendafinning.com\/index.php\/wp-json\/wp\/v2\/media?parent=3614"}],"wp:term":[{"taxonomy":"product_brand","embeddable":true,"href":"https:\/\/tiendafinning.com\/index.php\/wp-json\/wp\/v2\/product_brand?post=3614"},{"taxonomy":"product_cat","embeddable":true,"href":"https:\/\/tiendafinning.com\/index.php\/wp-json\/wp\/v2\/product_cat?post=3614"},{"taxonomy":"product_tag","embeddable":true,"href":"https:\/\/tiendafinning.com\/index.php\/wp-json\/wp\/v2\/product_tag?post=3614"}],"curies":[{"name":"wp","href":"https:\/\/api.w.org\/{rel}","templated":true}]}}