{"id":3608,"date":"2017-12-14T16:46:01","date_gmt":"2017-12-14T16:46:01","guid":{"rendered":"https:\/\/tiendafinning.casanova.cl\/?post_type=product&#038;p=3608"},"modified":"2025-09-15T18:18:23","modified_gmt":"2025-09-15T18:18:23","slug":"excavadora-cat-336e-h-hybrid","status":"publish","type":"product","link":"https:\/\/tiendafinning.com\/index.php\/product\/excavadora-cat-336e-h-hybrid\/","title":{"rendered":"Excavadora 336E H HYBRI1 Cat"},"content":{"rendered":"<ul>\n<li><strong>Estado de Art\u00edculo:<\/strong>\u00a0Nuevo<\/li>\n<li><strong>Accesorios:<\/strong>\u00a0No<\/li>\n<li><strong>Marca:<\/strong>\u00a0DieCast Masters<\/li>\n<li><strong>Modelo:<\/strong>\u00a0336E H<\/li>\n<li><strong>Escala:<\/strong>\u00a01:50<\/li>\n<li><strong>Marca de Veh\u00edculo:<\/strong>\u00a0Caterpillar<\/li>\n<li><strong>C\u00f3digo:\u00a0<\/strong>85279<\/li>\n<li><strong>Rango de edad recomendado:<\/strong>\u00a014 <\/li>\n<li><strong>Dimensiones del producto:<\/strong>\u00a021.5cm x 6.5cm x 9.5cm<\/li>\n<li><strong>Dimensiones de la caja:\u00a0<\/strong>23.5cm x 12cm x 13.5cm<\/li>\n<li><strong>Peso del producto:\u00a0<\/strong>510Gr<\/li>\n<li><b>Peso con caja:\u00a0<\/b>1.1Kg<\/li>\n<li><strong>Material:<\/strong>\u00a0Fundici\u00f3n<\/li>\n<li><strong>Color:<\/strong>\u00a0Amarillo<\/li>\n<\/ul>\n<p><strong><span style=\"font-size: 17px;\">Especificaciones:<\/span><\/strong><\/p>\n<ul>\n<li>Aut\u00e9ntico modelo hecho de metal fundido a presi\u00f3n<\/li>\n<li>Interior de la cabina detallado, incluido el operador<\/li>\n<li>Pistas de metal realistas<\/li>\n<li>Pluma, balanc\u00edn y cuchar\u00f3n m\u00f3viles<\/li>\n<li>Gira 360 \u00b0 en el tren de rodaje<\/li>\n<li>Mangueras y pasamanos realistas.<\/li>\n<\/ul>\n","protected":false},"excerpt":{"rendered":"<p>Material: Met\u00e1lico<\/p>\n<p>Incluye: Operador<\/p>\n<p>Escala 1:50<\/p>\n<p><img decoding=\"async\" class=\"alignnone wp-image-1082\" src=\"http:\/\/diecast.cl\/wp-content\/uploads\/2017\/11\/logodiecastmasters.jpg\" alt=\"diecast masters\" width=\"115\" height=\"110\" \/><\/p>\n<p><em>\u00a0<\/em><\/p>\n","protected":false},"featured_media":15342,"comment_status":"open","ping_status":"closed","template":"","meta":{"_joinchat":[]},"product_brand":[],"product_cat":[413],"product_tag":[112,113,200,114],"class_list":{"0":"post-3608","1":"product","2":"type-product","3":"status-publish","4":"has-post-thumbnail","6":"product_cat-excavadoras","7":"product_tag-caterpillar","8":"product_tag-diecast-masters","9":"product_tag-excavadora","10":"product_tag-mineria","12":"first","13":"instock","14":"shipping-taxable","15":"purchasable","16":"product-type-simple"},"_links":{"self":[{"href":"https:\/\/tiendafinning.com\/index.php\/wp-json\/wp\/v2\/product\/3608","targetHints":{"allow":["GET"]}}],"collection":[{"href":"https:\/\/tiendafinning.com\/index.php\/wp-json\/wp\/v2\/product"}],"about":[{"href":"https:\/\/tiendafinning.com\/index.php\/wp-json\/wp\/v2\/types\/product"}],"replies":[{"embeddable":true,"href":"https:\/\/tiendafinning.com\/index.php\/wp-json\/wp\/v2\/comments?post=3608"}],"wp:featuredmedia":[{"embeddable":true,"href":"https:\/\/tiendafinning.com\/index.php\/wp-json\/wp\/v2\/media\/15342"}],"wp:attachment":[{"href":"https:\/\/tiendafinning.com\/index.php\/wp-json\/wp\/v2\/media?parent=3608"}],"wp:term":[{"taxonomy":"product_brand","embeddable":true,"href":"https:\/\/tiendafinning.com\/index.php\/wp-json\/wp\/v2\/product_brand?post=3608"},{"taxonomy":"product_cat","embeddable":true,"href":"https:\/\/tiendafinning.com\/index.php\/wp-json\/wp\/v2\/product_cat?post=3608"},{"taxonomy":"product_tag","embeddable":true,"href":"https:\/\/tiendafinning.com\/index.php\/wp-json\/wp\/v2\/product_tag?post=3608"}],"curies":[{"name":"wp","href":"https:\/\/api.w.org\/{rel}","templated":true}]}}