{"id":3296,"date":"2020-11-27T19:47:23","date_gmt":"2020-11-27T19:47:23","guid":{"rendered":"https:\/\/tiendafinning.casanova.cl\/?post_type=product&#038;p=3296"},"modified":"2025-08-23T20:47:27","modified_gmt":"2025-08-23T20:47:27","slug":"bulldozer-cat-d11t-color-plata-mateado","status":"publish","type":"product","link":"https:\/\/tiendafinning.com\/index.php\/product\/bulldozer-cat-d11t-color-plata-mateado\/","title":{"rendered":"Bulldozer Cat D11T"},"content":{"rendered":"<ul>\n<li><strong>Estado de Art\u00edculo:<\/strong>\u00a0Nuevo<\/li>\n<li><strong>Accesorios:<\/strong>\u00a0No<\/li>\n<li><strong>Marca:<\/strong>\u00a0DieCast Masters<\/li>\n<li><strong>Modelo:<\/strong>\u00a0D11T<\/li>\n<li><strong>Escala:<\/strong>\u00a01:50<\/li>\n<li><strong>A\u00f1o de Fabricaci\u00f3n:<\/strong>\u00a02016<\/li>\n<li><strong>Marca de Veh\u00edculo:<\/strong>\u00a0Caterpillar<\/li>\n<li><strong>C\u00f3digo:<\/strong>\u00a085252<\/li>\n<li><strong>Rango de edad recomendado:<\/strong>\u00a014+<\/li>\n<li><strong>Dimensiones del producto:<\/strong>\u00a024cm x 13cm x 10.5cm<\/li>\n<li><strong>Peso del producto:<\/strong>\u00a02.7Kg<\/li>\n<li><strong>Material:<\/strong>\u00a0Fundici\u00f3n<\/li>\n<li><strong>Color:<\/strong>\u00a0Plateado<\/li>\n<\/ul>\n<p><strong><span style=\"font-size: 17px;\">Especificaciones:<\/span><\/strong><\/p>\n<p>Con un acabado plateado mate \u00fanico, que se sumerge a mano, luego es pulido cuidadosamente, de seguro ser\u00e1 el favorito de los coleccionistas.\u00a0Presentado en un paquete con tapa abatible de alta calidad, con el modelo configurado en una base de espejo extra\u00edble, este dise\u00f1o especial del Cat D11T Track-Type Tractor serie JEL en escala 1:50 seguramente ser\u00e1 la atracci\u00f3n estrella de cualquier colecci\u00f3n.<\/p>\n<p>En la superficie superior lleva\u00a0una placa grabada que dice \u00abCat D11T Track-Type Tractor\u00bb.\u00a0Esta placa tambi\u00e9n es extra\u00edble y reversible, lo que permite a los clientes colocar su propio mensaje personalizado en el otro lado.\u00a0Los ejemplos de mensajes podr\u00edan ser: \u00abDisfrute de su jubilaci\u00f3n\u00bb o \u00abMuchas gracias por su servicio\u00bb, solo por nombrar algunos.\u00a0El material es Diecast, que consiste en la fabricaci\u00f3n met\u00e1lica (hierro fundido) mediante moldaje de alta presi\u00f3n, tiene cadenas m\u00f3viles de metal, cuchilla y ripper ajustables e interior de la cabina detallado.<\/p>\n","protected":false},"excerpt":{"rendered":"<p>Color: Plata mateado<\/p>\n<p>Escala 1:50<\/p>\n<p><img decoding=\"async\" class=\"alignnone wp-image-3218\" src=\"https:\/\/diecast.cl\/wp-content\/uploads\/2020\/11\/DM.png\" alt=\"\" width=\"154\" height=\"141\" \/><\/p>\n","protected":false},"featured_media":13927,"comment_status":"open","ping_status":"closed","template":"","meta":{"_joinchat":[]},"product_brand":[],"product_cat":[414],"product_tag":[235,112,113,114],"class_list":{"0":"post-3296","1":"product","2":"type-product","3":"status-publish","4":"has-post-thumbnail","6":"product_cat-bulldozer","7":"product_tag-bulldozer","8":"product_tag-caterpillar","9":"product_tag-diecast-masters","10":"product_tag-mineria","12":"first","13":"outofstock","14":"featured","15":"shipping-taxable","16":"purchasable","17":"product-type-simple"},"_links":{"self":[{"href":"https:\/\/tiendafinning.com\/index.php\/wp-json\/wp\/v2\/product\/3296","targetHints":{"allow":["GET"]}}],"collection":[{"href":"https:\/\/tiendafinning.com\/index.php\/wp-json\/wp\/v2\/product"}],"about":[{"href":"https:\/\/tiendafinning.com\/index.php\/wp-json\/wp\/v2\/types\/product"}],"replies":[{"embeddable":true,"href":"https:\/\/tiendafinning.com\/index.php\/wp-json\/wp\/v2\/comments?post=3296"}],"wp:featuredmedia":[{"embeddable":true,"href":"https:\/\/tiendafinning.com\/index.php\/wp-json\/wp\/v2\/media\/13927"}],"wp:attachment":[{"href":"https:\/\/tiendafinning.com\/index.php\/wp-json\/wp\/v2\/media?parent=3296"}],"wp:term":[{"taxonomy":"product_brand","embeddable":true,"href":"https:\/\/tiendafinning.com\/index.php\/wp-json\/wp\/v2\/product_brand?post=3296"},{"taxonomy":"product_cat","embeddable":true,"href":"https:\/\/tiendafinning.com\/index.php\/wp-json\/wp\/v2\/product_cat?post=3296"},{"taxonomy":"product_tag","embeddable":true,"href":"https:\/\/tiendafinning.com\/index.php\/wp-json\/wp\/v2\/product_tag?post=3296"}],"curies":[{"name":"wp","href":"https:\/\/api.w.org\/{rel}","templated":true}]}}