{"id":3037,"date":"2018-03-08T21:32:40","date_gmt":"2018-03-08T21:32:40","guid":{"rendered":"https:\/\/tiendafinning.casanova.cl\/?post_type=product&#038;p=3037"},"modified":"2025-09-19T14:38:32","modified_gmt":"2025-09-19T14:38:32","slug":"camion-minero-cat-777d","status":"publish","type":"product","link":"https:\/\/tiendafinning.com\/index.php\/product\/camion-minero-cat-777d\/","title":{"rendered":"Cami\u00f3n Extracci\u00f3n 777D Cat"},"content":{"rendered":"<ul>\n<li><strong>Estado de Art\u00edculo:<\/strong>\u00a0Nuevo<\/li>\n<li><strong>Accesorios:<\/strong>\u00a0No<\/li>\n<li><strong>Marca:\u00a0<\/strong>Diescast Masters<\/li>\n<li><strong>Modelo:<\/strong>\u00a0777D<\/li>\n<li><strong>Escala:<\/strong>\u00a01:50<\/li>\n<li><strong>Marca de Veh\u00edculo:<\/strong>\u00a0Caterpillar<\/li>\n<li><strong>C\u00f3digo:<\/strong>\u00a085104C<\/li>\n<li><strong>Rango de edad recomendado:<\/strong>\u00a014 <\/li>\n<li><strong>Dimensiones del producto:\u00a0<\/strong>19.5cm x 12cm x 9.5cm<\/li>\n<li><strong>Dimensiones de la caja:\u00a0<\/strong>28cm x 15cm x 14.5cm<\/li>\n<li><strong>Peso del producto:<\/strong>\u00a01.3Kg<\/li>\n<li><strong>Peso con caja:\u00a0<\/strong>1.6Kg<\/li>\n<li><strong>Material:<\/strong>\u00a0Fundici\u00f3n<\/li>\n<li><strong>Color:<\/strong>\u00a0Amarillo<\/li>\n<\/ul>\n<p><strong><span style=\"font-size: 17px;\">Especificaciones:<\/span><\/strong><\/p>\n<ul>\n<li>Aut\u00e9ntico modelo hecho de metal fundido a presi\u00f3n.<\/li>\n<li>Los cilindros de levante suben y bajan.<\/li>\n<li>Direcci\u00f3n en los neum\u00e1ticos.<\/li>\n<li>Barandas aut\u00e9nticas y barras de apoyo.<\/li>\n<li>Dise\u00f1o aut\u00e9ntico de la banda de rodadura del neum\u00e1tico.<\/li>\n<\/ul>\n","protected":false},"excerpt":{"rendered":"<p>Material: Met\u00e1lico con ruedas de goma<\/p>\n<p>Incluye: Operario<\/p>\n<p>Escala 1:50<\/p>\n<p><img decoding=\"async\" class=\"alignnone wp-image-1082\" src=\"http:\/\/diecast.cl\/wp-content\/uploads\/2017\/11\/logodiecastmasters.jpg\" alt=\"diecast masters\" width=\"141\" height=\"135\" \/><\/p>\n<p>&nbsp;<\/p>\n","protected":false},"featured_media":15371,"comment_status":"open","ping_status":"closed","template":"","meta":{"_joinchat":[]},"product_brand":[],"product_cat":[416],"product_tag":[151,108,112,113,114],"class_list":{"0":"post-3037","1":"product","2":"type-product","3":"status-publish","4":"has-post-thumbnail","6":"product_cat-camiones","7":"product_tag-777d","8":"product_tag-camion","9":"product_tag-caterpillar","10":"product_tag-diecast-masters","11":"product_tag-mineria","13":"first","14":"outofstock","15":"shipping-taxable","16":"purchasable","17":"product-type-simple"},"_links":{"self":[{"href":"https:\/\/tiendafinning.com\/index.php\/wp-json\/wp\/v2\/product\/3037","targetHints":{"allow":["GET"]}}],"collection":[{"href":"https:\/\/tiendafinning.com\/index.php\/wp-json\/wp\/v2\/product"}],"about":[{"href":"https:\/\/tiendafinning.com\/index.php\/wp-json\/wp\/v2\/types\/product"}],"replies":[{"embeddable":true,"href":"https:\/\/tiendafinning.com\/index.php\/wp-json\/wp\/v2\/comments?post=3037"}],"wp:featuredmedia":[{"embeddable":true,"href":"https:\/\/tiendafinning.com\/index.php\/wp-json\/wp\/v2\/media\/15371"}],"wp:attachment":[{"href":"https:\/\/tiendafinning.com\/index.php\/wp-json\/wp\/v2\/media?parent=3037"}],"wp:term":[{"taxonomy":"product_brand","embeddable":true,"href":"https:\/\/tiendafinning.com\/index.php\/wp-json\/wp\/v2\/product_brand?post=3037"},{"taxonomy":"product_cat","embeddable":true,"href":"https:\/\/tiendafinning.com\/index.php\/wp-json\/wp\/v2\/product_cat?post=3037"},{"taxonomy":"product_tag","embeddable":true,"href":"https:\/\/tiendafinning.com\/index.php\/wp-json\/wp\/v2\/product_tag?post=3037"}],"curies":[{"name":"wp","href":"https:\/\/api.w.org\/{rel}","templated":true}]}}