{"id":26356,"date":"2025-12-17T15:31:59","date_gmt":"2025-12-17T15:31:59","guid":{"rendered":"https:\/\/tiendafinning.com\/?post_type=product&#038;p=26356"},"modified":"2026-02-19T18:43:30","modified_gmt":"2026-02-19T18:43:30","slug":"banano-caterpillar-4","status":"publish","type":"product","link":"https:\/\/tiendafinning.com\/index.php\/product\/banano-caterpillar-4\/","title":{"rendered":"Banano Caterpillar"},"content":{"rendered":"<article class=\"forusqa-product-description-0-x-descriptionItem descriptionItem-0\" data-open=\"true\">\n<div class=\"forusqa-product-description-0-x-descriptionContent\">\n<div class=\"forusqa-product-description-0-x-descriptionContentWrapper\">\n<h3 class=\"prodName\">Banano Unisex Fuji Gris Oscuro CAT<\/h3>\n<h3 class=\"nweb__descripcion-titulo\">Descripci\u00f3n<\/h3>\n<p>Libertad total. Agilidad urbana. Este banano es la herramienta definitiva para quien se mueve ligero y r\u00e1pido. Dise\u00f1ado para mantener tus esenciales seguros, organizados y siempre a mano, te permite interactuar con el mundo sin distracciones y con las manos libres. Su construcci\u00f3n ultra resistente, inspirada en equipamiento t\u00e1ctico, no solo protege tus pertenencias, sino que declara una actitud de preparaci\u00f3n y eficiencia. No es un simple accesorio, es el comando central de tu vida m\u00f3vil, la pieza que te libera para que te enfoques \u00fanicamente en el camino.<\/p>\n<ul class=\"nweb__bullets-lista\">\n<li>Cintur\u00f3n ajustable con hebilla de liberaci\u00f3n r\u00e1pida<\/li>\n<li>Cincha frontal con elemento reflectante<\/li>\n<li>Bolsillo frontal con solapa y parche de Hypalon para fijar la luz de la bicicleta<\/li>\n<li>Bolsillo con cremallera en un lateral y bolsillo de malla el\u00e1stica en el otro<\/li>\n<li>Parche de Hypalon en la parte frontal<\/li>\n<li>Alto: 15 cm<\/li>\n<li>Ancho: 24 cm<\/li>\n<li>Profundidad: 10 cm<\/li>\n<li>Capacidad: 3 lt<\/li>\n<\/ul>\n<\/div>\n<\/div>\n<\/article>\n<article class=\"forusqa-product-description-0-x-descriptionItem descriptionItem-1\" data-open=\"true\"><\/article>\n<article class=\"forusqa-product-description-0-x-descriptionItem descriptionItem-2\" data-open=\"true\">\n<div class=\"forusqa-product-description-0-x-descriptionContent\"><\/div>\n<\/article>\n","protected":false},"excerpt":{"rendered":"<p><a href=\"https:\/\/diecast.cl\/?attachment_id=5723\" rel=\"attachment wp-att-5723\"><img decoding=\"async\" class=\"alignnone wp-image-5723\" src=\"https:\/\/diecast.cl\/wp-content\/uploads\/2021\/05\/Cat-logo-300x188.png\" alt=\"\" width=\"236\" height=\"148\" \/><\/a><\/p>\n","protected":false},"featured_media":26497,"comment_status":"open","ping_status":"closed","template":"","meta":{"_joinchat":[]},"product_brand":[],"product_cat":[366],"product_tag":[112,438,310,211],"class_list":{"0":"post-26356","1":"product","2":"type-product","3":"status-publish","4":"has-post-thumbnail","6":"product_cat-bolsos-y-mochilas","7":"product_tag-caterpillar","8":"product_tag-gorro","9":"product_tag-merchandising","10":"product_tag-new","12":"first","13":"instock","14":"featured","15":"shipping-taxable","16":"purchasable","17":"product-type-simple"},"_links":{"self":[{"href":"https:\/\/tiendafinning.com\/index.php\/wp-json\/wp\/v2\/product\/26356","targetHints":{"allow":["GET"]}}],"collection":[{"href":"https:\/\/tiendafinning.com\/index.php\/wp-json\/wp\/v2\/product"}],"about":[{"href":"https:\/\/tiendafinning.com\/index.php\/wp-json\/wp\/v2\/types\/product"}],"replies":[{"embeddable":true,"href":"https:\/\/tiendafinning.com\/index.php\/wp-json\/wp\/v2\/comments?post=26356"}],"wp:featuredmedia":[{"embeddable":true,"href":"https:\/\/tiendafinning.com\/index.php\/wp-json\/wp\/v2\/media\/26497"}],"wp:attachment":[{"href":"https:\/\/tiendafinning.com\/index.php\/wp-json\/wp\/v2\/media?parent=26356"}],"wp:term":[{"taxonomy":"product_brand","embeddable":true,"href":"https:\/\/tiendafinning.com\/index.php\/wp-json\/wp\/v2\/product_brand?post=26356"},{"taxonomy":"product_cat","embeddable":true,"href":"https:\/\/tiendafinning.com\/index.php\/wp-json\/wp\/v2\/product_cat?post=26356"},{"taxonomy":"product_tag","embeddable":true,"href":"https:\/\/tiendafinning.com\/index.php\/wp-json\/wp\/v2\/product_tag?post=26356"}],"curies":[{"name":"wp","href":"https:\/\/api.w.org\/{rel}","templated":true}]}}