{"id":26339,"date":"2025-12-17T15:17:36","date_gmt":"2025-12-17T15:17:36","guid":{"rendered":"https:\/\/tiendafinning.com\/?post_type=product&#038;p=26339"},"modified":"2026-02-19T18:43:35","modified_gmt":"2026-02-19T18:43:35","slug":"bolso-caterpillar-2","status":"publish","type":"product","link":"https:\/\/tiendafinning.com\/index.php\/product\/bolso-caterpillar-2\/","title":{"rendered":"Bolso Caterpillar"},"content":{"rendered":"<article class=\"forusqa-product-description-0-x-descriptionItem descriptionItem-0\" data-open=\"true\">\n<div class=\"forusqa-product-description-0-x-descriptionContent\">\n<div class=\"forusqa-product-description-0-x-descriptionContentWrapper\">\n<h3 class=\"prodName\">Bolso Tote Bag Unisex Indiana Verde CAT<\/h3>\n<h3 class=\"nweb__descripcion-titulo\">Descripci\u00f3n<\/h3>\n<p>Para la vida que no cabe en un solo bolsillo. Este bolso es la respuesta al caos diario, un centro de organizaci\u00f3n m\u00f3vil dise\u00f1ado para la persona que lo hace todo. Su revolucionario sistema de compartimentos exteriores pone fin a la b\u00fasqueda a ciegas, d\u00e1ndote visibilidad y acceso inmediato a todo lo que necesitas, justo cuando lo necesitas. Fuerte, espacioso y sorprendentemente ligero, est\u00e1 construido para llevar el peso de tu d\u00eda sin detenerte. No es solo un bolso, es el control que te pones al hombro, la calma de saber que para cada cosa, hay un lugar.<\/p>\n<ul class=\"nweb__bullets-lista\">\n<li>Tejido ligero y repelente al agua<\/li>\n<li>Amplio compartimento principal con cremallera<\/li>\n<li>Bolsillos frontales de malla<\/li>\n<li>Bolsillo interior deslizante<\/li>\n<li>Presillas frontales de cincha para sujetar accesorios<\/li>\n<li>Bolsillos laterales de tela para botella de agua<\/li>\n<li>Alto: 39,5 cm<\/li>\n<li>Ancho: 33,5 cm<\/li>\n<li>Profundidad: 13 cm<\/li>\n<li>Capacidad: 17 lt<\/li>\n<\/ul>\n<\/div>\n<\/div>\n<\/article>\n<article class=\"forusqa-product-description-0-x-descriptionItem descriptionItem-1\" data-open=\"true\"><\/article>\n<article class=\"forusqa-product-description-0-x-descriptionItem descriptionItem-2\" data-open=\"true\">\n<div class=\"forusqa-product-description-0-x-descriptionContent\">\n<div class=\"forusqa-product-description-0-x-descriptionContentWrapper\">\n<p>&nbsp;<\/p>\n<\/div>\n<\/div>\n<\/article>\n","protected":false},"excerpt":{"rendered":"<p><a href=\"https:\/\/diecast.cl\/?attachment_id=5723\" rel=\"attachment wp-att-5723\"><img decoding=\"async\" class=\"alignnone wp-image-5723\" src=\"https:\/\/diecast.cl\/wp-content\/uploads\/2021\/05\/Cat-logo-300x188.png\" alt=\"\" width=\"236\" height=\"148\" \/><\/a><\/p>\n","protected":false},"featured_media":26480,"comment_status":"open","ping_status":"closed","template":"","meta":{"_joinchat":[]},"product_brand":[],"product_cat":[366],"product_tag":[112,310,211],"class_list":{"0":"post-26339","1":"product","2":"type-product","3":"status-publish","4":"has-post-thumbnail","6":"product_cat-bolsos-y-mochilas","7":"product_tag-caterpillar","8":"product_tag-merchandising","9":"product_tag-new","11":"first","12":"instock","13":"featured","14":"shipping-taxable","15":"purchasable","16":"product-type-simple"},"_links":{"self":[{"href":"https:\/\/tiendafinning.com\/index.php\/wp-json\/wp\/v2\/product\/26339","targetHints":{"allow":["GET"]}}],"collection":[{"href":"https:\/\/tiendafinning.com\/index.php\/wp-json\/wp\/v2\/product"}],"about":[{"href":"https:\/\/tiendafinning.com\/index.php\/wp-json\/wp\/v2\/types\/product"}],"replies":[{"embeddable":true,"href":"https:\/\/tiendafinning.com\/index.php\/wp-json\/wp\/v2\/comments?post=26339"}],"wp:featuredmedia":[{"embeddable":true,"href":"https:\/\/tiendafinning.com\/index.php\/wp-json\/wp\/v2\/media\/26480"}],"wp:attachment":[{"href":"https:\/\/tiendafinning.com\/index.php\/wp-json\/wp\/v2\/media?parent=26339"}],"wp:term":[{"taxonomy":"product_brand","embeddable":true,"href":"https:\/\/tiendafinning.com\/index.php\/wp-json\/wp\/v2\/product_brand?post=26339"},{"taxonomy":"product_cat","embeddable":true,"href":"https:\/\/tiendafinning.com\/index.php\/wp-json\/wp\/v2\/product_cat?post=26339"},{"taxonomy":"product_tag","embeddable":true,"href":"https:\/\/tiendafinning.com\/index.php\/wp-json\/wp\/v2\/product_tag?post=26339"}],"curies":[{"name":"wp","href":"https:\/\/api.w.org\/{rel}","templated":true}]}}