{"id":26334,"date":"2025-12-17T15:09:30","date_gmt":"2025-12-17T15:09:30","guid":{"rendered":"https:\/\/tiendafinning.com\/?post_type=product&#038;p=26334"},"modified":"2026-02-19T18:43:39","modified_gmt":"2026-02-19T18:43:39","slug":"mochila-caterpillar-6","status":"publish","type":"product","link":"https:\/\/tiendafinning.com\/index.php\/product\/mochila-caterpillar-6\/","title":{"rendered":"Mochila Caterpillar"},"content":{"rendered":"<article class=\"forusqa-product-description-0-x-descriptionItem descriptionItem-0\" data-open=\"true\">\n<div class=\"forusqa-product-description-0-x-descriptionContent\">\n<div class=\"forusqa-product-description-0-x-descriptionContentWrapper\">\n<h3 class=\"prodName\">Mochila Unisex Explorer Advanced Negro CAT<\/h3>\n<h3 class=\"nweb__descripcion-titulo\">Descripci\u00f3n<\/h3>\n<p>La vida moderna es tu campo de trabajo. Nuestras mochilas son tu herramienta m\u00e1s confiable. Cada dise\u00f1o es una fortaleza personal, concebida con una durabilidad legendaria y un sistema de organizaci\u00f3n inteligente para proteger y ordenar tu mundo. Construidas para resistir el ritmo implacable de la ciudad y equipadas para llevar todo lo que necesitas, son m\u00e1s que un simple bolso: son tu centro de operaciones m\u00f3vil. Elige la que se adapte a tu misi\u00f3n y carga sobre tus hombros la confianza de estar siempre un paso adelante.<\/p>\n<ul class=\"nweb__bullets-lista\">\n<li>Detalles de cord\u00f3n<\/li>\n<li>Amplio compartimento principal con bolsillo interior<\/li>\n<li>Logotipo reflectante<\/li>\n<li>Bolsillos laterales de malla a ambos lados<\/li>\n<li>Bolsillo frontal con cremallera y panel organizador con ranuras para bol\u00edgrafos y cord\u00f3n para sujetar las llaves<\/li>\n<li>Fabricado en poli\u00e9ster reciclado<\/li>\n<li>Alto: 46,5 cm<\/li>\n<li>Ancho: 31 cm<\/li>\n<li>Profundidad: 16,5 cm<\/li>\n<li>Capacidad: 25,5 lt<\/li>\n<li>Ancho: 31<\/li>\n<li>Alto: 46.5<\/li>\n<li>Profundidad: 16.5<\/li>\n<li>Litros: 25.5<\/li>\n<\/ul>\n<\/div>\n<\/div>\n<\/article>\n<article class=\"forusqa-product-description-0-x-descriptionItem descriptionItem-1\" data-open=\"true\"><\/article>\n<article class=\"forusqa-product-description-0-x-descriptionItem descriptionItem-2\" data-open=\"true\">\n<div class=\"forusqa-product-description-0-x-descriptionContent\">\n<div class=\"forusqa-product-description-0-x-descriptionContentWrapper\">\n<p>&nbsp;<\/p>\n<\/div>\n<\/div>\n<\/article>\n","protected":false},"excerpt":{"rendered":"<p><a href=\"https:\/\/diecast.cl\/?attachment_id=5723\" rel=\"attachment wp-att-5723\"><img decoding=\"async\" class=\"alignnone wp-image-5723\" src=\"https:\/\/diecast.cl\/wp-content\/uploads\/2021\/05\/Cat-logo-300x188.png\" alt=\"\" width=\"236\" height=\"148\" \/><\/a><\/p>\n","protected":false},"featured_media":26467,"comment_status":"open","ping_status":"closed","template":"","meta":{"_joinchat":[]},"product_brand":[],"product_cat":[366],"product_tag":[112,438,310,211],"class_list":{"0":"post-26334","1":"product","2":"type-product","3":"status-publish","4":"has-post-thumbnail","6":"product_cat-bolsos-y-mochilas","7":"product_tag-caterpillar","8":"product_tag-gorro","9":"product_tag-merchandising","10":"product_tag-new","12":"first","13":"instock","14":"featured","15":"shipping-taxable","16":"purchasable","17":"product-type-simple"},"_links":{"self":[{"href":"https:\/\/tiendafinning.com\/index.php\/wp-json\/wp\/v2\/product\/26334","targetHints":{"allow":["GET"]}}],"collection":[{"href":"https:\/\/tiendafinning.com\/index.php\/wp-json\/wp\/v2\/product"}],"about":[{"href":"https:\/\/tiendafinning.com\/index.php\/wp-json\/wp\/v2\/types\/product"}],"replies":[{"embeddable":true,"href":"https:\/\/tiendafinning.com\/index.php\/wp-json\/wp\/v2\/comments?post=26334"}],"wp:featuredmedia":[{"embeddable":true,"href":"https:\/\/tiendafinning.com\/index.php\/wp-json\/wp\/v2\/media\/26467"}],"wp:attachment":[{"href":"https:\/\/tiendafinning.com\/index.php\/wp-json\/wp\/v2\/media?parent=26334"}],"wp:term":[{"taxonomy":"product_brand","embeddable":true,"href":"https:\/\/tiendafinning.com\/index.php\/wp-json\/wp\/v2\/product_brand?post=26334"},{"taxonomy":"product_cat","embeddable":true,"href":"https:\/\/tiendafinning.com\/index.php\/wp-json\/wp\/v2\/product_cat?post=26334"},{"taxonomy":"product_tag","embeddable":true,"href":"https:\/\/tiendafinning.com\/index.php\/wp-json\/wp\/v2\/product_tag?post=26334"}],"curies":[{"name":"wp","href":"https:\/\/api.w.org\/{rel}","templated":true}]}}