{"id":24885,"date":"2025-09-09T17:04:55","date_gmt":"2025-09-09T17:04:55","guid":{"rendered":"https:\/\/tiendafinning.com\/?post_type=product&#038;p=24885"},"modified":"2025-11-18T15:01:05","modified_gmt":"2025-11-18T15:01:05","slug":"reloj-smartwatch-caterpillar-3","status":"publish","type":"product","link":"https:\/\/tiendafinning.com\/index.php\/product\/reloj-smartwatch-caterpillar-3\/","title":{"rendered":"Reloj Smartwatch Caterpillar"},"content":{"rendered":"<div style=\"width: 848px;\" class=\"wp-video\"><video class=\"wp-video-shortcode\" id=\"video-24885-1\" width=\"848\" height=\"480\" preload=\"metadata\" controls=\"controls\"><source type=\"video\/mp4\" src=\"https:\/\/diecast.cl\/wp-content\/uploads\/2025\/09\/WhatsApp-Video-2025-09-09-at-5.17.14-PM.mp4?_=1\" \/><a href=\"https:\/\/diecast.cl\/wp-content\/uploads\/2025\/09\/WhatsApp-Video-2025-09-09-at-5.17.14-PM.mp4\">https:\/\/diecast.cl\/wp-content\/uploads\/2025\/09\/WhatsApp-Video-2025-09-09-at-5.17.14-PM.mp4<\/a><\/video><\/div>\n<h3 data-start=\"230\" data-end=\"310\"><\/h3>\n<h3 data-start=\"230\" data-end=\"310\"><\/h3>\n<h3 data-start=\"230\" data-end=\"310\"><strong data-start=\"237\" data-end=\"310\"><span dir=\"auto\">Reloj inteligente robusto CAT\u00a0<\/span><\/strong><\/h3>\n<p data-start=\"312\" data-end=\"706\"><strong data-start=\"312\" data-end=\"378\"><span dir=\"auto\">Domina tu d\u00eda con resistencia industrial y precisi\u00f3n inteligente.<\/span><\/strong><br data-start=\"378\" data-end=\"381\" \/><span dir=\"auto\">El\u00a0<\/span><strong data-start=\"385\" data-end=\"424\"><span dir=\"auto\">reloj inteligente robusto CAT<\/span><\/strong><span dir=\"auto\">\u00a0est\u00e1 dise\u00f1ado para quienes exigen\u00a0<\/span><strong data-start=\"458\" data-end=\"508\"><span dir=\"auto\">rendimiento, resistencia y tecnolog\u00eda de vanguardia<\/span><\/strong><span dir=\"auto\">\u00a0en todo momento. Inspirado en la robustez de CAT, este reloj inteligente t\u00e1ctico combina un dise\u00f1o de calidad militar con funciones inteligentes modernas, dise\u00f1ado para prosperar tanto en entornos urbanos como al aire libre.<\/span><\/p>\n<p data-start=\"708\" data-end=\"1052\"><span dir=\"auto\">Con una interfaz llamativa en negro y amarillo, una pantalla AMOLED HD totalmente t\u00e1ctil y una caja de aleaci\u00f3n de zinc y ABS de alta durabilidad, este smartwatch es a la vez\u00a0<\/span><strong data-start=\"851\" data-end=\"873\"><span dir=\"auto\">un compa\u00f1ero robusto<\/span><\/strong><span dir=\"auto\">\u00a0y\u00a0<\/span><strong data-start=\"878\" data-end=\"905\"><span dir=\"auto\">un elegante accesorio esencial para el d\u00eda a d\u00eda<\/span><\/strong><span dir=\"auto\">\u00a0. La correa de silicona premium garantiza comodidad durante todo el d\u00eda, mientras que\u00a0<\/span><strong data-start=\"965\" data-end=\"999\"><span dir=\"auto\">su resistencia al agua y al polvo IP68<\/span><\/strong><span dir=\"auto\">\u00a0lo hace ideal para condiciones y entrenamientos exigentes.<\/span><\/p>\n<p data-start=\"1054\" data-end=\"1295\"><span dir=\"auto\">Ya sea que est\u00e9s siguiendo tus pasos en la calle o revisando notificaciones en la sala de juntas, el reloj inteligente CAT te mantiene conectado y en control,\u00a0<\/span><strong data-start=\"1201\" data-end=\"1295\"><span dir=\"auto\">con carga r\u00e1pida, bater\u00eda de larga duraci\u00f3n (hasta 10 d\u00edas) y una interfaz din\u00e1mica de m\u00faltiples diales.<\/span><\/strong><\/p>\n<h3 data-start=\"1219\" data-end=\"1243\"><strong data-start=\"1226\" data-end=\"1243\"><span dir=\"auto\">Caracter\u00edsticas principales:<\/span><\/strong><\/h3>\n<ul data-start=\"1245\" data-end=\"1861\">\n<li data-start=\"1245\" data-end=\"1304\">\n<p data-start=\"1247\" data-end=\"1304\"><strong data-start=\"1247\" data-end=\"1265\"><span dir=\"auto\">Movimiento inteligente<\/span><\/strong><span dir=\"auto\">\u00a0\u00a0: funciones inteligentes fluidas y con capacidad de respuesta<\/span><\/p>\n<\/li>\n<li data-start=\"1305\" data-end=\"1381\">\n<p data-start=\"1307\" data-end=\"1381\"><strong data-start=\"1307\" data-end=\"1336\"><span dir=\"auto\">Pantalla AMOLED totalmente t\u00e1ctil<\/span><\/strong><span dir=\"auto\">\u00a0\u00a0: pantalla HD con opciones de dial personalizables<\/span><\/p>\n<\/li>\n<li data-start=\"1382\" data-end=\"1469\">\n<p data-start=\"1384\" data-end=\"1469\"><strong data-start=\"1384\" data-end=\"1414\"><span dir=\"auto\">Paquete integral de salud<\/span><\/strong><span dir=\"auto\">\u00a0\u00a0: frecuencia card\u00edaca, presi\u00f3n arterial, sue\u00f1o, pasos, calor\u00edas<\/span><\/p>\n<\/li>\n<li data-start=\"1470\" data-end=\"1546\">\n<p data-start=\"1472\" data-end=\"1546\"><strong data-start=\"1472\" data-end=\"1498\"><span dir=\"auto\">Alertas inteligentes en tiempo real<\/span><\/strong><span dir=\"auto\">\u00a0\u00a0: llamadas, mensajes, notificaciones de redes sociales<\/span><\/p>\n<\/li>\n<li data-start=\"1547\" data-end=\"1625\">\n<p data-start=\"1549\" data-end=\"1625\"><strong data-start=\"1549\" data-end=\"1579\"><span dir=\"auto\">Modos deportivos y datos de actividad f\u00edsica<\/span><\/strong><span dir=\"auto\">\u00a0\u00a0: con mapas de trayectoria e historial de actividad<\/span><\/p>\n<\/li>\n<li data-start=\"1626\" data-end=\"1693\">\n<p data-start=\"1628\" data-end=\"1693\"><strong data-start=\"1628\" data-end=\"1654\"><span dir=\"auto\">Resistente al agua y al polvo<\/span><\/strong><span dir=\"auto\">\u00a0\u00a0: clasificaci\u00f3n IP68 para entornos dif\u00edciles<\/span><\/p>\n<\/li>\n<li data-start=\"1694\" data-end=\"1788\">\n<p data-start=\"1696\" data-end=\"1788\"><strong data-start=\"1696\" data-end=\"1721\"><span dir=\"auto\">Herramientas de estilo de vida inteligente<\/span><\/strong><span dir=\"auto\">\u00a0\u00a0: control de m\u00fasica, pron\u00f3stico del tiempo, cron\u00f3metro, fotograf\u00eda remota<\/span><\/p>\n<\/li>\n<li data-start=\"1789\" data-end=\"1861\">\n<p data-start=\"1791\" data-end=\"1861\"><strong data-start=\"1791\" data-end=\"1828\"><span dir=\"auto\">Carga r\u00e1pida y bater\u00eda de larga duraci\u00f3n<\/span><\/strong><span dir=\"auto\">\u00a0\u00a0: mant\u00e9ngase alimentado con eficiencia<\/span><\/p>\n<\/li>\n<\/ul>\n<h3 data-start=\"1868\" data-end=\"1894\"><strong data-start=\"1875\" data-end=\"1894\"><span dir=\"auto\">Especificaciones:<\/span><\/strong><\/h3>\n<ul data-start=\"1896\" data-end=\"2224\">\n<li data-start=\"1925\" data-end=\"1948\">\n<p data-start=\"1927\" data-end=\"1948\"><strong data-start=\"1927\" data-end=\"1940\"><span dir=\"auto\">Movimiento:<\/span><\/strong><span dir=\"auto\">\u00a0\u00a0Inteligente<\/span><\/p>\n<\/li>\n<li data-start=\"1949\" data-end=\"2000\">\n<p data-start=\"1951\" data-end=\"2000\"><strong data-start=\"1951\" data-end=\"1963\"><span dir=\"auto\">Pantalla:<\/span><\/strong><span dir=\"auto\">\u00a0\u00a0AMOLED \/ Totalmente t\u00e1ctil \/ Personalizable<\/span><\/p>\n<\/li>\n<li data-start=\"2001\" data-end=\"2040\">\n<p data-start=\"2003\" data-end=\"2040\"><strong data-start=\"2003\" data-end=\"2021\"><span dir=\"auto\">Material de la caja:<\/span><\/strong><span dir=\"auto\">\u00a0\u00a0aleaci\u00f3n de zinc y ABS<\/span><\/p>\n<\/li>\n<li data-start=\"2041\" data-end=\"2079\">\n<p data-start=\"2043\" data-end=\"2079\"><strong data-start=\"2043\" data-end=\"2062\"><span dir=\"auto\">Material de la correa:<\/span><\/strong><span dir=\"auto\">\u00a0\u00a0silicona negra<\/span><\/p>\n<\/li>\n<li data-start=\"2080\" data-end=\"2110\">\n<p data-start=\"2082\" data-end=\"2110\"><strong data-start=\"2082\" data-end=\"2100\"><span dir=\"auto\">Di\u00e1metro de la caja:<\/span><\/strong><span dir=\"auto\">\u00a0\u00a052,5 mm<\/span><\/p>\n<\/li>\n<li data-start=\"2111\" data-end=\"2140\">\n<p data-start=\"2113\" data-end=\"2140\"><strong data-start=\"2113\" data-end=\"2132\"><span dir=\"auto\">Grosor de la caja:<\/span><\/strong><span dir=\"auto\">\u00a0\u00a021 mm<\/span><\/p>\n<\/li>\n<li data-start=\"2141\" data-end=\"2224\">\n<p data-start=\"2143\" data-end=\"2224\"><strong data-start=\"2143\" data-end=\"2164\"><span dir=\"auto\">Resistencia al agua:<\/span><\/strong><span dir=\"auto\">\u00a0\u00a0IP68 (a prueba de polvo y resistente a la inmersi\u00f3n entre 15 cm y 1 m)<\/span><\/p>\n<\/li>\n<\/ul>\n","protected":false},"excerpt":{"rendered":"<p><strong data-start=\"312\" data-end=\"378\"><span dir=\"auto\">Domina tu d\u00eda con resistencia industrial y precisi\u00f3n inteligente.<\/span><\/strong><br data-start=\"378\" data-end=\"381\" \/><span dir=\"auto\">El\u00a0<\/span><strong data-start=\"385\" data-end=\"424\"><span dir=\"auto\">reloj inteligente robusto CAT<\/span><\/strong><span dir=\"auto\">\u00a0est\u00e1 dise\u00f1ado para quienes exigen\u00a0<\/span><strong data-start=\"458\" data-end=\"508\"><span dir=\"auto\">rendimiento, resistencia y tecnolog\u00eda de vanguardia<\/span><\/strong><span dir=\"auto\"> en todo momento.<\/span><\/p>\n<p>&nbsp;<\/p>\n<p><img decoding=\"async\" class=\"alignnone wp-image-7587\" src=\"https:\/\/diecast.cl\/wp-content\/uploads\/2021\/05\/logo-cat-300x169.jpg\" alt=\"\" width=\"202\" height=\"114\" \/><\/p>\n","protected":false},"featured_media":24886,"comment_status":"open","ping_status":"closed","template":"","meta":{"_joinchat":[]},"product_brand":[],"product_cat":[315],"product_tag":[112,873,773],"class_list":{"0":"post-24885","1":"product","2":"type-product","3":"status-publish","4":"has-post-thumbnail","6":"product_cat-watches","7":"product_tag-caterpillar","8":"product_tag-e1-140-26-100","9":"product_tag-relojes","11":"first","12":"outofstock","13":"shipping-taxable","14":"purchasable","15":"product-type-simple"},"_links":{"self":[{"href":"https:\/\/tiendafinning.com\/index.php\/wp-json\/wp\/v2\/product\/24885","targetHints":{"allow":["GET"]}}],"collection":[{"href":"https:\/\/tiendafinning.com\/index.php\/wp-json\/wp\/v2\/product"}],"about":[{"href":"https:\/\/tiendafinning.com\/index.php\/wp-json\/wp\/v2\/types\/product"}],"replies":[{"embeddable":true,"href":"https:\/\/tiendafinning.com\/index.php\/wp-json\/wp\/v2\/comments?post=24885"}],"wp:featuredmedia":[{"embeddable":true,"href":"https:\/\/tiendafinning.com\/index.php\/wp-json\/wp\/v2\/media\/24886"}],"wp:attachment":[{"href":"https:\/\/tiendafinning.com\/index.php\/wp-json\/wp\/v2\/media?parent=24885"}],"wp:term":[{"taxonomy":"product_brand","embeddable":true,"href":"https:\/\/tiendafinning.com\/index.php\/wp-json\/wp\/v2\/product_brand?post=24885"},{"taxonomy":"product_cat","embeddable":true,"href":"https:\/\/tiendafinning.com\/index.php\/wp-json\/wp\/v2\/product_cat?post=24885"},{"taxonomy":"product_tag","embeddable":true,"href":"https:\/\/tiendafinning.com\/index.php\/wp-json\/wp\/v2\/product_tag?post=24885"}],"curies":[{"name":"wp","href":"https:\/\/api.w.org\/{rel}","templated":true}]}}