{"id":24738,"date":"2025-09-15T13:51:40","date_gmt":"2025-09-15T13:51:40","guid":{"rendered":"https:\/\/tiendafinning.com\/?post_type=product&#038;p=24738"},"modified":"2025-10-29T14:41:02","modified_gmt":"2025-10-29T14:41:02","slug":"tractor-corre-pasillos-cat-658c","status":"publish","type":"product","link":"https:\/\/tiendafinning.com\/index.php\/product\/tractor-corre-pasillos-cat-658c\/","title":{"rendered":"Tractor corre pasillos CAT 658C"},"content":{"rendered":"<div class=\"product-detail\">\n<div class=\"row\">\n<div class=\"col-md-6\">\n<ul>\n<li><span style=\"font-size: 14.4px;\">Tractor 2 en 1 con remolque desmontable: este tractor de oruga con licencia oficial para ni\u00f1os peque\u00f1os funciona como un coche deslizante de pie a piso o un tractor con un remolque desmontable que ofrece un amplio espacio de almacenamiento para juguetes, serpientes, plantas y hojas. El desprendimiento sin herramientas garantiza que los ni\u00f1os puedan comenzar a conducir inmediatamente.<\/span><\/li>\n<\/ul>\n<\/div>\n<\/div>\n<\/div>\n<div class=\"row\">\n<div class=\"col-md-12 gap_25\">\n<ul class=\"a-unordered-list a-vertical a-spacing-mini\">\n<li class=\"a-spacing-mini\"><span class=\"a-list-item\">\u3010Experiencia de conducci\u00f3n divertida\u3011 Con sonidos de bocina realistas y sonidos de motor que imitan a los tractores reales, el tractor de empuje sumergir\u00e1 a tu hijo en la alegr\u00eda de conducir. Adem\u00e1s, los vibrantes faros LED mejoran el tiempo de juego de los ni\u00f1os. Estas funciones requieren 2 pilas AA (no incluidas).<\/span><\/li>\n<li class=\"a-spacing-mini\"><span class=\"a-list-item\">Neum\u00e1ticos roscados y herramientas adicionales: este coche de empuje se adapta perfectamente a varios terrenos gracias a sus neum\u00e1ticos roscados, lo que permite que tu peque\u00f1o explore interiores y exteriores con confianza. Adem\u00e1s, la pala y el rastrillo incluidos inspiran el juego creativo en la arena.<\/span><\/li>\n<li class=\"a-spacing-mini\"><span class=\"a-list-item\">Dise\u00f1o ergon\u00f3mico y seguro: la seguridad es lo primero. Consigue a tu hijo el incre\u00edble juguete de paseo para un beb\u00e9 para una diversi\u00f3n sin fin. Con un dise\u00f1o estable antivuelco, un \u00e1ngulo de direcci\u00f3n limitado de 32\u00b0 para evitar giros bruscos, y las certificaciones ASTM y CPSIA, es perfecto para paseos seguros y suaves. Adem\u00e1s, es muy c\u00f3modo con un asiento ergon\u00f3mico y respaldo de apoyo para tu peque\u00f1o.<\/span><\/li>\n<li class=\"a-spacing-mini\"><span class=\"a-list-item\">Regalo perfecto para ni\u00f1os peque\u00f1os: este bonito tractor para ni\u00f1os peque\u00f1os es un fant\u00e1stico regalo para ni\u00f1os de 18 a 36 meses. Es divertido jugar con y ayuda a fortalecer los m\u00fasculos de las piernas, mejorar la coordinaci\u00f3n, desarrollar habilidades motoras y aumentar la confianza. Perfecto para cumplea\u00f1os o d\u00eda festivo<\/span><\/li>\n<li class=\"a-spacing-mini\"><span class=\"a-list-item\">Nota: Este tractor no funciona con pilas.<\/span><\/li>\n<\/ul>\n<\/div>\n<\/div>\n","protected":false},"excerpt":{"rendered":"<p id=\"title\" class=\"a-size-large a-spacing-none\"><span id=\"productTitle\" class=\"a-size-large product-title-word-break\">Tractor para ni\u00f1os, 2 en 1 con licencia de oruga para montar en coche con remolque desmontable, bocina, luces LED, rastrillo y pala, juguete de paseo de pie a piso sin energ\u00eda.<\/span><\/p>\n<p><img decoding=\"async\" class=\"alignnone wp-image-8007\" src=\"https:\/\/diecast.cl\/wp-content\/uploads\/2021\/05\/diecastmaster-logo-e1667994263109.png\" alt=\"\" width=\"142\" height=\"130\" \/><\/p>\n","protected":false},"featured_media":24892,"comment_status":"open","ping_status":"closed","template":"","meta":{"_joinchat":[]},"product_brand":[],"product_cat":[425],"product_tag":[289,218],"class_list":{"0":"post-24738","1":"product","2":"type-product","3":"status-publish","4":"has-post-thumbnail","6":"product_cat-jugueteria","7":"product_tag-cat","8":"product_tag-diecast","10":"first","11":"outofstock","12":"shipping-taxable","13":"purchasable","14":"product-type-simple"},"_links":{"self":[{"href":"https:\/\/tiendafinning.com\/index.php\/wp-json\/wp\/v2\/product\/24738","targetHints":{"allow":["GET"]}}],"collection":[{"href":"https:\/\/tiendafinning.com\/index.php\/wp-json\/wp\/v2\/product"}],"about":[{"href":"https:\/\/tiendafinning.com\/index.php\/wp-json\/wp\/v2\/types\/product"}],"replies":[{"embeddable":true,"href":"https:\/\/tiendafinning.com\/index.php\/wp-json\/wp\/v2\/comments?post=24738"}],"wp:featuredmedia":[{"embeddable":true,"href":"https:\/\/tiendafinning.com\/index.php\/wp-json\/wp\/v2\/media\/24892"}],"wp:attachment":[{"href":"https:\/\/tiendafinning.com\/index.php\/wp-json\/wp\/v2\/media?parent=24738"}],"wp:term":[{"taxonomy":"product_brand","embeddable":true,"href":"https:\/\/tiendafinning.com\/index.php\/wp-json\/wp\/v2\/product_brand?post=24738"},{"taxonomy":"product_cat","embeddable":true,"href":"https:\/\/tiendafinning.com\/index.php\/wp-json\/wp\/v2\/product_cat?post=24738"},{"taxonomy":"product_tag","embeddable":true,"href":"https:\/\/tiendafinning.com\/index.php\/wp-json\/wp\/v2\/product_tag?post=24738"}],"curies":[{"name":"wp","href":"https:\/\/api.w.org\/{rel}","templated":true}]}}