{"id":24686,"date":"2025-08-12T10:05:25","date_gmt":"2025-08-12T10:05:25","guid":{"rendered":"https:\/\/tiendafinning.com\/?post_type=product&#038;p=24686"},"modified":"2025-10-14T15:25:16","modified_gmt":"2025-10-14T15:25:16","slug":"reloj-automatic-shockmaster-edicion-limitada-100-anos-caterpillar-2","status":"publish","type":"product","link":"https:\/\/tiendafinning.com\/index.php\/product\/reloj-automatic-shockmaster-edicion-limitada-100-anos-caterpillar-2\/","title":{"rendered":"Reloj automatic shockmaster (edici\u00f3n limitada 100 a\u00f1os) Caterpillar"},"content":{"rendered":"<p>CELEBRANDO 100 A\u00d1OS DE INNOVACI\u00d3N DE CATERPILLAR<br \/>\nPara conmemorar un siglo de excepcional fiabilidad, durabilidad y artesan\u00eda, Cat Watches presenta con orgullo una edici\u00f3n limitada de su reloj m\u00e1s ic\u00f3nico: el Shockmaster.<br \/>\nEsta colecci\u00f3n, creada para honrar el centenario de Caterpillar Inc., encarna el legado de una marca que ha influido en diversas industrias con su esp\u00edritu pionero. Conocido por su exclusiva construcci\u00f3n resistente a los golpes, el Shockmaster ha resistido el paso del tiempo como s\u00edmbolo de rendimiento robusto, dise\u00f1ado para soportar las condiciones m\u00e1s duras.<\/p>\n<ul>\n<li>CAJA DE ACERO<\/li>\n<li>CORREA DE ACERO INOXIDABLE<\/li>\n<li>RESISTENTE AL AGUA 200 M<\/li>\n<li>CORONA ATORNILLADA<\/li>\n<li>CRISTAL EXTRA RESISTENTE CON<\/li>\n<li>LENTE DE AUMENTO<\/li>\n<li>EDICI\u00d3N LIMITADA SHOCKMASTER AUTOM\u00c1TICO<\/li>\n<li>MOVIMIENTO: AUTOM\u00c1TICO MIYOTA 8215<\/li>\n<li>CAJA DE ACERO INOXIDABLE<\/li>\n<li>CORREA DE ACERO INOXIDABLE<\/li>\n<li>RESISTENTE AL AGUA 200 M<\/li>\n<li>CORONA ATORNILLADA<\/li>\n<li>CRISTAL EXTRA RESISTENTE CON<\/li>\n<li>LENTE DE AUMENTO<\/li>\n<li>EDICI\u00d3N LIMITADA SHOCKMASTER AUTOM\u00c1TICO<\/li>\n<li>CAJA CON CORREA DE SILICONA SUAVE ADICIONAL<\/li>\n<li>BISEL Y ANILLO TRASERO DE GOMA PARA MAYOR PROTECCI\u00d3N CONTRA GOLPES<\/li>\n<li>DI\u00c1METRO DE LA CAJA: 46 MM DE \u00d8<\/li>\n<li>GROSOR DE LA CAJA: 14 MM DE \u00d8<\/li>\n<\/ul>\n","protected":false},"excerpt":{"rendered":"<ul>\n<li>DI\u00c1METRO DE LA CAJA: 46 MM DE \u00d8<\/li>\n<li>GROSOR DE LA CAJA: 14 MM DE \u00d8<\/li>\n<li>CORREA DE ACERO INOXIDABLE<\/li>\n<li>RESISTENTE AL AGUA 200 M<\/li>\n<li>CORREA DE SILICONA SUAVE ADICIONAL<\/li>\n<\/ul>\n<p><img decoding=\"async\" class=\"alignnone wp-image-7587\" src=\"https:\/\/diecast.cl\/wp-content\/uploads\/2021\/05\/logo-cat-300x169.jpg\" alt=\"\" width=\"202\" height=\"114\" \/><\/p>\n","protected":false},"featured_media":24687,"comment_status":"open","ping_status":"closed","template":"","meta":{"_joinchat":[]},"product_brand":[],"product_cat":[315],"product_tag":[112,773,868],"class_list":{"0":"post-24686","1":"product","2":"type-product","3":"status-publish","4":"has-post-thumbnail","6":"product_cat-watches","7":"product_tag-caterpillar","8":"product_tag-relojes","9":"product_tag-set-s7-148-11-121","11":"first","12":"instock","13":"shipping-taxable","14":"purchasable","15":"product-type-simple"},"_links":{"self":[{"href":"https:\/\/tiendafinning.com\/index.php\/wp-json\/wp\/v2\/product\/24686","targetHints":{"allow":["GET"]}}],"collection":[{"href":"https:\/\/tiendafinning.com\/index.php\/wp-json\/wp\/v2\/product"}],"about":[{"href":"https:\/\/tiendafinning.com\/index.php\/wp-json\/wp\/v2\/types\/product"}],"replies":[{"embeddable":true,"href":"https:\/\/tiendafinning.com\/index.php\/wp-json\/wp\/v2\/comments?post=24686"}],"wp:featuredmedia":[{"embeddable":true,"href":"https:\/\/tiendafinning.com\/index.php\/wp-json\/wp\/v2\/media\/24687"}],"wp:attachment":[{"href":"https:\/\/tiendafinning.com\/index.php\/wp-json\/wp\/v2\/media?parent=24686"}],"wp:term":[{"taxonomy":"product_brand","embeddable":true,"href":"https:\/\/tiendafinning.com\/index.php\/wp-json\/wp\/v2\/product_brand?post=24686"},{"taxonomy":"product_cat","embeddable":true,"href":"https:\/\/tiendafinning.com\/index.php\/wp-json\/wp\/v2\/product_cat?post=24686"},{"taxonomy":"product_tag","embeddable":true,"href":"https:\/\/tiendafinning.com\/index.php\/wp-json\/wp\/v2\/product_tag?post=24686"}],"curies":[{"name":"wp","href":"https:\/\/api.w.org\/{rel}","templated":true}]}}