{"id":24673,"date":"2025-08-11T17:21:44","date_gmt":"2025-08-11T17:21:44","guid":{"rendered":"https:\/\/tiendafinning.com\/?post_type=product&#038;p=24673"},"modified":"2025-09-15T16:15:33","modified_gmt":"2025-09-15T16:15:33","slug":"excavadora-320-gx-dragon-caterpillar","status":"publish","type":"product","link":"https:\/\/tiendafinning.com\/index.php\/product\/excavadora-320-gx-dragon-caterpillar\/","title":{"rendered":"Excavadora 320 GX Dragon Caterpillar"},"content":{"rendered":"<ul>\n<li><span>Dise\u00f1o de t\u00f3tem de drag\u00f3n para celebrar el a\u00f1o del drag\u00f3n <\/span><\/li>\n<li><span>El <\/span><span>cuerpo gira 360 grados sobre el chasis<\/span><\/li>\n<li><span>Pistas de metal realistas, mangueras y pasamanos<\/span><\/li>\n<li><span>La pluma se extiende y el cuchar\u00f3n es ajustable<\/span><\/li>\n<li><span>Interior detallado con figura de operador de m\u00e1quina<\/span><\/li>\n<li><span>Edici\u00f3n limitada<\/span><\/li>\n<li><span>Tama\u00f1o aproximado: 18 \u00d7 6,5 \u00d7 9,5 cm<\/span><\/li>\n<li><span>Modelo de fundici\u00f3n a escala 1:50 de Diecast Masters &#8211; 85674L<\/span><\/li>\n<li><span>Edades: 14+<\/span><\/li>\n<\/ul>\n","protected":false},"excerpt":{"rendered":"<p>Escala 1:50<\/p>\n<p><img decoding=\"async\" class=\"alignnone wp-image-8007\" src=\"https:\/\/diecast.cl\/wp-content\/uploads\/2021\/05\/diecastmaster-logo-e1667994263109.png\" alt=\"\" width=\"142\" height=\"130\" \/><\/p>\n","protected":false},"featured_media":24674,"comment_status":"open","ping_status":"closed","template":"","meta":{"_joinchat":[]},"product_brand":[],"product_cat":[413],"product_tag":[289,218],"class_list":{"0":"post-24673","1":"product","2":"type-product","3":"status-publish","4":"has-post-thumbnail","6":"product_cat-excavadoras","7":"product_tag-cat","8":"product_tag-diecast","10":"first","11":"outofstock","12":"shipping-taxable","13":"purchasable","14":"product-type-simple"},"_links":{"self":[{"href":"https:\/\/tiendafinning.com\/index.php\/wp-json\/wp\/v2\/product\/24673","targetHints":{"allow":["GET"]}}],"collection":[{"href":"https:\/\/tiendafinning.com\/index.php\/wp-json\/wp\/v2\/product"}],"about":[{"href":"https:\/\/tiendafinning.com\/index.php\/wp-json\/wp\/v2\/types\/product"}],"replies":[{"embeddable":true,"href":"https:\/\/tiendafinning.com\/index.php\/wp-json\/wp\/v2\/comments?post=24673"}],"wp:featuredmedia":[{"embeddable":true,"href":"https:\/\/tiendafinning.com\/index.php\/wp-json\/wp\/v2\/media\/24674"}],"wp:attachment":[{"href":"https:\/\/tiendafinning.com\/index.php\/wp-json\/wp\/v2\/media?parent=24673"}],"wp:term":[{"taxonomy":"product_brand","embeddable":true,"href":"https:\/\/tiendafinning.com\/index.php\/wp-json\/wp\/v2\/product_brand?post=24673"},{"taxonomy":"product_cat","embeddable":true,"href":"https:\/\/tiendafinning.com\/index.php\/wp-json\/wp\/v2\/product_cat?post=24673"},{"taxonomy":"product_tag","embeddable":true,"href":"https:\/\/tiendafinning.com\/index.php\/wp-json\/wp\/v2\/product_tag?post=24673"}],"curies":[{"name":"wp","href":"https:\/\/api.w.org\/{rel}","templated":true}]}}