{"id":24648,"date":"2025-08-11T17:04:03","date_gmt":"2025-08-11T17:04:03","guid":{"rendered":"https:\/\/tiendafinning.com\/?post_type=product&#038;p=24648"},"modified":"2025-09-15T16:17:42","modified_gmt":"2025-09-15T16:17:42","slug":"cargador-frontal-de-ruedas-930-caterpillar","status":"publish","type":"product","link":"https:\/\/tiendafinning.com\/index.php\/product\/cargador-frontal-de-ruedas-930-caterpillar\/","title":{"rendered":"Cargador frontal de ruedas 930 Caterpillar"},"content":{"rendered":"<div class=\"product-detail\">\n<div class=\"row\">\n<div class=\"col-md-6\">\n<ul>\n<li><span>\u00a0Interior de cabina detallado, incluido el operador<\/span><\/li>\n<li><span>\u00a0Pintura aut\u00e9ntica Cat Machine Yellow<\/span><\/li>\n<li><span>\u00a0Imagen comercial aut\u00e9ntica de Cat<\/span><\/li>\n<li><span>\u00a0Herramientas de trabajo intercambiables<\/span><\/li>\n<li><span>\u00a0Los brazos de elevaci\u00f3n suben y bajan<\/span><\/li>\n<li><span>\u00a0Cucharones y volquetes<\/span><\/li>\n<li><span>\u00a0Direcci\u00f3n articulada<\/span><\/li>\n<li><span>\u00a0Barandillas y pasamanos aut\u00e9nticos<\/span><\/li>\n<li><span>\u00a0Dise\u00f1o aut\u00e9ntico de la banda de rodadura de los neum\u00e1ticos<\/span><span>\u00a0<\/span><\/li>\n<li><span>Embalaje de lata met\u00e1lica de la serie High Line<\/span><\/li>\n<li><span>\u00a0Dimensiones: 155 x 54 x 80 mm<\/span><\/li>\n<\/ul>\n<\/div>\n<\/div>\n<\/div>\n","protected":false},"excerpt":{"rendered":"<p>Escala 1:50<\/p>\n<p><img decoding=\"async\" class=\"alignnone wp-image-8007\" src=\"https:\/\/diecast.cl\/wp-content\/uploads\/2021\/05\/diecastmaster-logo-e1667994263109.png\" alt=\"\" width=\"142\" height=\"130\" \/><\/p>\n","protected":false},"featured_media":24662,"comment_status":"open","ping_status":"closed","template":"","meta":{"_joinchat":[]},"product_brand":[],"product_cat":[418],"product_tag":[289,218],"class_list":{"0":"post-24648","1":"product","2":"type-product","3":"status-publish","4":"has-post-thumbnail","6":"product_cat-cargadores-frontales","7":"product_tag-cat","8":"product_tag-diecast","10":"first","11":"instock","12":"shipping-taxable","13":"purchasable","14":"product-type-simple"},"_links":{"self":[{"href":"https:\/\/tiendafinning.com\/index.php\/wp-json\/wp\/v2\/product\/24648","targetHints":{"allow":["GET"]}}],"collection":[{"href":"https:\/\/tiendafinning.com\/index.php\/wp-json\/wp\/v2\/product"}],"about":[{"href":"https:\/\/tiendafinning.com\/index.php\/wp-json\/wp\/v2\/types\/product"}],"replies":[{"embeddable":true,"href":"https:\/\/tiendafinning.com\/index.php\/wp-json\/wp\/v2\/comments?post=24648"}],"wp:featuredmedia":[{"embeddable":true,"href":"https:\/\/tiendafinning.com\/index.php\/wp-json\/wp\/v2\/media\/24662"}],"wp:attachment":[{"href":"https:\/\/tiendafinning.com\/index.php\/wp-json\/wp\/v2\/media?parent=24648"}],"wp:term":[{"taxonomy":"product_brand","embeddable":true,"href":"https:\/\/tiendafinning.com\/index.php\/wp-json\/wp\/v2\/product_brand?post=24648"},{"taxonomy":"product_cat","embeddable":true,"href":"https:\/\/tiendafinning.com\/index.php\/wp-json\/wp\/v2\/product_cat?post=24648"},{"taxonomy":"product_tag","embeddable":true,"href":"https:\/\/tiendafinning.com\/index.php\/wp-json\/wp\/v2\/product_tag?post=24648"}],"curies":[{"name":"wp","href":"https:\/\/api.w.org\/{rel}","templated":true}]}}