{"id":22463,"date":"2025-01-10T13:06:32","date_gmt":"2025-01-10T13:06:32","guid":{"rendered":"https:\/\/tiendafinning.com\/?post_type=product&#038;p=22463"},"modified":"2025-10-30T16:45:49","modified_gmt":"2025-10-30T16:45:49","slug":"gorro-caterpillar-41","status":"publish","type":"product","link":"https:\/\/tiendafinning.com\/index.php\/product\/gorro-caterpillar-41\/","title":{"rendered":"Gorro Caterpillar"},"content":{"rendered":"","protected":false},"excerpt":{"rendered":"<ul>\n<li id=\"tw-target-text\" class=\"tw-data-text tw-text-large tw-ta\" dir=\"ltr\" data-placeholder=\"Traducci\u00f3n\" data-ved=\"2ahUKEwjXk6-p3-uKAxWkBbkGHfcQL3YQ3ewLegQIChAU\" aria-label=\"Texto traducido: Gorro de punto acr\u00edlico color crema con pomp\u00f3n y\nCosturas de arco\u00edris en el pu\u00f1o. Bucle de piel sint\u00e9tica.\netiqueta en el pu\u00f1o con marca de dise\u00f1o grabada con l\u00e1ser.\"><span class=\"Y2IQFc\" lang=\"es\">Gorro de punto acr\u00edlico color crema con pomp\u00f3n y Costuras de arco\u00edris en el pu\u00f1o. <\/span><\/li>\n<li class=\"tw-data-text tw-text-large tw-ta\" dir=\"ltr\" data-placeholder=\"Traducci\u00f3n\" data-ved=\"2ahUKEwjXk6-p3-uKAxWkBbkGHfcQL3YQ3ewLegQIChAU\" aria-label=\"Texto traducido: Gorro de punto acr\u00edlico color crema con pomp\u00f3n y\nCosturas de arco\u00edris en el pu\u00f1o. Bucle de piel sint\u00e9tica.\netiqueta en el pu\u00f1o con marca de dise\u00f1o grabada con l\u00e1ser.\"><span class=\"Y2IQFc\" lang=\"es\">Bucle de piel sint\u00e9tica. <\/span><\/li>\n<li class=\"tw-data-text tw-text-large tw-ta\" dir=\"ltr\" data-placeholder=\"Traducci\u00f3n\" data-ved=\"2ahUKEwjXk6-p3-uKAxWkBbkGHfcQL3YQ3ewLegQIChAU\" aria-label=\"Texto traducido: Gorro de punto acr\u00edlico color crema con pomp\u00f3n y\nCosturas de arco\u00edris en el pu\u00f1o. Bucle de piel sint\u00e9tica.\netiqueta en el pu\u00f1o con marca de dise\u00f1o grabada con l\u00e1ser.\"><span class=\"Y2IQFc\" lang=\"es\">Etiqueta en el pu\u00f1o con marca de dise\u00f1o grabada con l\u00e1ser.<\/span><\/li>\n<\/ul>\n<p><a href=\"https:\/\/diecast.cl\/?attachment_id=5723\" rel=\"attachment wp-att-5723\"><img decoding=\"async\" class=\"alignnone wp-image-5723\" src=\"https:\/\/diecast.cl\/wp-content\/uploads\/2021\/05\/Cat-logo-300x188.png\" alt=\"\" width=\"236\" height=\"148\" \/><\/a><\/p>\n","protected":false},"featured_media":22464,"comment_status":"open","ping_status":"closed","template":"","meta":{"_joinchat":[]},"product_brand":[],"product_cat":[437],"product_tag":[112,438,310],"class_list":{"0":"post-22463","1":"product","2":"type-product","3":"status-publish","4":"has-post-thumbnail","6":"product_cat-gorros","7":"product_tag-caterpillar","8":"product_tag-gorro","9":"product_tag-merchandising","11":"first","12":"instock","13":"featured","14":"shipping-taxable","15":"purchasable","16":"product-type-simple"},"_links":{"self":[{"href":"https:\/\/tiendafinning.com\/index.php\/wp-json\/wp\/v2\/product\/22463","targetHints":{"allow":["GET"]}}],"collection":[{"href":"https:\/\/tiendafinning.com\/index.php\/wp-json\/wp\/v2\/product"}],"about":[{"href":"https:\/\/tiendafinning.com\/index.php\/wp-json\/wp\/v2\/types\/product"}],"replies":[{"embeddable":true,"href":"https:\/\/tiendafinning.com\/index.php\/wp-json\/wp\/v2\/comments?post=22463"}],"wp:featuredmedia":[{"embeddable":true,"href":"https:\/\/tiendafinning.com\/index.php\/wp-json\/wp\/v2\/media\/22464"}],"wp:attachment":[{"href":"https:\/\/tiendafinning.com\/index.php\/wp-json\/wp\/v2\/media?parent=22463"}],"wp:term":[{"taxonomy":"product_brand","embeddable":true,"href":"https:\/\/tiendafinning.com\/index.php\/wp-json\/wp\/v2\/product_brand?post=22463"},{"taxonomy":"product_cat","embeddable":true,"href":"https:\/\/tiendafinning.com\/index.php\/wp-json\/wp\/v2\/product_cat?post=22463"},{"taxonomy":"product_tag","embeddable":true,"href":"https:\/\/tiendafinning.com\/index.php\/wp-json\/wp\/v2\/product_tag?post=22463"}],"curies":[{"name":"wp","href":"https:\/\/api.w.org\/{rel}","templated":true}]}}