{"id":22461,"date":"2025-01-10T13:06:00","date_gmt":"2025-01-10T13:06:00","guid":{"rendered":"https:\/\/tiendafinning.com\/?post_type=product&#038;p=22461"},"modified":"2025-10-30T16:46:25","modified_gmt":"2025-10-30T16:46:25","slug":"gorro-caterpillar-25","status":"publish","type":"product","link":"https:\/\/tiendafinning.com\/index.php\/product\/gorro-caterpillar-25\/","title":{"rendered":"Gorro Caterpillar"},"content":{"rendered":"","protected":false},"excerpt":{"rendered":"<ul>\n<li id=\"tw-target-text\" class=\"tw-data-text tw-text-large tw-ta\" dir=\"ltr\" data-placeholder=\"Traducci\u00f3n\" data-ved=\"2ahUKEwjXk6-p3-uKAxWkBbkGHfcQL3YQ3ewLegQIChAU\" aria-label=\"Texto traducido: Gorra estructurada con patr\u00f3n de camuflaje sublimado en color carb\u00f3n y\nDise\u00f1o de topograf\u00eda proyectada en paneles frontales. Malla negra\nPaneles traseros y cierre trasero de pl\u00e1stico negro con tela.\ncubrir. Bordado.\"><span class=\"Y2IQFc\" lang=\"es\">Gorra estructurada con patr\u00f3n de camuflaje sublimado en color carb\u00f3n y Dise\u00f1o de topograf\u00eda proyectada en paneles frontales. <\/span><\/li>\n<li class=\"tw-data-text tw-text-large tw-ta\" dir=\"ltr\" data-placeholder=\"Traducci\u00f3n\" data-ved=\"2ahUKEwjXk6-p3-uKAxWkBbkGHfcQL3YQ3ewLegQIChAU\" aria-label=\"Texto traducido: Gorra estructurada con patr\u00f3n de camuflaje sublimado en color carb\u00f3n y\nDise\u00f1o de topograf\u00eda proyectada en paneles frontales. Malla negra\nPaneles traseros y cierre trasero de pl\u00e1stico negro con tela.\ncubrir. Bordado.\"><span class=\"Y2IQFc\" lang=\"es\">Malla negra Paneles traseros y cierre trasero de pl\u00e1stico negro con tela. <\/span><\/li>\n<li class=\"tw-data-text tw-text-large tw-ta\" dir=\"ltr\" data-placeholder=\"Traducci\u00f3n\" data-ved=\"2ahUKEwjXk6-p3-uKAxWkBbkGHfcQL3YQ3ewLegQIChAU\" aria-label=\"Texto traducido: Gorra estructurada con patr\u00f3n de camuflaje sublimado en color carb\u00f3n y\nDise\u00f1o de topograf\u00eda proyectada en paneles frontales. Malla negra\nPaneles traseros y cierre trasero de pl\u00e1stico negro con tela.\ncubrir. Bordado.\"><span class=\"Y2IQFc\" lang=\"es\">Bordado.<\/span><\/li>\n<\/ul>\n<p><a href=\"https:\/\/diecast.cl\/?attachment_id=5723\" rel=\"attachment wp-att-5723\"><img decoding=\"async\" class=\"alignnone wp-image-5723\" src=\"https:\/\/diecast.cl\/wp-content\/uploads\/2021\/05\/Cat-logo-300x188.png\" alt=\"\" width=\"236\" height=\"148\" \/><\/a><\/p>\n","protected":false},"featured_media":22462,"comment_status":"open","ping_status":"closed","template":"","meta":{"_joinchat":[]},"product_brand":[],"product_cat":[437],"product_tag":[112,438,310],"class_list":{"0":"post-22461","1":"product","2":"type-product","3":"status-publish","4":"has-post-thumbnail","6":"product_cat-gorros","7":"product_tag-caterpillar","8":"product_tag-gorro","9":"product_tag-merchandising","11":"first","12":"outofstock","13":"featured","14":"shipping-taxable","15":"purchasable","16":"product-type-simple"},"_links":{"self":[{"href":"https:\/\/tiendafinning.com\/index.php\/wp-json\/wp\/v2\/product\/22461","targetHints":{"allow":["GET"]}}],"collection":[{"href":"https:\/\/tiendafinning.com\/index.php\/wp-json\/wp\/v2\/product"}],"about":[{"href":"https:\/\/tiendafinning.com\/index.php\/wp-json\/wp\/v2\/types\/product"}],"replies":[{"embeddable":true,"href":"https:\/\/tiendafinning.com\/index.php\/wp-json\/wp\/v2\/comments?post=22461"}],"wp:featuredmedia":[{"embeddable":true,"href":"https:\/\/tiendafinning.com\/index.php\/wp-json\/wp\/v2\/media\/22462"}],"wp:attachment":[{"href":"https:\/\/tiendafinning.com\/index.php\/wp-json\/wp\/v2\/media?parent=22461"}],"wp:term":[{"taxonomy":"product_brand","embeddable":true,"href":"https:\/\/tiendafinning.com\/index.php\/wp-json\/wp\/v2\/product_brand?post=22461"},{"taxonomy":"product_cat","embeddable":true,"href":"https:\/\/tiendafinning.com\/index.php\/wp-json\/wp\/v2\/product_cat?post=22461"},{"taxonomy":"product_tag","embeddable":true,"href":"https:\/\/tiendafinning.com\/index.php\/wp-json\/wp\/v2\/product_tag?post=22461"}],"curies":[{"name":"wp","href":"https:\/\/api.w.org\/{rel}","templated":true}]}}