{"id":21321,"date":"2024-10-17T14:47:16","date_gmt":"2024-10-17T14:47:16","guid":{"rendered":"https:\/\/tiendafinning.com\/?post_type=product&#038;p=21321"},"modified":"2026-02-05T15:06:35","modified_gmt":"2026-02-05T15:06:35","slug":"camion-articulado-745-cat-2","status":"publish","type":"product","link":"https:\/\/tiendafinning.com\/index.php\/product\/camion-articulado-745-cat-2\/","title":{"rendered":"Camion Articulado 745 Cat"},"content":{"rendered":"<ul>\n<li><strong>Estado del art\u00edculo:<\/strong>\u00a0Nuevo<\/li>\n<li><strong>Accesorios:<\/strong>\u00a0Si<\/li>\n<li><strong>Fabricante:<\/strong>\u00a0Diecast Masters<\/li>\n<li><strong>Modelo:<\/strong>\u00a0966M<\/li>\n<li><strong>Escala:<\/strong>\u00a01:50<\/li>\n<li><strong>Marca del veh\u00edculo:<\/strong>\u00a0Caterpillar<\/li>\n<li><strong>C\u00f3digo:<\/strong>\u00a085703<\/li>\n<li><strong>Rango de edad recomendado:<\/strong>\u00a014+<\/li>\n<li><strong>Dimensiones del producto:<\/strong>\u00a019cm x 7.5cm x 6cm<\/li>\n<li><strong>Peso del producto:<\/strong>\u00a0420Gr<\/li>\n<li><strong>Material:<\/strong>\u00a0Fundici\u00f3n<\/li>\n<li><strong>Color:<\/strong>\u00a0Amarillo<\/li>\n<\/ul>\n<p>Aut\u00e9ntico modelo hecho de metal fundido a presi\u00f3n.<br \/>\nInterior de la cabina detallado, incluido el operador.<br \/>\nDirecci\u00f3n articulada.<br \/>\nBarandillas y pasamanos aut\u00e9nticos.<br \/>\nAut\u00e9ntico dise\u00f1o de la banda de rodadura del neum\u00e1tico.<\/p>\n","protected":false},"excerpt":{"rendered":"<p>Escala 1:50<\/p>\n<p>Material: Metal<\/p>\n<p><img decoding=\"async\" class=\"alignnone wp-image-3218\" src=\"https:\/\/diecast.cl\/wp-content\/uploads\/2020\/11\/DM.png\" alt=\"\" width=\"138\" height=\"126\" \/><\/p>\n","protected":false},"featured_media":21322,"comment_status":"open","ping_status":"closed","template":"","meta":{"_joinchat":[]},"product_brand":[],"product_cat":[416],"product_tag":[112,113],"class_list":{"0":"post-21321","1":"product","2":"type-product","3":"status-publish","4":"has-post-thumbnail","6":"product_cat-camiones","7":"product_tag-caterpillar","8":"product_tag-diecast-masters","10":"first","11":"outofstock","12":"featured","13":"shipping-taxable","14":"purchasable","15":"product-type-simple"},"_links":{"self":[{"href":"https:\/\/tiendafinning.com\/index.php\/wp-json\/wp\/v2\/product\/21321","targetHints":{"allow":["GET"]}}],"collection":[{"href":"https:\/\/tiendafinning.com\/index.php\/wp-json\/wp\/v2\/product"}],"about":[{"href":"https:\/\/tiendafinning.com\/index.php\/wp-json\/wp\/v2\/types\/product"}],"replies":[{"embeddable":true,"href":"https:\/\/tiendafinning.com\/index.php\/wp-json\/wp\/v2\/comments?post=21321"}],"wp:featuredmedia":[{"embeddable":true,"href":"https:\/\/tiendafinning.com\/index.php\/wp-json\/wp\/v2\/media\/21322"}],"wp:attachment":[{"href":"https:\/\/tiendafinning.com\/index.php\/wp-json\/wp\/v2\/media?parent=21321"}],"wp:term":[{"taxonomy":"product_brand","embeddable":true,"href":"https:\/\/tiendafinning.com\/index.php\/wp-json\/wp\/v2\/product_brand?post=21321"},{"taxonomy":"product_cat","embeddable":true,"href":"https:\/\/tiendafinning.com\/index.php\/wp-json\/wp\/v2\/product_cat?post=21321"},{"taxonomy":"product_tag","embeddable":true,"href":"https:\/\/tiendafinning.com\/index.php\/wp-json\/wp\/v2\/product_tag?post=21321"}],"curies":[{"name":"wp","href":"https:\/\/api.w.org\/{rel}","templated":true}]}}