{"id":19462,"date":"2024-04-15T15:46:35","date_gmt":"2024-04-15T15:46:35","guid":{"rendered":"https:\/\/tiendafinning.com\/?post_type=product&#038;p=19462"},"modified":"2025-02-06T16:08:39","modified_gmt":"2025-02-06T16:08:39","slug":"excavadora-con-ruedas-mh3040-cat-con-detalle","status":"publish","type":"product","link":"https:\/\/tiendafinning.com\/index.php\/product\/excavadora-con-ruedas-mh3040-cat-con-detalle\/","title":{"rendered":"Excavadora con Ruedas MH3040 Cat (con detalle)"},"content":{"rendered":"<ul>\n<li><strong>Estado de Art\u00edculo:<\/strong>\u00a0Nuevo<\/li>\n<li><strong>Accesorios:<\/strong>\u00a0No<\/li>\n<li><strong>Marca:<\/strong>\u00a0Diecast Masters<\/li>\n<li><strong>Modelo:<\/strong>\u00a0MH3040<\/li>\n<li><strong>Escala:<\/strong>\u00a01:50<\/li>\n<li><strong>Marca de Veh\u00edculo:<\/strong>\u00a0Caterpillar<\/li>\n<li><strong>C\u00f3digo:<\/strong>\u00a085958<\/li>\n<li><strong>Rango de edad recomendado:<\/strong>\u00a014+<\/li>\n<li><strong>Dimensiones del producto:\u00a0<\/strong>31cm x 7cm x 14cm<\/li>\n<li><strong>Peso del producto:\u00a0<\/strong>600Gr<\/li>\n<li><strong>Material:<\/strong>\u00a0Fundici\u00f3n<\/li>\n<li><strong>Color:<\/strong>\u00a0Amarillo<\/li>\n<\/ul>\n<p>Aut\u00e9ntico modelo hecho de metal fundido a presi\u00f3n.<br \/>\nInterior detallado de la cabina.<br \/>\nHerramientas de trabajo intercambiables.<br \/>\nRuedas orientables.<br \/>\nEstabilizadores ajustables.<br \/>\nDise\u00f1o aut\u00e9ntico de la banda de rodadura del neum\u00e1tico.<br \/>\nEl cuerpo principal gira 360\u00b0.<br \/>\nEleva y baja el brazo.<br \/>\nDetalle interior, exterior.<\/p>\n","protected":false},"excerpt":{"rendered":"<p>Escala 1:50<\/p>\n<p><span style=\"color: #ed1c24;\">*Producto sin cambio o devoluci\u00f3n*<\/span><\/p>\n<p>Detalle: piezas de cabina despegadas<\/p>\n<p><img fetchpriority=\"high\" decoding=\"async\" class=\"alignnone size-full wp-image-8007\" src=\"https:\/\/diecast.cl\/wp-content\/uploads\/2021\/05\/diecastmaster-logo-e1667994263109.png\" alt=\"\" width=\"235\" height=\"215\" \/><\/p>\n","protected":false},"featured_media":19140,"comment_status":"open","ping_status":"closed","template":"","meta":{"_joinchat":[]},"product_brand":[],"product_cat":[],"product_tag":[112,113,200,114],"class_list":{"0":"post-19462","1":"product","2":"type-product","3":"status-publish","4":"has-post-thumbnail","6":"product_tag-caterpillar","7":"product_tag-diecast-masters","8":"product_tag-excavadora","9":"product_tag-mineria","11":"first","12":"instock","13":"sale","14":"shipping-taxable","15":"purchasable","16":"product-type-simple"},"_links":{"self":[{"href":"https:\/\/tiendafinning.com\/index.php\/wp-json\/wp\/v2\/product\/19462","targetHints":{"allow":["GET"]}}],"collection":[{"href":"https:\/\/tiendafinning.com\/index.php\/wp-json\/wp\/v2\/product"}],"about":[{"href":"https:\/\/tiendafinning.com\/index.php\/wp-json\/wp\/v2\/types\/product"}],"replies":[{"embeddable":true,"href":"https:\/\/tiendafinning.com\/index.php\/wp-json\/wp\/v2\/comments?post=19462"}],"wp:featuredmedia":[{"embeddable":true,"href":"https:\/\/tiendafinning.com\/index.php\/wp-json\/wp\/v2\/media\/19140"}],"wp:attachment":[{"href":"https:\/\/tiendafinning.com\/index.php\/wp-json\/wp\/v2\/media?parent=19462"}],"wp:term":[{"taxonomy":"product_brand","embeddable":true,"href":"https:\/\/tiendafinning.com\/index.php\/wp-json\/wp\/v2\/product_brand?post=19462"},{"taxonomy":"product_cat","embeddable":true,"href":"https:\/\/tiendafinning.com\/index.php\/wp-json\/wp\/v2\/product_cat?post=19462"},{"taxonomy":"product_tag","embeddable":true,"href":"https:\/\/tiendafinning.com\/index.php\/wp-json\/wp\/v2\/product_tag?post=19462"}],"curies":[{"name":"wp","href":"https:\/\/api.w.org\/{rel}","templated":true}]}}