{"id":19268,"date":"2024-04-08T13:15:11","date_gmt":"2024-04-08T13:15:11","guid":{"rendered":"https:\/\/tiendafinning.com\/?post_type=product&#038;p=19268"},"modified":"2024-04-30T13:28:11","modified_gmt":"2024-04-30T13:28:11","slug":"navaja-multiherramienta-14-funciones-caterpillar","status":"publish","type":"product","link":"https:\/\/tiendafinning.com\/index.php\/product\/navaja-multiherramienta-14-funciones-caterpillar\/","title":{"rendered":"Navaja Multiherramienta 14 funciones Caterpillar"},"content":{"rendered":"<p class=\"a-spacing-mini\"><span style=\"font-size: 90%;\">Herramienta m\u00faltiple Cat 14 en 1<\/span><\/p>\n<p class=\"a-spacing-mini\"><span style=\"font-size: 90%;\">Esta multiherramienta de aspecto afilado respalda la buena suerte con utilidad de sobra. Debajo de la piel de aluminio anodizado de dos tonos es una soluci\u00f3n multifunci\u00f3n para el trabajo, el juego, al aire libre, la automoci\u00f3n, barco y RV.<\/span><\/p>\n<p><span style=\"font-size: 90%;\">Catorce herramientas \u00fatiles est\u00e1n alojadas en un chasis de aluminio ligero. Estas herramientas de acero inoxidable resisten la corrosi\u00f3n, mientras que los tornillos ajustables te permiten apretar todo seg\u00fan sea necesario.<\/span><\/p>\n<p><span style=\"font-size: 90%;\">Las asas se pliegan para un almacenamiento compacto entre usos.<\/span><\/p>\n<p><span style=\"font-size: 90%;\">Pelacables y cortac\u00e9sped, cortador de alambre y abrebotellas, ranurado y Phillip destornillador, llave y alicates de 4 v\u00edas<\/span><\/p>\n<table class=\"a-normal a-spacing-micro\">\n<tbody>\n<tr class=\"a-spacing-small po-color\">\n<td class=\"a-span3\"><span class=\"a-size-base a-text-bold\">Color<\/span><\/td>\n<td class=\"a-span9\"><span class=\"a-size-base po-break-word\">Negro<\/span><\/td>\n<\/tr>\n<tr class=\"a-spacing-small po-material\">\n<td class=\"a-span3\"><span class=\"a-size-base a-text-bold\">Material<\/span><\/td>\n<td class=\"a-span9\"><span class=\"a-size-base po-break-word\">Metal<\/span><\/td>\n<\/tr>\n<tr class=\"a-spacing-small po-brand\">\n<td class=\"a-span3\"><span class=\"a-size-base a-text-bold\">Marca<\/span><\/td>\n<td class=\"a-span9\"><span class=\"a-size-base po-break-word\">Caterpillar<\/span><\/td>\n<\/tr>\n<tr class=\"a-spacing-small po-item_dimensions\">\n<td class=\"a-span3\"><span class=\"a-size-base a-text-bold\">Dimensiones del art\u00edculo LxWxH<\/span><\/td>\n<td class=\"a-span9\"><span class=\"a-size-base po-break-word\">2,75 x 4,5 x 11,5 pulgadas<\/span><\/td>\n<\/tr>\n<tr class=\"a-spacing-small po-included_components\">\n<td class=\"a-span3\"><span class=\"a-size-base a-text-bold\">Componentes incluidos<\/span><\/td>\n<td class=\"a-span9\"><span class=\"a-size-base po-break-word\">1 producto de la marca Caterpillar<\/span><\/td>\n<\/tr>\n<\/tbody>\n<\/table>\n","protected":false},"excerpt":{"rendered":"<p>Multiherramienta Caterpillar de acero inoxidable.<\/p>\n<p><img decoding=\"async\" class=\"alignnone  wp-image-5723\" src=\"https:\/\/diecast.cl\/wp-content\/uploads\/2021\/05\/Cat-logo-e1634144997712-300x221.png\" alt=\"\" width=\"254\" height=\"187\" \/><\/p>\n","protected":false},"featured_media":19269,"comment_status":"open","ping_status":"closed","template":"","meta":{"_joinchat":[]},"product_brand":[],"product_cat":[428],"product_tag":[766,112,310,689],"class_list":{"0":"post-19268","1":"product","2":"type-product","3":"status-publish","4":"has-post-thumbnail","6":"product_cat-sin-categorizar","7":"product_tag-766","8":"product_tag-caterpillar","9":"product_tag-merchandising","10":"product_tag-navaja","12":"first","13":"outofstock","14":"featured","15":"shipping-taxable","16":"purchasable","17":"product-type-simple"},"_links":{"self":[{"href":"https:\/\/tiendafinning.com\/index.php\/wp-json\/wp\/v2\/product\/19268","targetHints":{"allow":["GET"]}}],"collection":[{"href":"https:\/\/tiendafinning.com\/index.php\/wp-json\/wp\/v2\/product"}],"about":[{"href":"https:\/\/tiendafinning.com\/index.php\/wp-json\/wp\/v2\/types\/product"}],"replies":[{"embeddable":true,"href":"https:\/\/tiendafinning.com\/index.php\/wp-json\/wp\/v2\/comments?post=19268"}],"wp:featuredmedia":[{"embeddable":true,"href":"https:\/\/tiendafinning.com\/index.php\/wp-json\/wp\/v2\/media\/19269"}],"wp:attachment":[{"href":"https:\/\/tiendafinning.com\/index.php\/wp-json\/wp\/v2\/media?parent=19268"}],"wp:term":[{"taxonomy":"product_brand","embeddable":true,"href":"https:\/\/tiendafinning.com\/index.php\/wp-json\/wp\/v2\/product_brand?post=19268"},{"taxonomy":"product_cat","embeddable":true,"href":"https:\/\/tiendafinning.com\/index.php\/wp-json\/wp\/v2\/product_cat?post=19268"},{"taxonomy":"product_tag","embeddable":true,"href":"https:\/\/tiendafinning.com\/index.php\/wp-json\/wp\/v2\/product_tag?post=19268"}],"curies":[{"name":"wp","href":"https:\/\/api.w.org\/{rel}","templated":true}]}}