{"id":16750,"date":"2023-10-06T11:55:10","date_gmt":"2023-10-06T11:55:10","guid":{"rendered":"https:\/\/tiendafinning.com\/?post_type=product&#038;p=16750"},"modified":"2026-02-05T17:49:40","modified_gmt":"2026-02-05T17:49:40","slug":"minicargador-242d3-cat-2","status":"publish","type":"product","link":"https:\/\/tiendafinning.com\/index.php\/product\/minicargador-242d3-cat-2\/","title":{"rendered":"Minicargador 242D3 Cat"},"content":{"rendered":"<p><strong><span style=\"font-size: 17px;\">Descripci\u00f3n:<\/span><\/strong><\/p>\n<ul>\n<li><strong>Estado de Art\u00edculo:<\/strong>\u00a0Nuevo<\/li>\n<li><strong>Accesorios:<\/strong>\u00a0Si<\/li>\n<li><strong>Marca:<\/strong>\u00a0Diecast Masters<\/li>\n<li><strong>Modelo:<\/strong>\u00a0242D3<\/li>\n<li><strong>Escala:<\/strong>\u00a01:50<\/li>\n<li><strong>Marca de Veh\u00edculo:<\/strong>\u00a0Caterpillar<\/li>\n<li><strong>C\u00f3digo:<\/strong>\u00a085676<\/li>\n<li><strong>Rango de edad recomendado:<\/strong>\u00a014+<\/li>\n<li><strong>Dimensiones del producto:\u00a0<\/strong>7cm x 3cm x 4cm<\/li>\n<li><strong>Dimensiones de la caja:\u00a0<\/strong>16cm x 7cm x 8.5cm<\/li>\n<li><strong>Peso del producto:\u00a0<\/strong>150Gr<\/li>\n<li><strong>Peso con caja:\u00a0<\/strong>300Gr<\/li>\n<li><strong>Material:<\/strong>\u00a0Fundici\u00f3n<\/li>\n<li><strong>Color:<\/strong>\u00a0Amarillo<\/li>\n<\/ul>\n<p>Interior de la cabina detallado, Incluido el operador.<br \/>\nAut\u00e9ntico modelo hecho de metal fundido a presi\u00f3n.<br \/>\nBrazos articulados y acoplador.<br \/>\nIncluye 4 herramientas de trabajo intercambiables: cuchar\u00f3n de uso general, cuchar\u00f3n con garfio industrial, cuchar\u00f3n para material liviano, horquilla de bloque.<\/p>\n","protected":false},"excerpt":{"rendered":"<p>Material: Met\u00e1lico<\/p>\n<p>Escala 1:50<\/p>\n<p><a href=\"https:\/\/diecast.cl\/?attachment_id=5725\" rel=\"attachment wp-att-5725\" data-mce-href=\"https:\/\/diecast.cl\/?attachment_id=5725\"><img decoding=\"async\" class=\"alignnone wp-image-5725\" src=\"https:\/\/diecast.cl\/wp-content\/uploads\/2021\/05\/Diecast-master-logo-e1632315945472.png\" alt=\"\" width=\"126\" height=\"123\" data-mce-src=\"https:\/\/diecast.cl\/wp-content\/uploads\/2021\/05\/Diecast-master-logo-e1632315945472.png\"><\/a><\/p>\n","protected":false},"featured_media":17079,"comment_status":"open","ping_status":"closed","template":"","meta":{"_joinchat":[]},"product_brand":[],"product_cat":[423],"product_tag":[203,736,218,113,219],"class_list":{"0":"post-16750","1":"product","2":"type-product","3":"status-publish","4":"has-post-thumbnail","6":"product_cat-minicargadores","7":"product_tag-203","8":"product_tag-736","9":"product_tag-diecast","10":"product_tag-diecast-masters","11":"product_tag-masters","13":"first","14":"instock","15":"featured","16":"shipping-taxable","17":"purchasable","18":"product-type-simple"},"_links":{"self":[{"href":"https:\/\/tiendafinning.com\/index.php\/wp-json\/wp\/v2\/product\/16750","targetHints":{"allow":["GET"]}}],"collection":[{"href":"https:\/\/tiendafinning.com\/index.php\/wp-json\/wp\/v2\/product"}],"about":[{"href":"https:\/\/tiendafinning.com\/index.php\/wp-json\/wp\/v2\/types\/product"}],"replies":[{"embeddable":true,"href":"https:\/\/tiendafinning.com\/index.php\/wp-json\/wp\/v2\/comments?post=16750"}],"wp:featuredmedia":[{"embeddable":true,"href":"https:\/\/tiendafinning.com\/index.php\/wp-json\/wp\/v2\/media\/17079"}],"wp:attachment":[{"href":"https:\/\/tiendafinning.com\/index.php\/wp-json\/wp\/v2\/media?parent=16750"}],"wp:term":[{"taxonomy":"product_brand","embeddable":true,"href":"https:\/\/tiendafinning.com\/index.php\/wp-json\/wp\/v2\/product_brand?post=16750"},{"taxonomy":"product_cat","embeddable":true,"href":"https:\/\/tiendafinning.com\/index.php\/wp-json\/wp\/v2\/product_cat?post=16750"},{"taxonomy":"product_tag","embeddable":true,"href":"https:\/\/tiendafinning.com\/index.php\/wp-json\/wp\/v2\/product_tag?post=16750"}],"curies":[{"name":"wp","href":"https:\/\/api.w.org\/{rel}","templated":true}]}}