{"id":16682,"date":"2023-10-24T11:42:22","date_gmt":"2023-10-24T11:42:22","guid":{"rendered":"https:\/\/tiendafinning.com\/?post_type=product&#038;p=16682"},"modified":"2025-10-30T18:23:36","modified_gmt":"2025-10-30T18:23:36","slug":"agenda-caterpillar","status":"publish","type":"product","link":"https:\/\/tiendafinning.com\/index.php\/product\/agenda-caterpillar\/","title":{"rendered":"Agenda Caterpillar"},"content":{"rendered":"<ul>\n<li id=\"tw-target-text\" class=\"tw-data-text tw-text-large tw-ta\" dir=\"ltr\" data-placeholder=\"Translation\" data-ved=\"2ahUKEwj12qLuxd-BAxWRppUCHXoCAn8Q3ewLegQICBAQ\"><span class=\"Y2IQFc\" lang=\"es\">El diario dorado incluye un lazo para bol\u00edgrafo, cierre el\u00e1stico, bolsillo trasero expandible, marcador de cinta dorada y 250 p\u00e1ginas rayadas en marfil. <\/span><\/li>\n<li class=\"tw-data-text tw-text-large tw-ta\" dir=\"ltr\" data-placeholder=\"Translation\" data-ved=\"2ahUKEwj12qLuxd-BAxWRppUCHXoCAn8Q3ewLegQICBAQ\"><span class=\"Y2IQFc\" lang=\"es\">Bol\u00edgrafo no impreso incluido. Mide 51\/4\u201d x 83\/8\u201d. <\/span><\/li>\n<li class=\"tw-data-text tw-text-large tw-ta\" dir=\"ltr\" data-placeholder=\"Translation\" data-ved=\"2ahUKEwj12qLuxd-BAxWRppUCHXoCAn8Q3ewLegQICBAQ\"><span class=\"Y2IQFc\" lang=\"es\">En relieve.<\/span><\/li>\n<\/ul>\n","protected":false},"excerpt":{"rendered":"<p>Color: Amarillo<\/p>\n<p><a href=\"https:\/\/diecast.cl\/?attachment_id=3821\" rel=\"attachment wp-att-3821\"><img decoding=\"async\" class=\"alignnone wp-image-3821\" src=\"https:\/\/diecast.cl\/wp-content\/uploads\/2021\/02\/LOGO-CAT-300x223.jpg\" alt=\"\" width=\"156\" height=\"116\" \/><\/a><\/p>\n","protected":false},"featured_media":17044,"comment_status":"open","ping_status":"closed","template":"","meta":{"_joinchat":[]},"product_brand":[],"product_cat":[563],"product_tag":[112,310,494],"class_list":{"0":"post-16682","1":"product","2":"type-product","3":"status-publish","4":"has-post-thumbnail","6":"product_cat-libretas","7":"product_tag-caterpillar","8":"product_tag-merchandising","9":"product_tag-vaso","11":"first","12":"instock","13":"featured","14":"shipping-taxable","15":"purchasable","16":"product-type-simple"},"_links":{"self":[{"href":"https:\/\/tiendafinning.com\/index.php\/wp-json\/wp\/v2\/product\/16682","targetHints":{"allow":["GET"]}}],"collection":[{"href":"https:\/\/tiendafinning.com\/index.php\/wp-json\/wp\/v2\/product"}],"about":[{"href":"https:\/\/tiendafinning.com\/index.php\/wp-json\/wp\/v2\/types\/product"}],"replies":[{"embeddable":true,"href":"https:\/\/tiendafinning.com\/index.php\/wp-json\/wp\/v2\/comments?post=16682"}],"wp:featuredmedia":[{"embeddable":true,"href":"https:\/\/tiendafinning.com\/index.php\/wp-json\/wp\/v2\/media\/17044"}],"wp:attachment":[{"href":"https:\/\/tiendafinning.com\/index.php\/wp-json\/wp\/v2\/media?parent=16682"}],"wp:term":[{"taxonomy":"product_brand","embeddable":true,"href":"https:\/\/tiendafinning.com\/index.php\/wp-json\/wp\/v2\/product_brand?post=16682"},{"taxonomy":"product_cat","embeddable":true,"href":"https:\/\/tiendafinning.com\/index.php\/wp-json\/wp\/v2\/product_cat?post=16682"},{"taxonomy":"product_tag","embeddable":true,"href":"https:\/\/tiendafinning.com\/index.php\/wp-json\/wp\/v2\/product_tag?post=16682"}],"curies":[{"name":"wp","href":"https:\/\/api.w.org\/{rel}","templated":true}]}}