{"id":13695,"date":"2023-03-07T12:40:30","date_gmt":"2023-03-07T12:40:30","guid":{"rendered":"https:\/\/tiendafinning.com\/?post_type=product&#038;p=13695"},"modified":"2025-09-15T17:56:44","modified_gmt":"2025-09-15T17:56:44","slug":"excavadora-336-cat","status":"publish","type":"product","link":"https:\/\/tiendafinning.com\/index.php\/product\/excavadora-336-cat\/","title":{"rendered":"Excavadora 336 Cat."},"content":{"rendered":"<ul>\n<li><strong>Estado de Art\u00edculo:<\/strong>\u00a0Nuevo<\/li>\n<li><strong>Accesorios:<\/strong>\u00a0No<\/li>\n<li><strong>Marca:<\/strong>\u00a0DieCast Masters<\/li>\n<li><strong>Modelo:<\/strong>\u00a0336<\/li>\n<li><strong>Escala:<\/strong>\u00a01:50<\/li>\n<li><strong>Marca de Veh\u00edculo:<\/strong>\u00a0Caterpillar<\/li>\n<li><strong>C\u00f3digo:\u00a0<\/strong>85586<\/li>\n<li><strong>Rango de edad recomendado:<\/strong>\u00a014+<\/li>\n<li><strong>Dimensiones del producto:<\/strong>\u00a018cm\u00a0x 15cm x 8cm<\/li>\n<li><strong>Peso del producto:\u00a0<\/strong>1Kg<\/li>\n<li><strong>Material:<\/strong>\u00a0Fundici\u00f3n<\/li>\n<li><strong>Color:<\/strong>\u00a0Amarillo<\/li>\n<\/ul>\n<p>&nbsp;<\/p>\n<ul>\n<li>Aut\u00e9ntico modelo hecho de metal fundido a presi\u00f3n.<\/li>\n<li>Geometr\u00eda de la m\u00e1quina excavadora de pr\u00f3xima generaci\u00f3n<\/li>\n<li>Interior de la cabina detallado, incluido el operador<\/li>\n<li>Pistas de metal realistas<\/li>\n<li>Pluma, balanc\u00edn y cuchar\u00f3n m\u00f3viles<\/li>\n<li>Gira 360 grados en el tren de aterrizaje<\/li>\n<li><span class=\"a-list-item\"><span>Empaque de la Serie High Line: Caja de metal impresa a todo color, coleccionable, que incluye fotos y especificaciones de la m\u00e1quina.\u00a0El inserto de espuma troquelada protege el modelo dentro de la caja.\u00a0La caja exterior de cart\u00f3n brinda protecci\u00f3n adicional.<\/span><\/span><\/li>\n<li><span class=\"a-list-item\"><span>Geometr\u00eda de la m\u00e1quina excavadora de pr\u00f3xima generaci\u00f3n Interior detallado de la cabina, incluido el operador M\u00e1quina Cat aut\u00e9ntica Pintura amarilla Imagen comercial y calcoman\u00edas de seguridad aut\u00e9nticas de Cat.<\/span><\/span><\/li>\n<li><span class=\"a-list-item\"><span>Orugas de metal realistas Pluma, balanc\u00edn y cuchar\u00f3n movibles Gira 360 grados en el tren de rodaje Mangueras y pasamanos realistas<\/span><\/span><\/li>\n<\/ul>\n","protected":false},"excerpt":{"rendered":"<p>Material: Met\u00e1lico<\/p>\n<p>Escala: 1:50<\/p>\n<p><img decoding=\"async\" class=\"\" src=\"https:\/\/diecast.cl\/wp-content\/uploads\/2020\/11\/DM.png\" width=\"167\" height=\"152\" \/><\/p>\n","protected":false},"featured_media":14068,"comment_status":"open","ping_status":"closed","template":"","meta":{"_joinchat":[]},"product_brand":[],"product_cat":[413],"product_tag":[203,112,113,200],"class_list":{"0":"post-13695","1":"product","2":"type-product","3":"status-publish","4":"has-post-thumbnail","6":"product_cat-excavadoras","7":"product_tag-203","8":"product_tag-caterpillar","9":"product_tag-diecast-masters","10":"product_tag-excavadora","12":"first","13":"outofstock","14":"featured","15":"shipping-taxable","16":"purchasable","17":"product-type-simple"},"_links":{"self":[{"href":"https:\/\/tiendafinning.com\/index.php\/wp-json\/wp\/v2\/product\/13695","targetHints":{"allow":["GET"]}}],"collection":[{"href":"https:\/\/tiendafinning.com\/index.php\/wp-json\/wp\/v2\/product"}],"about":[{"href":"https:\/\/tiendafinning.com\/index.php\/wp-json\/wp\/v2\/types\/product"}],"replies":[{"embeddable":true,"href":"https:\/\/tiendafinning.com\/index.php\/wp-json\/wp\/v2\/comments?post=13695"}],"wp:featuredmedia":[{"embeddable":true,"href":"https:\/\/tiendafinning.com\/index.php\/wp-json\/wp\/v2\/media\/14068"}],"wp:attachment":[{"href":"https:\/\/tiendafinning.com\/index.php\/wp-json\/wp\/v2\/media?parent=13695"}],"wp:term":[{"taxonomy":"product_brand","embeddable":true,"href":"https:\/\/tiendafinning.com\/index.php\/wp-json\/wp\/v2\/product_brand?post=13695"},{"taxonomy":"product_cat","embeddable":true,"href":"https:\/\/tiendafinning.com\/index.php\/wp-json\/wp\/v2\/product_cat?post=13695"},{"taxonomy":"product_tag","embeddable":true,"href":"https:\/\/tiendafinning.com\/index.php\/wp-json\/wp\/v2\/product_tag?post=13695"}],"curies":[{"name":"wp","href":"https:\/\/api.w.org\/{rel}","templated":true}]}}