{"id":12992,"date":"2022-11-09T09:40:33","date_gmt":"2022-11-09T09:40:33","guid":{"rendered":"https:\/\/tiendafinning.com\/?post_type=product&#038;p=12992"},"modified":"2026-02-05T17:51:48","modified_gmt":"2026-02-05T17:51:48","slug":"excavadora-cat-336-r-c-radio-controlada-2","status":"publish","type":"product","link":"https:\/\/tiendafinning.com\/index.php\/product\/excavadora-cat-336-r-c-radio-controlada-2\/","title":{"rendered":"Excavadora Cat 336 &#8211; R\/C Radio Controlada"},"content":{"rendered":"<p><span style=\"font-size: 17px;\"><strong>Descripci\u00f3n:<\/strong><\/span><\/p>\n<ul>\n<li><strong>Estado de Art\u00edculo:<\/strong>\u00a0Nuevo<\/li>\n<li><strong>Accesorios:<\/strong>\u00a0No<\/li>\n<li><strong>Marca:<\/strong>\u00a0DieCast Masters<\/li>\n<li><strong>Modelo:<\/strong> 336<\/li>\n<li><strong>Escala:<\/strong> 1:35<\/li>\n<li><strong>Marca de Veh\u00edculo:<\/strong>\u00a0Caterpillar<\/li>\n<li><strong>C\u00f3digo: <\/strong>23001<\/li>\n<li><strong>Rango de edad recomendado:<\/strong>\u00a014 <\/li>\n<li><strong>Dimensiones del producto: <\/strong>73cm x 22cm x 50cm<\/li>\n<li><strong>Peso del producto: <\/strong>1Kg<\/li>\n<li><strong>Material:<\/strong>\u00a0Fundici\u00f3n<\/li>\n<li><strong>Color:<\/strong>\u00a0Amarillo<\/li>\n<\/ul>\n<p><strong><span style=\"font-size: 17px;\">Especificaciones:<\/span><\/strong><\/p>\n<ul>\n<li><span class=\"a-list-item\"><span><span>MODELO DE CONTROL DE RADIO TOTALMENTE FUNCIONAL: Diecast Masters 1:35 Diecast RC Cat 336 Hydraulic Remote Control Excavator Truck est\u00e1 completo con pintura amarilla genuina de Caterpillar *disponible solo para licenciatarios de Caterpillar Inc. Todos los elementos de decoraci\u00f3n y nomenclatura se toman de pel\u00edculas de m\u00e1quinas reales proporcionadas por Caterpillar .<\/span><\/span><\/span><\/li>\n<li><span class=\"a-list-item\"><span><span>SE MUEVE COMO LA M\u00c1QUINA REAL: este cami\u00f3n Caterpillar RC a escala 1:35 presenta funciones de luz y sonido realistas, funciones de demostraci\u00f3n autom\u00e1tica y movimientos de brazo individuales y movimientos de cuchar\u00f3n.<\/span><\/span><\/span><\/li>\n<li><span class=\"a-list-item\"><span><span>PAQUETE DE PANTALLA DE COLECCIONISTA: este modelo de cami\u00f3n rc viene en el empaque de exhibici\u00f3n de coleccionista de Diecast Masters.\u00a0<\/span><span>El empaque coleccionable presenta una ventana en el frente con una vista del modelo en el interior.\u00a0<\/span><span>El modelo de r\u00e9plica se mantiene seguro en una cavidad de espuma troquelada con una cubierta superior de pl\u00e1stico moldeado.<\/span><\/span><\/span><\/li>\n<li><span class=\"a-list-item\"><span><span>MATERIALES DE PRIMERA CALIDAD &#8211; Fabricado con metal y\/o pl\u00e1stico fundido a presi\u00f3n de alta calidad, completo con movimiento real y detalles de dise\u00f1o.\u00a0<\/span><span>Nuestras aut\u00e9nticas r\u00e9plicas a escala se ven y se mueven como la m\u00e1quina real con una impresionante distancia de control y capacidades de carga r\u00e1pida.\u00a0<\/span><span>Todos los modelos de camiones controlados por radio vienen con un control remoto y un juego de bater\u00edas incluido.<\/span><\/span><\/span><\/li>\n<li><span class=\"a-list-item\"><span><span>DIECAST MASTERS: Diecast Masters fabrica los modelos de camiones y remolques coleccionables m\u00e1s atractivos y mejor fabricados.\u00a0<\/span><span>Este modelo es parte de la serie Diecast Masters Radio Control de r\u00e9plicas de camiones a escala.\u00a0<\/span><span>Nuestros camiones de control remoto y veh\u00edculos de construcci\u00f3n rc para adultos y ni\u00f1os tienen licencia oficial con especial atenci\u00f3n a los detalles.<\/span><\/span><\/span><\/li>\n<\/ul>\n","protected":false},"excerpt":{"rendered":"<p>Escala: 1:35<\/p>\n<p>Serie: High Line Series<\/p>\n<p><img fetchpriority=\"high\" decoding=\"async\" class=\"alignnone wp-image-8007 size-full\" src=\"https:\/\/diecast.cl\/wp-content\/uploads\/2021\/05\/diecastmaster-logo-e1667994263109.png\" alt=\"\" width=\"235\" height=\"215\" \/><\/p>\n","protected":false},"featured_media":15581,"comment_status":"open","ping_status":"closed","template":"","meta":{"_joinchat":[]},"product_brand":[],"product_cat":[413],"product_tag":[220,113,200],"class_list":{"0":"post-12992","1":"product","2":"type-product","3":"status-publish","4":"has-post-thumbnail","6":"product_cat-excavadoras","7":"product_tag-220","8":"product_tag-diecast-masters","9":"product_tag-excavadora","11":"first","12":"outofstock","13":"featured","14":"shipping-taxable","15":"purchasable","16":"product-type-simple"},"_links":{"self":[{"href":"https:\/\/tiendafinning.com\/index.php\/wp-json\/wp\/v2\/product\/12992","targetHints":{"allow":["GET"]}}],"collection":[{"href":"https:\/\/tiendafinning.com\/index.php\/wp-json\/wp\/v2\/product"}],"about":[{"href":"https:\/\/tiendafinning.com\/index.php\/wp-json\/wp\/v2\/types\/product"}],"replies":[{"embeddable":true,"href":"https:\/\/tiendafinning.com\/index.php\/wp-json\/wp\/v2\/comments?post=12992"}],"wp:featuredmedia":[{"embeddable":true,"href":"https:\/\/tiendafinning.com\/index.php\/wp-json\/wp\/v2\/media\/15581"}],"wp:attachment":[{"href":"https:\/\/tiendafinning.com\/index.php\/wp-json\/wp\/v2\/media?parent=12992"}],"wp:term":[{"taxonomy":"product_brand","embeddable":true,"href":"https:\/\/tiendafinning.com\/index.php\/wp-json\/wp\/v2\/product_brand?post=12992"},{"taxonomy":"product_cat","embeddable":true,"href":"https:\/\/tiendafinning.com\/index.php\/wp-json\/wp\/v2\/product_cat?post=12992"},{"taxonomy":"product_tag","embeddable":true,"href":"https:\/\/tiendafinning.com\/index.php\/wp-json\/wp\/v2\/product_tag?post=12992"}],"curies":[{"name":"wp","href":"https:\/\/api.w.org\/{rel}","templated":true}]}}