{"id":12731,"date":"2021-02-04T15:23:11","date_gmt":"2021-02-04T15:23:11","guid":{"rendered":"https:\/\/tiendafinning.com\/?post_type=product&#038;p=12731"},"modified":"2023-06-16T15:34:00","modified_gmt":"2023-06-16T15:34:00","slug":"manipulador-telescopio-cat","status":"publish","type":"product","link":"https:\/\/tiendafinning.com\/index.php\/product\/manipulador-telescopio-cat\/","title":{"rendered":"Manipulador Telesc\u00f3pico Cat"},"content":{"rendered":"<p>El manipulador telesc\u00f3pico Cat\u00ae es un verdadero todoterreno.\u00a0Si es necesario palear grandes cantidades de tierra o cargar mercanc\u00edas delicadas en pal\u00e9s, el manipulador telesc\u00f3pico Cat\u00ae es un socio fiable y eficaz en cualquier situaci\u00f3n.\u00a0Su tama\u00f1o peque\u00f1o y el brazo telesc\u00f3pico extensible en gran medida son exactamente lo que lo convierte en la opci\u00f3n n\u00famero uno para muchos lugares de uso diferentes.\u00a0El modelo Cat\u00ae se controla cuidadosamente con cuatro manijas giratorias plateadas acentuadas.\u00a0Adem\u00e1s de la altura del brazo ajustable, la extensibilidad del brazo y la alterabilidad del \u00e1ngulo del portaherramientas, el manipulador telesc\u00f3pico tiene direcci\u00f3n en las cuatro ruedas completamente funcional.\u00a0Esto hace que la direcci\u00f3n tanto del cargador telesc\u00f3pico como del modelo BRUDER sea tan f\u00e1cil como un juego de ni\u00f1os.<\/p>\n<h3 class=\"p-heading p-heading--h3\">Cuerpo automotriz<\/h3>\n<div class=\"e-article-details__list-wrapper p-paragraph\">\n<ul class=\"articleHighlightsList\">\n<li>acoplamiento de barra de tiro<\/li>\n<li>el brazo telesc\u00f3pico se extiende y su altura se ajusta con la perilla giratoria superior<\/li>\n<li>Pala cargadora frontal cambiable<\/li>\n<li>El \u00e1ngulo del cubo se puede ajustar con el mango giratorio plateado.<\/li>\n<\/ul>\n<\/div>\n<h3 class=\"p-heading p-heading--h3\">Chasis<\/h3>\n<div class=\"e-article-details__list-wrapper p-paragraph\">\n<ul class=\"articleHighlightsList\">\n<li>Direcci\u00f3n en las cuatro ruedas con manija plateada<\/li>\n<li>llantas de rodadura<\/li>\n<\/ul>\n<\/div>\n<h3 class=\"p-heading p-heading--h3\">Com\u00fan<\/h3>\n<div class=\"e-article-details__list-wrapper p-paragraph\">\n<ul class=\"articleHighlightsList\">\n<li>\u00a1ADVERTENCIA!\u00a0No apto para ni\u00f1os menores de 36 meses.\u00a0Peligro de asfixia: piezas peque\u00f1as.<\/li>\n<li>Edad recomendada: a partir de 3 a\u00f1os para jugar en interior y exterior<\/li>\n<li>Recibi\u00f3 el premio Spiel Gut;\u00a0Para obtener m\u00e1s informaci\u00f3n, visite spielgut.org<\/li>\n<li>Fabricado con pl\u00e1sticos de alta calidad como ABS.<\/li>\n<li>Compatible con la figura<\/li>\n<\/ul>\n<ul>\n<li>Hecho por Bruder<\/li>\n<\/ul>\n<ul class=\"articleHighlightsList\">\n<li>Escala 1:16<\/li>\n<\/ul>\n<p>&nbsp;<\/p>\n<p>&nbsp;<\/p>\n<\/div>\n<p><img decoding=\"async\" class=\"\" src=\"https:\/\/www.bruder.de\/fileadmin\/user_upload\/shopware_media\/4e\/da\/7f\/badge-age-3.jpg\" alt=\"Edad recomendada: a partir de 3 a\u00f1os para jugar en interior y exterior\" width=\"86\" height=\"101\" \/><img decoding=\"async\" class=\"\" src=\"https:\/\/www.bruder.de\/fileadmin\/user_upload\/shopware_media\/1d\/c5\/21\/badge-bruder-germany.jpg\" alt=\"Hecho por Bruder\" width=\"100\" height=\"100\" \/><img decoding=\"async\" class=\"\" src=\"https:\/\/www.bruder.de\/fileadmin\/user_upload\/shopware_media\/36\/8b\/04\/badge-funktion-lenkbar.jpg\" alt=\"Direcci\u00f3n en las cuatro ruedas con manija plateada\" width=\"100\" height=\"100\" \/><img loading=\"lazy\" decoding=\"async\" class=\"\" src=\"https:\/\/www.bruder.de\/fileadmin\/user_upload\/shopware_media\/57\/c5\/0a\/badge-spielgut.jpg\" alt=\"Recibi\u00f3 el premio Spiel Gut; Para obtener m\u00e1s informaci\u00f3n, visite spielgut.org\" width=\"100\" height=\"100\" \/><img loading=\"lazy\" decoding=\"async\" class=\"\" src=\"https:\/\/www.bruder.de\/fileadmin\/user_upload\/shopware_media\/b0\/bd\/db\/badge-3-years.jpg\" alt=\"\u00a1ADVERTENCIA! No apto para ni\u00f1os menores de 36 meses. Peligro de asfixia: piezas peque\u00f1as.\" width=\"100\" height=\"100\" \/><img loading=\"lazy\" decoding=\"async\" class=\"\" src=\"https:\/\/www.bruder.de\/fileadmin\/user_upload\/shopware_media\/54\/f0\/c7\/badge-bworld.jpg\" alt=\"Compatible con la figura\" width=\"90\" height=\"101\" \/><\/p>\n","protected":false},"excerpt":{"rendered":"<p>Tama\u00f1o: 33,5 x 14,2 x 14 cm.<\/p>\n<p>Edad recomendada:  3<\/p>\n<p>Material: Pl\u00e1sticos de alta calidad como ABS<\/p>\n<p>Escala 1:16<\/p>\n<p><img loading=\"lazy\" decoding=\"async\" class=\"alignnone wp-image-3611\" src=\"https:\/\/diecast.cl\/wp-content\/uploads\/2021\/02\/Bruder-Logo-300x103.png\" alt=\"\" width=\"233\" height=\"80\" \/><\/p>\n","protected":false},"featured_media":12732,"comment_status":"open","ping_status":"closed","template":"","meta":{"_joinchat":[]},"product_brand":[],"product_cat":[425,422],"product_tag":[185,247],"class_list":{"0":"post-12731","1":"product","2":"type-product","3":"status-publish","4":"has-post-thumbnail","6":"product_cat-jugueteria","7":"product_cat-manipuladores","8":"product_tag-bruder","9":"product_tag-manipulador-telescopico","11":"first","12":"outofstock","13":"shipping-taxable","14":"purchasable","15":"product-type-simple"},"_links":{"self":[{"href":"https:\/\/tiendafinning.com\/index.php\/wp-json\/wp\/v2\/product\/12731","targetHints":{"allow":["GET"]}}],"collection":[{"href":"https:\/\/tiendafinning.com\/index.php\/wp-json\/wp\/v2\/product"}],"about":[{"href":"https:\/\/tiendafinning.com\/index.php\/wp-json\/wp\/v2\/types\/product"}],"replies":[{"embeddable":true,"href":"https:\/\/tiendafinning.com\/index.php\/wp-json\/wp\/v2\/comments?post=12731"}],"wp:featuredmedia":[{"embeddable":true,"href":"https:\/\/tiendafinning.com\/index.php\/wp-json\/wp\/v2\/media\/12732"}],"wp:attachment":[{"href":"https:\/\/tiendafinning.com\/index.php\/wp-json\/wp\/v2\/media?parent=12731"}],"wp:term":[{"taxonomy":"product_brand","embeddable":true,"href":"https:\/\/tiendafinning.com\/index.php\/wp-json\/wp\/v2\/product_brand?post=12731"},{"taxonomy":"product_cat","embeddable":true,"href":"https:\/\/tiendafinning.com\/index.php\/wp-json\/wp\/v2\/product_cat?post=12731"},{"taxonomy":"product_tag","embeddable":true,"href":"https:\/\/tiendafinning.com\/index.php\/wp-json\/wp\/v2\/product_tag?post=12731"}],"curies":[{"name":"wp","href":"https:\/\/api.w.org\/{rel}","templated":true}]}}