{"id":12716,"date":"2021-02-04T14:06:27","date_gmt":"2021-02-04T14:06:27","guid":{"rendered":"https:\/\/tiendafinning.com\/?post_type=product&#038;p=12716"},"modified":"2025-09-15T18:08:52","modified_gmt":"2025-09-15T18:08:52","slug":"bulldozer-cat-2","status":"publish","type":"product","link":"https:\/\/tiendafinning.com\/index.php\/product\/bulldozer-cat-2\/","title":{"rendered":"Bulldozer Cat"},"content":{"rendered":"<p>Este tipo de herramienta, denominada tractor de orugas en la jerga t\u00e9cnica, se utiliza para excavaciones y desmontes pesados, incluso en terrenos dif\u00edciles, hasta nivelaciones finas.\u00a0Como titular de la licencia internacional Cat\u00ae para el campo de los veh\u00edculos de juguete de tama\u00f1o modelo hechos de pl\u00e1stico, BRUDER presenta un modelo a escala 1:16.\u00a0A la manera t\u00edpica de BRUDER, la realidad se imita con el tractor de orugas que tiene una hoja giratoria e inclinable para todos los trabajos de desbroce y nivelaci\u00f3n, tambi\u00e9n es posible aflojar el suelo con el escarificador de dientes m\u00faltiples, incluso en terrenos muy dif\u00edciles.\u00a0Los enlaces reales de una sola pista le dan al veh\u00edculo caracter\u00edsticas de funcionamiento excepcionales.\u00a0El tractor de orugas completa la exitosa \u00abgama de veh\u00edculos peque\u00f1os\u00bb de BRUDER con otro atractivo veh\u00edculo.\u00a0Con este modelo BRUDER demuestra una vez m\u00e1s que un juguete de alta calidad,<\/p>\n<h3 class=\"p-heading p-heading--h3\">Cuerpo automotriz<\/h3>\n<div class=\"e-article-details__list-wrapper p-paragraph\">\n<ul class=\"articleHighlightsList\">\n<li>el escarificador desmontable montado en la parte trasera se puede mover hacia arriba y hacia abajo<\/li>\n<li>la cuchilla niveladora se puede mover hacia la izquierda\/derecha y hacia arriba\/abajo<\/li>\n<\/ul>\n<\/div>\n<h3 class=\"p-heading p-heading--h3\">Chasis<\/h3>\n<div class=\"e-article-details__list-wrapper p-paragraph\">\n<ul class=\"articleHighlightsList\">\n<li>Eslabones de cadena genuinos (no bandas de rodadura de goma)<\/li>\n<\/ul>\n<\/div>\n<h3 class=\"p-heading p-heading--h3\">M\u00e1s informaci\u00f3n<\/h3>\n<div class=\"e-article-details__list-wrapper p-paragraph\">\n<ul class=\"articleHighlightsList\">\n<li>incluido\u00a0adaptador trasero<\/li>\n<\/ul>\n<\/div>\n<h3 class=\"p-heading p-heading--h3\">Com\u00fan<\/h3>\n<div class=\"e-article-details__list-wrapper p-paragraph\">\n<ul class=\"articleHighlightsList\">\n<li>\u00a1ADVERTENCIA!\u00a0No apto para ni\u00f1os menores de 36 meses.\u00a0Peligro de asfixia: piezas peque\u00f1as.<\/li>\n<li>Edad recomendada: a partir de 3 a\u00f1os para jugar en interior y exterior<\/li>\n<li>Recibi\u00f3 el premio Spiel Gut;\u00a0Para obtener m\u00e1s informaci\u00f3n, visite spielgut.org<\/li>\n<li>Fabricado con pl\u00e1sticos de alta calidad como ABS.<\/li>\n<li>Compatible con la figura<\/li>\n<li>Hecho por Bruder<\/li>\n<li>Escala 1:16<\/li>\n<\/ul>\n<p><img decoding=\"async\" class=\"\" src=\"https:\/\/www.bruder.de\/fileadmin\/user_upload\/shopware_media\/4e\/da\/7f\/badge-age-3.jpg\" alt=\"Edad recomendada: a partir de 3 a\u00f1os para jugar en interior y exterior\" width=\"86\" height=\"101\" \/><img decoding=\"async\" class=\"\" src=\"https:\/\/www.bruder.de\/fileadmin\/user_upload\/shopware_media\/1d\/c5\/21\/badge-bruder-germany.jpg\" alt=\"Hecho por Bruder\" width=\"101\" height=\"101\" \/><img decoding=\"async\" class=\"\" src=\"https:\/\/www.bruder.de\/fileadmin\/user_upload\/shopware_media\/57\/c5\/0a\/badge-spielgut.jpg\" alt=\"Recibi\u00f3 el premio Spiel Gut; Para obtener m\u00e1s informaci\u00f3n, visite spielgut.org\" width=\"102\" height=\"102\" \/><img loading=\"lazy\" decoding=\"async\" class=\"\" src=\"https:\/\/www.bruder.de\/fileadmin\/user_upload\/shopware_media\/b0\/bd\/db\/badge-3-years.jpg\" alt=\"\u00a1ADVERTENCIA! No apto para ni\u00f1os menores de 36 meses. Peligro de asfixia: piezas peque\u00f1as.\" width=\"100\" height=\"100\" \/><img loading=\"lazy\" decoding=\"async\" class=\"\" src=\"https:\/\/www.bruder.de\/fileadmin\/user_upload\/shopware_media\/54\/f0\/c7\/badge-bworld.jpg\" alt=\"Compatible con la figura\" width=\"89\" height=\"100\" \/><\/p>\n<\/div>\n","protected":false},"excerpt":{"rendered":"<p>Tama\u00f1o: 30,3 x 14,6 x 15,8 cm.<\/p>\n<p>Edad recomendada:  3<\/p>\n<p>Material: Pl\u00e1sticos de alta calidad como ABS<\/p>\n<p>Escala 1:16<\/p>\n<p><img loading=\"lazy\" decoding=\"async\" class=\"alignnone wp-image-3611\" src=\"https:\/\/diecast.cl\/wp-content\/uploads\/2021\/02\/Bruder-Logo-300x103.png\" alt=\"\" width=\"253\" height=\"87\" \/><\/p>\n","protected":false},"featured_media":12717,"comment_status":"open","ping_status":"closed","template":"","meta":{"_joinchat":[]},"product_brand":[],"product_cat":[425],"product_tag":[185,235,112],"class_list":{"0":"post-12716","1":"product","2":"type-product","3":"status-publish","4":"has-post-thumbnail","6":"product_cat-jugueteria","7":"product_tag-bruder","8":"product_tag-bulldozer","9":"product_tag-caterpillar","11":"first","12":"outofstock","13":"shipping-taxable","14":"purchasable","15":"product-type-simple"},"_links":{"self":[{"href":"https:\/\/tiendafinning.com\/index.php\/wp-json\/wp\/v2\/product\/12716","targetHints":{"allow":["GET"]}}],"collection":[{"href":"https:\/\/tiendafinning.com\/index.php\/wp-json\/wp\/v2\/product"}],"about":[{"href":"https:\/\/tiendafinning.com\/index.php\/wp-json\/wp\/v2\/types\/product"}],"replies":[{"embeddable":true,"href":"https:\/\/tiendafinning.com\/index.php\/wp-json\/wp\/v2\/comments?post=12716"}],"wp:featuredmedia":[{"embeddable":true,"href":"https:\/\/tiendafinning.com\/index.php\/wp-json\/wp\/v2\/media\/12717"}],"wp:attachment":[{"href":"https:\/\/tiendafinning.com\/index.php\/wp-json\/wp\/v2\/media?parent=12716"}],"wp:term":[{"taxonomy":"product_brand","embeddable":true,"href":"https:\/\/tiendafinning.com\/index.php\/wp-json\/wp\/v2\/product_brand?post=12716"},{"taxonomy":"product_cat","embeddable":true,"href":"https:\/\/tiendafinning.com\/index.php\/wp-json\/wp\/v2\/product_cat?post=12716"},{"taxonomy":"product_tag","embeddable":true,"href":"https:\/\/tiendafinning.com\/index.php\/wp-json\/wp\/v2\/product_tag?post=12716"}],"curies":[{"name":"wp","href":"https:\/\/api.w.org\/{rel}","templated":true}]}}