{"id":12667,"date":"2022-10-19T17:01:37","date_gmt":"2022-10-19T17:01:37","guid":{"rendered":"https:\/\/tiendafinning.com\/?post_type=product&#038;p=12667"},"modified":"2024-11-13T12:37:11","modified_gmt":"2024-11-13T12:37:11","slug":"tractor-fendt-209s","status":"publish","type":"product","link":"https:\/\/tiendafinning.com\/index.php\/product\/tractor-fendt-209s\/","title":{"rendered":"Tractor Fendt 209S"},"content":{"rendered":"<p><span>Este Fendt 209 S es un tractor en versi\u00f3n est\u00e1ndar.\u00a0<\/span><span>Cuenta con acoplamiento de barra de tiro delantero y trasero, eje delantero independiente, neum\u00e1ticos blandos de goma y un techo deslizante para la extensi\u00f3n de la barra de direcci\u00f3n.\u00a0<\/span><span>\u00a1Adecuado para un cargador frontal (n.\u00ba de art\u00edculo 02319)!\u00a0<\/span><span>Este tractor es compatible con todos los tractores de las series TOP Pro y Pro, as\u00ed como con los Unimog.<\/span><\/p>\n<h3 class=\"p-heading p-heading--h3\">Com\u00fan<\/h3>\n<div class=\"e-article-details__list-wrapper p-paragraph\">\n<ul class=\"articleHighlightsList\">\n<li>\u00a1ADVERTENCIA!\u00a0No apto para ni\u00f1os menores de 36 meses.\u00a0Peligro de asfixia: piezas peque\u00f1as.<\/li>\n<li>Fabricado con pl\u00e1sticos de alta calidad como ABS.<\/li>\n<li>Hecho por Bruder<\/li>\n<li>Escala 1:16<\/li>\n<\/ul>\n<p><img decoding=\"async\" class=\"\" src=\"https:\/\/www.bruder.de\/fileadmin\/user_upload\/shopware_media\/1d\/c5\/21\/badge-bruder-germany.jpg\" alt=\"Hecho por Bruder\" width=\"101\" height=\"101\" \/><img decoding=\"async\" class=\"\" src=\"https:\/\/cdn.shopify.com\/s\/files\/1\/0441\/2971\/4331\/files\/Bruder-SERVICE-LOGO_480x480.png?v=1599963523\" width=\"179\" height=\"62\" \/><img decoding=\"async\" src=\"https:\/\/cdn.shopify.com\/s\/files\/1\/0441\/2971\/4331\/files\/badge-3-years_100x100.jpg?v=1600018464\" \/><\/p>\n<\/div>\n","protected":false},"excerpt":{"rendered":"<p>Edad recomendada: +3<\/p>\n<p>Material: Pl\u00e1sticos de alta calidad como ABS<\/p>\n<p>Tama\u00f1o: 23,6 x 13,0 x 15,0 cm.<\/p>\n<p>&nbsp;<\/p>\n<p><a href=\"https:\/\/diecast.cl\/?attachment_id=3611\" rel=\"attachment wp-att-3611\"><img decoding=\"async\" class=\"alignnone wp-image-3611\" src=\"https:\/\/diecast.cl\/wp-content\/uploads\/2021\/02\/Bruder-Logo-300x103.png\" alt=\"\" width=\"224\" height=\"77\" \/><\/a><\/p>\n","protected":false},"featured_media":14020,"comment_status":"open","ping_status":"closed","template":"","meta":{"_joinchat":[]},"product_brand":[],"product_cat":[],"product_tag":[185,472,606],"class_list":{"0":"post-12667","1":"product","2":"type-product","3":"status-publish","4":"has-post-thumbnail","6":"product_tag-bruder","7":"product_tag-jugueteria","8":"product_tag-segadora","10":"first","11":"outofstock","12":"featured","13":"shipping-taxable","14":"purchasable","15":"product-type-simple"},"_links":{"self":[{"href":"https:\/\/tiendafinning.com\/index.php\/wp-json\/wp\/v2\/product\/12667","targetHints":{"allow":["GET"]}}],"collection":[{"href":"https:\/\/tiendafinning.com\/index.php\/wp-json\/wp\/v2\/product"}],"about":[{"href":"https:\/\/tiendafinning.com\/index.php\/wp-json\/wp\/v2\/types\/product"}],"replies":[{"embeddable":true,"href":"https:\/\/tiendafinning.com\/index.php\/wp-json\/wp\/v2\/comments?post=12667"}],"wp:featuredmedia":[{"embeddable":true,"href":"https:\/\/tiendafinning.com\/index.php\/wp-json\/wp\/v2\/media\/14020"}],"wp:attachment":[{"href":"https:\/\/tiendafinning.com\/index.php\/wp-json\/wp\/v2\/media?parent=12667"}],"wp:term":[{"taxonomy":"product_brand","embeddable":true,"href":"https:\/\/tiendafinning.com\/index.php\/wp-json\/wp\/v2\/product_brand?post=12667"},{"taxonomy":"product_cat","embeddable":true,"href":"https:\/\/tiendafinning.com\/index.php\/wp-json\/wp\/v2\/product_cat?post=12667"},{"taxonomy":"product_tag","embeddable":true,"href":"https:\/\/tiendafinning.com\/index.php\/wp-json\/wp\/v2\/product_tag?post=12667"}],"curies":[{"name":"wp","href":"https:\/\/api.w.org\/{rel}","templated":true}]}}