{"id":9104,"date":"2021-12-15T12:10:29","date_gmt":"2021-12-15T12:10:29","guid":{"rendered":"https:\/\/tiendafinning.com\/?post_type=product&#038;p=9104"},"modified":"2023-06-14T16:57:17","modified_gmt":"2023-06-14T16:57:17","slug":"cargador-de-ruedas-cat","status":"publish","type":"product","link":"https:\/\/tiendafinning.com\/empresas\/index.php\/product\/cargador-de-ruedas-cat\/","title":{"rendered":"Cargador de Ruedas Cat"},"content":{"rendered":"<p>Los tractores de ruedas articulados compactos, manejables, \u00e1giles, vers\u00e1tiles y compactos son hoy en d\u00eda indispensables en la construcci\u00f3n, la miner\u00eda, la agricultura y la silvicultura.\u00a0Como titular de la licencia internacional Cat\u00ae para el campo de los veh\u00edculos de juguete de tama\u00f1o modelo hechos de pl\u00e1stico, BRUDER contin\u00faa este desarrollo con la introducci\u00f3n de un juguete basado en el modelo Cat\u00ae 908 original, a escala 1:16.\u00a0A la manera t\u00edpica de BRUDER, se imita la realidad con la cargadora de ruedas que tiene un brazo de carga en pleno funcionamiento con cuchara delantera basculante y desmontable.\u00a0El juego de accesorios de cargador frontal BRUDER con n\u00famero de art\u00edculo 02318 es ideal para ampliar de forma realista la gama de aplicaciones de juego del modelo.\u00a0La cargadora sobre ruedas completa la exitosa &#8220;gama de veh\u00edculos peque\u00f1os&#8221; con otro atractivo veh\u00edculo.\u00a0BRUDER demuestra una vez m\u00e1s que un juguete de alta calidad,<\/p>\n<p>&nbsp;<\/p>\n<h3 class=\"p-heading p-heading--h3\">Cuerpo automotriz<\/h3>\n<div class=\"e-article-details__list-wrapper p-paragraph\">\n<ul class=\"articleHighlightsList\">\n<li>acoplamiento trasero desmontable<\/li>\n<li>pala delantera basculante desmontable<\/li>\n<li>brazo de carga articulado con gu\u00eda paralela<\/li>\n<\/ul>\n<\/div>\n<h3 class=\"p-heading p-heading--h3\">Chasis<\/h3>\n<div class=\"e-article-details__list-wrapper p-paragraph\">\n<ul class=\"articleHighlightsList\">\n<li>direcci\u00f3n articulada<\/li>\n<\/ul>\n<\/div>\n<h3 class=\"p-heading p-heading--h3\">Movimiento\/funci\u00f3n<\/h3>\n<div class=\"e-article-details__list-wrapper p-paragraph\">\n<ul class=\"articleHighlightsList\">\n<li>brazo de carga totalmente funcional<\/li>\n<\/ul>\n<\/div>\n<h3 class=\"p-heading p-heading--h3\">Com\u00fan<\/h3>\n<div class=\"e-article-details__list-wrapper p-paragraph\">\n<ul class=\"articleHighlightsList\">\n<li>\u00a1ADVERTENCIA!\u00a0No apto para ni\u00f1os menores de 36 meses.\u00a0Peligro de asfixia: piezas peque\u00f1as.<\/li>\n<li>Edad recomendada: a partir de 3 a\u00f1os para jugar en interior y exterior<\/li>\n<li>Recibi\u00f3 el premio Spiel Gut;\u00a0Para obtener m\u00e1s informaci\u00f3n, visite spielgut.org<\/li>\n<li>Fabricado con pl\u00e1sticos de alta calidad como ABS.<\/li>\n<li>Compatible con la figura<\/li>\n<li>Hecho por Bruder<\/li>\n<li>Escala 1:16<\/li>\n<\/ul>\n<p><img decoding=\"async\" class=\"\" src=\"https:\/\/www.bruder.de\/fileadmin\/user_upload\/shopware_media\/4e\/da\/7f\/badge-age-3.jpg\" alt=\"Edad recomendada: a partir de 3 a\u00f1os para jugar en interior y exterior\" width=\"87\" height=\"101\" \/><img decoding=\"async\" class=\"\" src=\"https:\/\/www.bruder.de\/fileadmin\/user_upload\/shopware_media\/1d\/c5\/21\/badge-bruder-germany.jpg\" alt=\"Hecho por Bruder\" width=\"100\" height=\"100\" \/><img decoding=\"async\" class=\"\" src=\"https:\/\/www.bruder.de\/fileadmin\/user_upload\/shopware_media\/36\/8b\/04\/badge-funktion-lenkbar.jpg\" alt=\"direcci\u00f3n articulada\" width=\"101\" height=\"101\" \/><img loading=\"lazy\" decoding=\"async\" class=\"\" src=\"https:\/\/www.bruder.de\/fileadmin\/user_upload\/shopware_media\/57\/c5\/0a\/badge-spielgut.jpg\" alt=\"Recibi\u00f3 el premio Spiel Gut; Para obtener m\u00e1s informaci\u00f3n, visite spielgut.org\" width=\"100\" height=\"100\" \/><img loading=\"lazy\" decoding=\"async\" class=\"\" src=\"https:\/\/www.bruder.de\/fileadmin\/user_upload\/shopware_media\/b0\/bd\/db\/badge-3-years.jpg\" alt=\"\u00a1ADVERTENCIA! No apto para ni\u00f1os menores de 36 meses. Peligro de asfixia: piezas peque\u00f1as.\" width=\"100\" height=\"100\" \/><img loading=\"lazy\" decoding=\"async\" class=\"\" src=\"https:\/\/www.bruder.de\/fileadmin\/user_upload\/shopware_media\/54\/f0\/c7\/badge-bworld.jpg\" alt=\"Compatible con la figura\" width=\"90\" height=\"101\" \/><\/p>\n<\/div>\n","protected":false},"excerpt":{"rendered":"<p>Edad recomendada:  3<\/p>\n<p>Material: Pl\u00e1sticos de alta calidad como ABS<\/p>\n<p>Tama\u00f1o: 33,5 x 11,7 x 16,4 cm.<\/p>\n<p>&nbsp;<\/p>\n<p><a href=\"https:\/\/diecast.cl\/?attachment_id=3611\" rel=\"attachment wp-att-3611\"><img loading=\"lazy\" decoding=\"async\" class=\"alignnone wp-image-3611\" src=\"https:\/\/diecast.cl\/wp-content\/uploads\/2021\/02\/Bruder-Logo-300x103.png\" alt=\"\" width=\"224\" height=\"77\" \/><\/a><\/p>\n","protected":false},"featured_media":12860,"comment_status":"open","ping_status":"closed","template":"","meta":{"_joinchat":[]},"product_brand":[],"product_cat":[418,425],"product_tag":[185,340,472],"class_list":{"0":"post-9104","1":"product","2":"type-product","3":"status-publish","4":"has-post-thumbnail","6":"product_cat-cargadores-frontales","7":"product_cat-jugueteria","8":"product_tag-bruder","9":"product_tag-cargador","10":"product_tag-jugueteria","12":"first","13":"outofstock","14":"taxable","15":"shipping-taxable","16":"purchasable","17":"product-type-simple"},"_links":{"self":[{"href":"https:\/\/tiendafinning.com\/empresas\/index.php\/wp-json\/wp\/v2\/product\/9104","targetHints":{"allow":["GET"]}}],"collection":[{"href":"https:\/\/tiendafinning.com\/empresas\/index.php\/wp-json\/wp\/v2\/product"}],"about":[{"href":"https:\/\/tiendafinning.com\/empresas\/index.php\/wp-json\/wp\/v2\/types\/product"}],"replies":[{"embeddable":true,"href":"https:\/\/tiendafinning.com\/empresas\/index.php\/wp-json\/wp\/v2\/comments?post=9104"}],"wp:featuredmedia":[{"embeddable":true,"href":"https:\/\/tiendafinning.com\/empresas\/index.php\/wp-json\/wp\/v2\/media\/12860"}],"wp:attachment":[{"href":"https:\/\/tiendafinning.com\/empresas\/index.php\/wp-json\/wp\/v2\/media?parent=9104"}],"wp:term":[{"taxonomy":"product_brand","embeddable":true,"href":"https:\/\/tiendafinning.com\/empresas\/index.php\/wp-json\/wp\/v2\/product_brand?post=9104"},{"taxonomy":"product_cat","embeddable":true,"href":"https:\/\/tiendafinning.com\/empresas\/index.php\/wp-json\/wp\/v2\/product_cat?post=9104"},{"taxonomy":"product_tag","embeddable":true,"href":"https:\/\/tiendafinning.com\/empresas\/index.php\/wp-json\/wp\/v2\/product_tag?post=9104"}],"curies":[{"name":"wp","href":"https:\/\/api.w.org\/{rel}","templated":true}]}}