{"id":5992,"date":"2021-06-30T19:35:30","date_gmt":"2021-06-30T19:35:30","guid":{"rendered":"https:\/\/tiendafinning.com\/?post_type=product&#038;p=5992"},"modified":"2025-09-15T18:06:43","modified_gmt":"2025-09-15T18:06:43","slug":"carro-de-arrastre","status":"publish","type":"product","link":"https:\/\/tiendafinning.com\/empresas\/index.php\/product\/carro-de-arrastre\/","title":{"rendered":"Minicargador Cat. C\/Oruga"},"content":{"rendered":"<p>El cargador de cadenas compacto Cat\u00ae es verdaderamente multifuncional.\u00a0Potente, flexible y m\u00f3vil: es la opci\u00f3n n\u00famero uno para cualquier \u00e1rea peque\u00f1a.\u00a0Las funciones de la cargadora compacta de orugas Cat\u00ae son comparables a las de la cargadora compacta Cat\u00ae, pero la cargadora todoterreno tiene una transmisi\u00f3n por cadena de caucho, lo que crea una presi\u00f3n sobre el suelo mucho m\u00e1s baja.\u00a0Es muy divertido ver con qu\u00e9 precisi\u00f3n funcionan las cadenas mientras mueve el cargador de orugas compacto Cat\u00ae sobre todo tipo de superficies, especialmente cuando juega.\u00a0El brazo m\u00f3vil de la cargadora de orugas compacta Cat\u00ae se puede bloquear en muchas posiciones y alcanzar una altura particularmente alta gracias a su construcci\u00f3n especial.\u00a0Un adaptador para accesorios que ya se utilizan en varios veh\u00edculos BRUDER permite que la cargadora de orugas compacta Cat\u00ae y su equipo disponible opcionalmente dominen todo tipo de trabajo en muy poco tiempo.<\/p>\n<h3 class=\"p-heading p-heading--h3\">Cuerpo automotriz<\/h3>\n<div class=\"e-article-details__list-wrapper p-paragraph\">\n<ul class=\"articleHighlightsList\">\n<li>el brazo de carga es ajustable en altura y se puede subir\/bajar y bloquear en posici\u00f3n<\/li>\n<\/ul>\n<\/div>\n<h3 class=\"p-heading p-heading--h3\">Chasis<\/h3>\n<div class=\"e-article-details__list-wrapper p-paragraph\">\n<ul class=\"articleHighlightsList\">\n<li>cadenas de goma m\u00f3viles<\/li>\n<\/ul>\n<\/div>\n<h3 class=\"p-heading p-heading--h3\">M\u00e1s informaci\u00f3n<\/h3>\n<div class=\"e-article-details__list-wrapper p-paragraph\">\n<ul class=\"articleHighlightsList\">\n<li>incluido\u00a0Adaptador frontal<\/li>\n<\/ul>\n<\/div>\n<h3 class=\"p-heading p-heading--h3\">Com\u00fan<\/h3>\n<div class=\"e-article-details__list-wrapper p-paragraph\">\n<ul class=\"articleHighlightsList\">\n<li>\u00a1ADVERTENCIA!\u00a0No apto para ni\u00f1os menores de 36 meses.\u00a0Peligro de asfixia: piezas peque\u00f1as.<\/li>\n<li>Edad recomendada: a partir de 3 a\u00f1os para jugar en interior y exterior<\/li>\n<li>Fabricado con pl\u00e1sticos de alta calidad como ABS.<\/li>\n<li>Compatible con la figura<\/li>\n<li>Hecho por Bruder<\/li>\n<li>Escala 1:16<\/li>\n<\/ul>\n<p><img decoding=\"async\" class=\"\" src=\"https:\/\/www.bruder.de\/fileadmin\/user_upload\/shopware_media\/4e\/da\/7f\/badge-age-3.jpg\" alt=\"Edad recomendada: a partir de 3 a\u00f1os para jugar en interior y exterior\" width=\"88\" height=\"103\" \/><img decoding=\"async\" class=\"\" src=\"https:\/\/www.bruder.de\/fileadmin\/user_upload\/shopware_media\/1d\/c5\/21\/badge-bruder-germany.jpg\" alt=\"Hecho por Bruder\" width=\"100\" height=\"100\" \/><img decoding=\"async\" class=\"\" src=\"https:\/\/www.bruder.de\/fileadmin\/user_upload\/shopware_media\/b0\/bd\/db\/badge-3-years.jpg\" alt=\"\u00a1ADVERTENCIA! No apto para ni\u00f1os menores de 36 meses. Peligro de asfixia: piezas peque\u00f1as.\" width=\"99\" height=\"99\" \/><img loading=\"lazy\" decoding=\"async\" class=\"\" src=\"https:\/\/www.bruder.de\/fileadmin\/user_upload\/shopware_media\/54\/f0\/c7\/badge-bworld.jpg\" alt=\"Compatible con la figura\" width=\"89\" height=\"100\" \/><\/p>\n<\/div>\n","protected":false},"excerpt":{"rendered":"<p>Escala 1:16<\/p>\n<p>Edad recomendada: +3<\/p>\n<p>Material: Pl\u00e1sticos de alta calidad como ABS<\/p>\n<p>Tama\u00f1o: 39 x 17 x 14,5 cm.<\/p>\n<p><a href=\"https:\/\/diecast.cl\/?attachment_id=3611\" rel=\"attachment wp-att-3611\"><br \/>\n<img loading=\"lazy\" decoding=\"async\" class=\"alignnone wp-image-3611\" src=\"https:\/\/diecast.cl\/wp-content\/uploads\/2021\/02\/Bruder-Logo-300x103.png\" alt=\"\" width=\"224\" height=\"77\" \/><\/a><\/p>\n","protected":false},"featured_media":12787,"comment_status":"open","ping_status":"closed","template":"","meta":{"_joinchat":[]},"product_brand":[],"product_cat":[425,423],"product_tag":[293,185,472],"class_list":{"0":"post-5992","1":"product","2":"type-product","3":"status-publish","4":"has-post-thumbnail","6":"product_cat-jugueteria","7":"product_cat-minicargadores","8":"product_tag-293","9":"product_tag-bruder","10":"product_tag-jugueteria","12":"first","13":"outofstock","14":"featured","15":"taxable","16":"shipping-taxable","17":"purchasable","18":"product-type-simple"},"_links":{"self":[{"href":"https:\/\/tiendafinning.com\/empresas\/index.php\/wp-json\/wp\/v2\/product\/5992","targetHints":{"allow":["GET"]}}],"collection":[{"href":"https:\/\/tiendafinning.com\/empresas\/index.php\/wp-json\/wp\/v2\/product"}],"about":[{"href":"https:\/\/tiendafinning.com\/empresas\/index.php\/wp-json\/wp\/v2\/types\/product"}],"replies":[{"embeddable":true,"href":"https:\/\/tiendafinning.com\/empresas\/index.php\/wp-json\/wp\/v2\/comments?post=5992"}],"wp:featuredmedia":[{"embeddable":true,"href":"https:\/\/tiendafinning.com\/empresas\/index.php\/wp-json\/wp\/v2\/media\/12787"}],"wp:attachment":[{"href":"https:\/\/tiendafinning.com\/empresas\/index.php\/wp-json\/wp\/v2\/media?parent=5992"}],"wp:term":[{"taxonomy":"product_brand","embeddable":true,"href":"https:\/\/tiendafinning.com\/empresas\/index.php\/wp-json\/wp\/v2\/product_brand?post=5992"},{"taxonomy":"product_cat","embeddable":true,"href":"https:\/\/tiendafinning.com\/empresas\/index.php\/wp-json\/wp\/v2\/product_cat?post=5992"},{"taxonomy":"product_tag","embeddable":true,"href":"https:\/\/tiendafinning.com\/empresas\/index.php\/wp-json\/wp\/v2\/product_tag?post=5992"}],"curies":[{"name":"wp","href":"https:\/\/api.w.org\/{rel}","templated":true}]}}