{"id":5565,"date":"2021-05-20T19:08:46","date_gmt":"2021-05-20T19:08:46","guid":{"rendered":"https:\/\/tiendafinning.com\/?post_type=product&#038;p=5565"},"modified":"2024-11-13T12:51:54","modified_gmt":"2024-11-13T12:51:54","slug":"vaso-tumbler","status":"publish","type":"product","link":"https:\/\/tiendafinning.com\/empresas\/index.php\/product\/vaso-tumbler\/","title":{"rendered":"Vaso tumbler Caterpillar"},"content":{"rendered":"","protected":false},"excerpt":{"rendered":"<p>Modelo: Gunmetal 20 oz.<\/p>\n<p>Material: Acero inoxidable con aislamiento de cobre al vac\u00edo de doble pared. Tapa roscada transl\u00facida negra con cierre de solapa. Mantiene las bebidas calientes por 8 horas y fr\u00edas por hasta 24 horas. No est\u00e1 dise\u00f1ado para su uso en lavavajillas o microondas. Proyectado<\/p>\n<p><a href=\"https:\/\/diecast.cl\/?attachment_id=3821\" rel=\"attachment wp-att-3821\"><img decoding=\"async\" class=\"alignnone wp-image-3821\" src=\"https:\/\/diecast.cl\/wp-content\/uploads\/2021\/02\/LOGO-CAT-300x223.jpg\" alt=\"\" width=\"148\" height=\"110\" \/><\/a><\/p>\n","protected":false},"featured_media":12883,"comment_status":"open","ping_status":"closed","template":"","meta":{"_joinchat":[]},"product_brand":[],"product_cat":[493],"product_tag":[112,310,494],"class_list":{"0":"post-5565","1":"product","2":"type-product","3":"status-publish","4":"has-post-thumbnail","6":"product_cat-tazas-y-vasos","7":"product_tag-caterpillar","8":"product_tag-merchandising","9":"product_tag-vaso","11":"first","12":"outofstock","13":"featured","14":"taxable","15":"shipping-taxable","16":"purchasable","17":"product-type-simple"},"_links":{"self":[{"href":"https:\/\/tiendafinning.com\/empresas\/index.php\/wp-json\/wp\/v2\/product\/5565","targetHints":{"allow":["GET"]}}],"collection":[{"href":"https:\/\/tiendafinning.com\/empresas\/index.php\/wp-json\/wp\/v2\/product"}],"about":[{"href":"https:\/\/tiendafinning.com\/empresas\/index.php\/wp-json\/wp\/v2\/types\/product"}],"replies":[{"embeddable":true,"href":"https:\/\/tiendafinning.com\/empresas\/index.php\/wp-json\/wp\/v2\/comments?post=5565"}],"wp:featuredmedia":[{"embeddable":true,"href":"https:\/\/tiendafinning.com\/empresas\/index.php\/wp-json\/wp\/v2\/media\/12883"}],"wp:attachment":[{"href":"https:\/\/tiendafinning.com\/empresas\/index.php\/wp-json\/wp\/v2\/media?parent=5565"}],"wp:term":[{"taxonomy":"product_brand","embeddable":true,"href":"https:\/\/tiendafinning.com\/empresas\/index.php\/wp-json\/wp\/v2\/product_brand?post=5565"},{"taxonomy":"product_cat","embeddable":true,"href":"https:\/\/tiendafinning.com\/empresas\/index.php\/wp-json\/wp\/v2\/product_cat?post=5565"},{"taxonomy":"product_tag","embeddable":true,"href":"https:\/\/tiendafinning.com\/empresas\/index.php\/wp-json\/wp\/v2\/product_tag?post=5565"}],"curies":[{"name":"wp","href":"https:\/\/api.w.org\/{rel}","templated":true}]}}