{"id":5427,"date":"2021-05-19T19:56:28","date_gmt":"2021-05-19T19:56:28","guid":{"rendered":"https:\/\/tiendafinning.com\/?post_type=product&#038;p=5427"},"modified":"2024-11-13T12:51:47","modified_gmt":"2024-11-13T12:51:47","slug":"cargador-frontal-cat-998k-forestal","status":"publish","type":"product","link":"https:\/\/tiendafinning.com\/empresas\/index.php\/product\/cargador-frontal-cat-998k-forestal\/","title":{"rendered":"\u00a0Cargador Frontal 988k Cat."},"content":{"rendered":"<ul>\n<li><strong>Estado de Art\u00edculo:<\/strong>\u00a0Nuevo<\/li>\n<li><strong>Accesorios:<\/strong>\u00a0No<\/li>\n<li><strong>Marca:<\/strong>\u00a0Diecast Masters<\/li>\n<li><strong>Modelo:<\/strong>\u00a0988K<\/li>\n<li><strong>Escala:<\/strong>\u00a01:50<\/li>\n<li><strong>Marca de Veh\u00edculo:<\/strong>\u00a0Caterpillar<\/li>\n<li><strong>C\u00f3digo:<\/strong>\u00a085917<\/li>\n<li><strong>Rango de edad recomendado:<\/strong>\u00a014+<\/li>\n<li><strong>Dimensiones del producto:\u00a0<\/strong>28cm x 7.5cm x 9cm.<\/li>\n<li><strong>Peso del producto:<\/strong>\u00a01.4Kg.<\/li>\n<li><strong>Material:<\/strong>\u00a0Fundici\u00f3n<\/li>\n<li><strong>Color:<\/strong>\u00a0Amarillo<\/li>\n<\/ul>\n<p><strong><span style=\"font-size: 17px;\">Especificaciones:<\/span><\/strong><\/p>\n<ul>\n<li>Aut\u00e9ntico modelo hecho de metal fundido a presi\u00f3n.<\/li>\n<li>Interiores detallados de la cabina, incluido el operador<\/li>\n<li>Pistas o neum\u00e1ticos realistas<\/li>\n<li>Oscilaci\u00f3n, articulaci\u00f3n y m\u00faltiples partes m\u00f3viles<\/li>\n<\/ul>\n","protected":false},"excerpt":{"rendered":"<p>ESCALA 1:50 &#8211; CARGADOR FRONTAL CAT. 988K FORESTAL<\/p>\n<p>High line series<\/p>\n<p>Escala 1:50<\/p>\n<p><a href=\"https:\/\/diecast.cl\/marcas\/diecast-masters-2\/\" rel=\"attachment wp-att-1737\"><img decoding=\"async\" class=\"alignnone wp-image-1737\" src=\"https:\/\/diecast.cl\/wp-content\/uploads\/2018\/02\/diecast-masters-1.jpg\" alt=\"\" width=\"158\" height=\"158\" \/><\/a><\/p>\n","protected":false},"featured_media":21787,"comment_status":"open","ping_status":"closed","template":"","meta":{"_joinchat":[]},"product_brand":[],"product_cat":[418],"product_tag":[203,340,112,113,382],"class_list":{"0":"post-5427","1":"product","2":"type-product","3":"status-publish","4":"has-post-thumbnail","6":"product_cat-cargadores-frontales","7":"product_tag-203","8":"product_tag-cargador","9":"product_tag-caterpillar","10":"product_tag-diecast-masters","11":"product_tag-forestal","13":"first","14":"outofstock","15":"featured","16":"taxable","17":"shipping-taxable","18":"purchasable","19":"product-type-simple"},"_links":{"self":[{"href":"https:\/\/tiendafinning.com\/empresas\/index.php\/wp-json\/wp\/v2\/product\/5427","targetHints":{"allow":["GET"]}}],"collection":[{"href":"https:\/\/tiendafinning.com\/empresas\/index.php\/wp-json\/wp\/v2\/product"}],"about":[{"href":"https:\/\/tiendafinning.com\/empresas\/index.php\/wp-json\/wp\/v2\/types\/product"}],"replies":[{"embeddable":true,"href":"https:\/\/tiendafinning.com\/empresas\/index.php\/wp-json\/wp\/v2\/comments?post=5427"}],"wp:featuredmedia":[{"embeddable":true,"href":"https:\/\/tiendafinning.com\/empresas\/index.php\/wp-json\/wp\/v2\/media\/21787"}],"wp:attachment":[{"href":"https:\/\/tiendafinning.com\/empresas\/index.php\/wp-json\/wp\/v2\/media?parent=5427"}],"wp:term":[{"taxonomy":"product_brand","embeddable":true,"href":"https:\/\/tiendafinning.com\/empresas\/index.php\/wp-json\/wp\/v2\/product_brand?post=5427"},{"taxonomy":"product_cat","embeddable":true,"href":"https:\/\/tiendafinning.com\/empresas\/index.php\/wp-json\/wp\/v2\/product_cat?post=5427"},{"taxonomy":"product_tag","embeddable":true,"href":"https:\/\/tiendafinning.com\/empresas\/index.php\/wp-json\/wp\/v2\/product_tag?post=5427"}],"curies":[{"name":"wp","href":"https:\/\/api.w.org\/{rel}","templated":true}]}}