{"id":4704,"date":"2022-09-28T16:33:51","date_gmt":"2022-09-28T16:33:51","guid":{"rendered":"https:\/\/tiendafinning.casanova.cl\/?post_type=product&#038;p=4704"},"modified":"2025-02-06T12:44:33","modified_gmt":"2025-02-06T12:44:33","slug":"excavadora-cat-330d-l-r-c-control-remoto","status":"publish","type":"product","link":"https:\/\/tiendafinning.com\/empresas\/index.php\/product\/excavadora-cat-330d-l-r-c-control-remoto\/","title":{"rendered":"Excavadora Cat 330D L &#8211; R\/C Control remoto"},"content":{"rendered":"<p id=\"tw-target-text\" class=\"tw-data-text tw-text-large tw-ta\" dir=\"ltr\" data-placeholder=\"Traducci\u00f3n\"><span class=\"Y2IQFc\" lang=\"es\">La serie 300 marc\u00f3 el comienzo de la era moderna en las excavadoras Cat. Las m\u00e1quinas 320, 325 y 330, las primeras introducciones, sentaron las bases para los m\u00e1s de 60 tama\u00f1os de excavadoras Cat disponibles en la actualidad, todos con la nomenclatura de la serie 300. Ninguna m\u00e1quina se destaca con m\u00e1s orgullo que la Cat 330D L, la &#8216;L&#8217; se refiere a un dise\u00f1o de tren de rodaje largo para mejorar la tracci\u00f3n y la estabilidad. Con un peso operativo de m\u00e1s de 35 toneladas m\u00e9tricas, la 330D L elev\u00f3 el list\u00f3n para la clase de excavadoras de 30 toneladas y cre\u00f3 una transici\u00f3n f\u00e1cil a la nomenclatura Cat 336D. <\/span><\/p>\n<p class=\"tw-data-text tw-text-large tw-ta\" dir=\"ltr\" data-placeholder=\"Traducci\u00f3n\"><span class=\"Y2IQFc\" lang=\"es\">Ahora, presentamos con orgullo nuestra r\u00e9plica Cat 330D L en metal fundido a presi\u00f3n de radiocontrol a escala 1:20. Coloque sus manos en los controles RC presentados de manera realista. \u00a1Sentir\u00e1 instant\u00e1neamente el poder y la precisi\u00f3n que han convertido a Cat en el nombre m\u00e1s grande y respetado del mundo en movimiento de tierras!<\/span><\/p>\n","protected":false},"excerpt":{"rendered":"<p>Escala: 1:20<\/p>\n<p>Material: Metal<\/p>\n<p>Mecanismo: Control remoto<\/p>\n<p><a href=\"https:\/\/diecast.cl\/?attachment_id=5725\" rel=\"attachment wp-att-5725\"><img decoding=\"async\" class=\"alignnone wp-image-5725 \" src=\"https:\/\/diecast.cl\/wp-content\/uploads\/2021\/05\/Diecast-master-logo-e1632315945472-300x293.png\" alt=\"\" width=\"139\" height=\"136\" \/><\/a><\/p>\n","protected":false},"featured_media":4721,"comment_status":"open","ping_status":"closed","template":"","meta":{"_joinchat":[]},"product_brand":[],"product_cat":[413],"product_tag":[402,403,113],"class_list":{"0":"post-4704","1":"product","2":"type-product","3":"status-publish","4":"has-post-thumbnail","6":"product_cat-excavadoras","7":"product_tag-402","8":"product_tag-control-remoto","9":"product_tag-diecast-masters","11":"first","12":"instock","13":"taxable","14":"shipping-taxable","15":"purchasable","16":"product-type-simple"},"_links":{"self":[{"href":"https:\/\/tiendafinning.com\/empresas\/index.php\/wp-json\/wp\/v2\/product\/4704","targetHints":{"allow":["GET"]}}],"collection":[{"href":"https:\/\/tiendafinning.com\/empresas\/index.php\/wp-json\/wp\/v2\/product"}],"about":[{"href":"https:\/\/tiendafinning.com\/empresas\/index.php\/wp-json\/wp\/v2\/types\/product"}],"replies":[{"embeddable":true,"href":"https:\/\/tiendafinning.com\/empresas\/index.php\/wp-json\/wp\/v2\/comments?post=4704"}],"wp:featuredmedia":[{"embeddable":true,"href":"https:\/\/tiendafinning.com\/empresas\/index.php\/wp-json\/wp\/v2\/media\/4721"}],"wp:attachment":[{"href":"https:\/\/tiendafinning.com\/empresas\/index.php\/wp-json\/wp\/v2\/media?parent=4704"}],"wp:term":[{"taxonomy":"product_brand","embeddable":true,"href":"https:\/\/tiendafinning.com\/empresas\/index.php\/wp-json\/wp\/v2\/product_brand?post=4704"},{"taxonomy":"product_cat","embeddable":true,"href":"https:\/\/tiendafinning.com\/empresas\/index.php\/wp-json\/wp\/v2\/product_cat?post=4704"},{"taxonomy":"product_tag","embeddable":true,"href":"https:\/\/tiendafinning.com\/empresas\/index.php\/wp-json\/wp\/v2\/product_tag?post=4704"}],"curies":[{"name":"wp","href":"https:\/\/api.w.org\/{rel}","templated":true}]}}