{"id":4559,"date":"2022-09-28T16:30:56","date_gmt":"2022-09-28T16:30:56","guid":{"rendered":"https:\/\/tiendafinning.casanova.cl\/?post_type=product&#038;p=4559"},"modified":"2023-06-13T16:44:19","modified_gmt":"2023-06-13T16:44:19","slug":"cargador-usb-a-c-3-metros-2","status":"publish","type":"product","link":"https:\/\/tiendafinning.com\/empresas\/index.php\/product\/cargador-usb-a-c-3-metros-2\/","title":{"rendered":"Cargador USB a C &#8211; 3 metros  Caterpillar"},"content":{"rendered":"<p>\u2022Cable de carga \/ sincronizaci\u00f3n micro USB a USB<br \/>\n\u2022Alivio de tensi\u00f3n avanzado de doble extremo<br \/>\n\u2022Cableado reflectante ultrarresistente<br \/>\n\u2022Escudo de RF para una sincronizaci\u00f3n m\u00e1s r\u00e1pida con menos interferencia<br \/>\n\u2022Longitud: 3 metros.<br \/>\n\u2022Empaque individual<br \/>\n\u2022Incluye organizador de cables<\/p>\n","protected":false},"excerpt":{"rendered":"<ul>\n<li>CAT\u00ae<\/li>\n<li>Certificado USB-C\u2122 a USB<\/li>\n<li>10ft \/ 3 metros<\/li>\n<li>Charge\/Sync Cable<\/li>\n<\/ul>\n<p><img decoding=\"async\" class=\"alignnone wp-image-3821\" src=\"https:\/\/diecast.cl\/wp-content\/uploads\/2021\/02\/LOGO-CAT-300x223.jpg\" alt=\"\" width=\"147\" height=\"109\" \/><\/p>\n","protected":false},"featured_media":4594,"comment_status":"open","ping_status":"closed","template":"","meta":{"_joinchat":[]},"product_brand":[],"product_cat":[443],"product_tag":[112,310,359],"class_list":{"0":"post-4559","1":"product","2":"type-product","3":"status-publish","4":"has-post-thumbnail","6":"product_cat-electronicos","7":"product_tag-caterpillar","8":"product_tag-merchandising","9":"product_tag-usb10ft","11":"first","12":"outofstock","13":"taxable","14":"shipping-taxable","15":"purchasable","16":"product-type-simple"},"_links":{"self":[{"href":"https:\/\/tiendafinning.com\/empresas\/index.php\/wp-json\/wp\/v2\/product\/4559","targetHints":{"allow":["GET"]}}],"collection":[{"href":"https:\/\/tiendafinning.com\/empresas\/index.php\/wp-json\/wp\/v2\/product"}],"about":[{"href":"https:\/\/tiendafinning.com\/empresas\/index.php\/wp-json\/wp\/v2\/types\/product"}],"replies":[{"embeddable":true,"href":"https:\/\/tiendafinning.com\/empresas\/index.php\/wp-json\/wp\/v2\/comments?post=4559"}],"wp:featuredmedia":[{"embeddable":true,"href":"https:\/\/tiendafinning.com\/empresas\/index.php\/wp-json\/wp\/v2\/media\/4594"}],"wp:attachment":[{"href":"https:\/\/tiendafinning.com\/empresas\/index.php\/wp-json\/wp\/v2\/media?parent=4559"}],"wp:term":[{"taxonomy":"product_brand","embeddable":true,"href":"https:\/\/tiendafinning.com\/empresas\/index.php\/wp-json\/wp\/v2\/product_brand?post=4559"},{"taxonomy":"product_cat","embeddable":true,"href":"https:\/\/tiendafinning.com\/empresas\/index.php\/wp-json\/wp\/v2\/product_cat?post=4559"},{"taxonomy":"product_tag","embeddable":true,"href":"https:\/\/tiendafinning.com\/empresas\/index.php\/wp-json\/wp\/v2\/product_tag?post=4559"}],"curies":[{"name":"wp","href":"https:\/\/api.w.org\/{rel}","templated":true}]}}