{"id":4085,"date":"2022-09-28T16:19:46","date_gmt":"2022-09-28T16:19:46","guid":{"rendered":"https:\/\/tiendafinning.casanova.cl\/?post_type=product&#038;p=4085"},"modified":"2022-09-28T16:20:14","modified_gmt":"2022-09-28T16:20:14","slug":"lapiz-cat-5","status":"publish","type":"product","link":"https:\/\/tiendafinning.com\/empresas\/index.php\/product\/lapiz-cat-5\/","title":{"rendered":"L\u00e1piz Cat"},"content":{"rendered":"","protected":false},"excerpt":{"rendered":"<p>Caracter\u00edsticas: Bol\u00edgrafo de acci\u00f3n giratoria con punta de aguja de fibra conductora, construcci\u00f3n de aluminio, punta giratoria de cromo, clip de bolsillo y acentos, la punta suave al tacto est\u00e1 dise\u00f1ada para no rayar la pantalla. Grabado l\u00e1ser<\/p>\n<p><a href=\"https:\/\/diecast.cl\/?attachment_id=3821\" rel=\"attachment wp-att-3821\"><img decoding=\"async\" class=\"alignnone  wp-image-3821\" src=\"https:\/\/diecast.cl\/wp-content\/uploads\/2021\/02\/LOGO-CAT-300x223.jpg\" alt=\"\" width=\"152\" height=\"113\" \/><\/a><\/p>\n","protected":false},"featured_media":4097,"comment_status":"open","ping_status":"closed","template":"","meta":{"_joinchat":[]},"product_brand":[],"product_cat":[302],"product_tag":[112,309,310],"class_list":{"0":"post-4085","1":"product","2":"type-product","3":"status-publish","4":"has-post-thumbnail","6":"product_cat-lapices","7":"product_tag-caterpillar","8":"product_tag-lapiz","9":"product_tag-merchandising","11":"first","12":"outofstock","13":"taxable","14":"shipping-taxable","15":"purchasable","16":"product-type-simple"},"_links":{"self":[{"href":"https:\/\/tiendafinning.com\/empresas\/index.php\/wp-json\/wp\/v2\/product\/4085","targetHints":{"allow":["GET"]}}],"collection":[{"href":"https:\/\/tiendafinning.com\/empresas\/index.php\/wp-json\/wp\/v2\/product"}],"about":[{"href":"https:\/\/tiendafinning.com\/empresas\/index.php\/wp-json\/wp\/v2\/types\/product"}],"replies":[{"embeddable":true,"href":"https:\/\/tiendafinning.com\/empresas\/index.php\/wp-json\/wp\/v2\/comments?post=4085"}],"wp:featuredmedia":[{"embeddable":true,"href":"https:\/\/tiendafinning.com\/empresas\/index.php\/wp-json\/wp\/v2\/media\/4097"}],"wp:attachment":[{"href":"https:\/\/tiendafinning.com\/empresas\/index.php\/wp-json\/wp\/v2\/media?parent=4085"}],"wp:term":[{"taxonomy":"product_brand","embeddable":true,"href":"https:\/\/tiendafinning.com\/empresas\/index.php\/wp-json\/wp\/v2\/product_brand?post=4085"},{"taxonomy":"product_cat","embeddable":true,"href":"https:\/\/tiendafinning.com\/empresas\/index.php\/wp-json\/wp\/v2\/product_cat?post=4085"},{"taxonomy":"product_tag","embeddable":true,"href":"https:\/\/tiendafinning.com\/empresas\/index.php\/wp-json\/wp\/v2\/product_tag?post=4085"}],"curies":[{"name":"wp","href":"https:\/\/api.w.org\/{rel}","templated":true}]}}