{"id":25317,"date":"2025-10-17T10:34:49","date_gmt":"2025-10-17T10:34:49","guid":{"rendered":"https:\/\/tiendafinning.com\/empresas\/?post_type=product&#038;p=25317"},"modified":"2025-12-04T18:30:40","modified_gmt":"2025-12-04T18:30:40","slug":"juego-rompecabezas-caterpillar-5","status":"publish","type":"product","link":"https:\/\/tiendafinning.com\/empresas\/index.php\/product\/juego-rompecabezas-caterpillar-5\/","title":{"rendered":"Juego rompecabezas Caterpillar"},"content":{"rendered":"<p>Este rompecabezas gigante de 36 piezas tiene piezas especiales con forma de construcci\u00f3n, recortadas directamente. \u00bfPuedes encontrar la pieza con forma de neum\u00e1tico? Recomendado para ni\u00f1os de 3 a\u00f1os en adelante.<br \/>\nMide 61 x 91 cm.<\/p>\n","protected":false},"excerpt":{"rendered":"<ul>\n<li>Este rompecabezas gigante de 36 piezas tiene piezas especiales con forma de construcci\u00f3n, recortadas directamente.<\/li>\n<li>\u00bfPuedes encontrar la pieza con forma de neum\u00e1tico?<\/li>\n<li>Recomendado para ni\u00f1os de 3 a\u00f1os en adelante.<\/li>\n<li>Mide 61 x 91 cm.<\/li>\n<\/ul>\n<p><a href=\"https:\/\/diecast.cl\/?attachment_id=5723\" rel=\"attachment wp-att-5723\"><img decoding=\"async\" class=\"alignnone wp-image-5723\" src=\"https:\/\/diecast.cl\/wp-content\/uploads\/2021\/05\/Cat-logo-300x188.png\" alt=\"\" width=\"236\" height=\"148\" \/><\/a><\/p>\n","protected":false},"featured_media":25318,"comment_status":"open","ping_status":"closed","template":"","meta":{"_joinchat":[]},"product_brand":[],"product_cat":[668],"product_tag":[112,767,768,310,543],"class_list":{"0":"post-25317","1":"product","2":"type-product","3":"status-publish","4":"has-post-thumbnail","6":"product_cat-guantes","7":"product_tag-caterpillar","8":"product_tag-juego","9":"product_tag-juguete-para-ninos","10":"product_tag-merchandising","11":"product_tag-ninos","13":"first","14":"instock","15":"featured","16":"taxable","17":"shipping-taxable","18":"purchasable","19":"product-type-simple"},"_links":{"self":[{"href":"https:\/\/tiendafinning.com\/empresas\/index.php\/wp-json\/wp\/v2\/product\/25317","targetHints":{"allow":["GET"]}}],"collection":[{"href":"https:\/\/tiendafinning.com\/empresas\/index.php\/wp-json\/wp\/v2\/product"}],"about":[{"href":"https:\/\/tiendafinning.com\/empresas\/index.php\/wp-json\/wp\/v2\/types\/product"}],"replies":[{"embeddable":true,"href":"https:\/\/tiendafinning.com\/empresas\/index.php\/wp-json\/wp\/v2\/comments?post=25317"}],"wp:featuredmedia":[{"embeddable":true,"href":"https:\/\/tiendafinning.com\/empresas\/index.php\/wp-json\/wp\/v2\/media\/25318"}],"wp:attachment":[{"href":"https:\/\/tiendafinning.com\/empresas\/index.php\/wp-json\/wp\/v2\/media?parent=25317"}],"wp:term":[{"taxonomy":"product_brand","embeddable":true,"href":"https:\/\/tiendafinning.com\/empresas\/index.php\/wp-json\/wp\/v2\/product_brand?post=25317"},{"taxonomy":"product_cat","embeddable":true,"href":"https:\/\/tiendafinning.com\/empresas\/index.php\/wp-json\/wp\/v2\/product_cat?post=25317"},{"taxonomy":"product_tag","embeddable":true,"href":"https:\/\/tiendafinning.com\/empresas\/index.php\/wp-json\/wp\/v2\/product_tag?post=25317"}],"curies":[{"name":"wp","href":"https:\/\/api.w.org\/{rel}","templated":true}]}}