{"id":25270,"date":"2025-10-28T15:59:43","date_gmt":"2025-10-28T15:59:43","guid":{"rendered":"https:\/\/tiendafinning.com\/empresas\/?post_type=product&#038;p=25270"},"modified":"2025-11-13T14:24:46","modified_gmt":"2025-11-13T14:24:46","slug":"agenda-con-lapiz-caterpillar","status":"publish","type":"product","link":"https:\/\/tiendafinning.com\/empresas\/index.php\/product\/agenda-con-lapiz-caterpillar\/","title":{"rendered":"Agenda con l\u00e1piz Caterpillar"},"content":{"rendered":"","protected":false},"excerpt":{"rendered":"<ul>\n<li>Cuaderno diario blanco de 20 x 25 cm con espiral y bol\u00edgrafo de pl\u00e1stico blanco a juego.<\/li>\n<li>El cuaderno tiene 192 p\u00e1ginas perforadas con certificaci\u00f3n FSC.<\/li>\n<li>Dise\u00f1o de gato grabado en relieve en el cuaderno y serigraf\u00eda en el bol\u00edgrafo.<\/li>\n<\/ul>\n<p><a href=\"https:\/\/diecast.cl\/?attachment_id=3821\" rel=\"attachment wp-att-3821\"><img decoding=\"async\" class=\"alignnone wp-image-3821\" src=\"https:\/\/diecast.cl\/wp-content\/uploads\/2021\/02\/LOGO-CAT-300x223.jpg\" alt=\"\" width=\"135\" height=\"100\" \/><\/a><\/p>\n","protected":false},"featured_media":25271,"comment_status":"open","ping_status":"closed","template":"","meta":{"_joinchat":[]},"product_brand":[],"product_cat":[563,302],"product_tag":[112,309,310],"class_list":{"0":"post-25270","1":"product","2":"type-product","3":"status-publish","4":"has-post-thumbnail","6":"product_cat-libretas","7":"product_cat-lapices","8":"product_tag-caterpillar","9":"product_tag-lapiz","10":"product_tag-merchandising","12":"first","13":"instock","14":"taxable","15":"shipping-taxable","16":"purchasable","17":"product-type-simple"},"_links":{"self":[{"href":"https:\/\/tiendafinning.com\/empresas\/index.php\/wp-json\/wp\/v2\/product\/25270","targetHints":{"allow":["GET"]}}],"collection":[{"href":"https:\/\/tiendafinning.com\/empresas\/index.php\/wp-json\/wp\/v2\/product"}],"about":[{"href":"https:\/\/tiendafinning.com\/empresas\/index.php\/wp-json\/wp\/v2\/types\/product"}],"replies":[{"embeddable":true,"href":"https:\/\/tiendafinning.com\/empresas\/index.php\/wp-json\/wp\/v2\/comments?post=25270"}],"wp:featuredmedia":[{"embeddable":true,"href":"https:\/\/tiendafinning.com\/empresas\/index.php\/wp-json\/wp\/v2\/media\/25271"}],"wp:attachment":[{"href":"https:\/\/tiendafinning.com\/empresas\/index.php\/wp-json\/wp\/v2\/media?parent=25270"}],"wp:term":[{"taxonomy":"product_brand","embeddable":true,"href":"https:\/\/tiendafinning.com\/empresas\/index.php\/wp-json\/wp\/v2\/product_brand?post=25270"},{"taxonomy":"product_cat","embeddable":true,"href":"https:\/\/tiendafinning.com\/empresas\/index.php\/wp-json\/wp\/v2\/product_cat?post=25270"},{"taxonomy":"product_tag","embeddable":true,"href":"https:\/\/tiendafinning.com\/empresas\/index.php\/wp-json\/wp\/v2\/product_tag?post=25270"}],"curies":[{"name":"wp","href":"https:\/\/api.w.org\/{rel}","templated":true}]}}