{"id":24663,"date":"2025-08-11T17:17:41","date_gmt":"2025-08-11T17:17:41","guid":{"rendered":"https:\/\/tiendafinning.com\/empresas\/?post_type=product&#038;p=24663"},"modified":"2025-09-15T16:16:28","modified_gmt":"2025-09-15T16:16:28","slug":"bulldozer-d6-xe-lgp-con-cuchilla-vpat-edicion-limitada-100-anos-caterpillar","status":"publish","type":"product","link":"https:\/\/tiendafinning.com\/empresas\/index.php\/product\/bulldozer-d6-xe-lgp-con-cuchilla-vpat-edicion-limitada-100-anos-caterpillar\/","title":{"rendered":"Bulldozer D6 XE LGP con cuchilla VPAT (edici\u00f3n limitada 100 a\u00f1os Caterpillar)"},"content":{"rendered":"<p>Cabina del operador completamente detallada,\u00a0motor completamente detallado, orugas de metal unidas individualmente con tensores, pistones funcionales e hidr\u00e1ulica detallada, techo inclinado para acceso a la cabina, edici\u00f3n LIMITADA: solo 500 unidades, gris especial, serie Highline, presentado en una lata de colecci\u00f3n.<br \/>\nTama\u00f1o aproximado: 13,5 x 9 x 7 cm,<br \/>\nescala 1:50 de Diecast Masters 85554BGC<\/p>\n","protected":false},"excerpt":{"rendered":"<p>Escala 1:50<\/p>\n<p><img decoding=\"async\" class=\"alignnone wp-image-8007\" src=\"https:\/\/diecast.cl\/wp-content\/uploads\/2021\/05\/diecastmaster-logo-e1667994263109.png\" alt=\"\" width=\"142\" height=\"130\" \/><\/p>\n","protected":false},"featured_media":24664,"comment_status":"open","ping_status":"closed","template":"","meta":{"_joinchat":[]},"product_brand":[],"product_cat":[414],"product_tag":[289,218],"class_list":{"0":"post-24663","1":"product","2":"type-product","3":"status-publish","4":"has-post-thumbnail","6":"product_cat-bulldozer","7":"product_tag-cat","8":"product_tag-diecast","10":"first","11":"outofstock","12":"taxable","13":"shipping-taxable","14":"purchasable","15":"product-type-simple"},"_links":{"self":[{"href":"https:\/\/tiendafinning.com\/empresas\/index.php\/wp-json\/wp\/v2\/product\/24663","targetHints":{"allow":["GET"]}}],"collection":[{"href":"https:\/\/tiendafinning.com\/empresas\/index.php\/wp-json\/wp\/v2\/product"}],"about":[{"href":"https:\/\/tiendafinning.com\/empresas\/index.php\/wp-json\/wp\/v2\/types\/product"}],"replies":[{"embeddable":true,"href":"https:\/\/tiendafinning.com\/empresas\/index.php\/wp-json\/wp\/v2\/comments?post=24663"}],"wp:featuredmedia":[{"embeddable":true,"href":"https:\/\/tiendafinning.com\/empresas\/index.php\/wp-json\/wp\/v2\/media\/24664"}],"wp:attachment":[{"href":"https:\/\/tiendafinning.com\/empresas\/index.php\/wp-json\/wp\/v2\/media?parent=24663"}],"wp:term":[{"taxonomy":"product_brand","embeddable":true,"href":"https:\/\/tiendafinning.com\/empresas\/index.php\/wp-json\/wp\/v2\/product_brand?post=24663"},{"taxonomy":"product_cat","embeddable":true,"href":"https:\/\/tiendafinning.com\/empresas\/index.php\/wp-json\/wp\/v2\/product_cat?post=24663"},{"taxonomy":"product_tag","embeddable":true,"href":"https:\/\/tiendafinning.com\/empresas\/index.php\/wp-json\/wp\/v2\/product_tag?post=24663"}],"curies":[{"name":"wp","href":"https:\/\/api.w.org\/{rel}","templated":true}]}}