{"id":24627,"date":"2025-08-11T16:36:43","date_gmt":"2025-08-11T16:36:43","guid":{"rendered":"https:\/\/tiendafinning.com\/empresas\/?post_type=product&#038;p=24627"},"modified":"2025-09-15T16:20:00","modified_gmt":"2025-09-15T16:20:00","slug":"excavadora-hidraulica-cat-385c-l","status":"publish","type":"product","link":"https:\/\/tiendafinning.com\/empresas\/index.php\/product\/excavadora-hidraulica-cat-385c-l\/","title":{"rendered":"Excavadora hidr\u00e1ulica Cat 385C L"},"content":{"rendered":"<div class=\"product-detail\">\n<div class=\"row\">\n<div class=\"col-md-6\">\n<p>La serie &#8220;Juega y Colecciona&#8221; a escala 1:64 presenta m\u00e1quinas legendarias de Cat fabricadas en metal fundido a presi\u00f3n, con numerosas piezas m\u00f3viles, gran detalle y decoraci\u00f3n y colores aut\u00e9nticos de Cat. Encuentra r\u00e9plicas aut\u00e9nticas de alta calidad en Diecast Masters a escala 1:50, 1:87, 1:125 y otras.<\/p>\n<ul class=\"my-3\">\n<li><span>Diecast Masters es el licenciatario exclusivo a nivel mundial para fabricar modelos a escala Caterpillar\u00ae hechos de metal fundido a presi\u00f3n.<\/span><\/li>\n<li><span>Advertencia: PELIGRO DE ASFIXIA &#8211; Piezas peque\u00f1as. No apto para ni\u00f1os menores de 3 a\u00f1os.<\/span><\/li>\n<li><span>Metal fundido a presi\u00f3n y pl\u00e1stico<\/span><\/li>\n<li><span>Ventanas transparentes y detalles interiores de la cabina.<\/span><\/li>\n<li><span>Pistas segmentadas de PVC<\/span><\/li>\n<li><span>Pluma, brazo y cuchar\u00f3n en funcionamiento<\/span><\/li>\n<\/ul>\n<\/div>\n<\/div>\n<\/div>\n<div class=\"row\">\n<div class=\"col-md-12 gap_25\"><\/div>\n<\/div>\n","protected":false},"excerpt":{"rendered":"<p>Escala 1:64<\/p>\n<p><img decoding=\"async\" class=\"alignnone wp-image-8007\" src=\"https:\/\/diecast.cl\/wp-content\/uploads\/2021\/05\/diecastmaster-logo-e1667994263109.png\" alt=\"\" width=\"142\" height=\"130\" \/><\/p>\n","protected":false},"featured_media":24628,"comment_status":"open","ping_status":"closed","template":"","meta":{"_joinchat":[]},"product_brand":[],"product_cat":[413],"product_tag":[289,218],"class_list":{"0":"post-24627","1":"product","2":"type-product","3":"status-publish","4":"has-post-thumbnail","6":"product_cat-excavadoras","7":"product_tag-cat","8":"product_tag-diecast","10":"first","11":"outofstock","12":"taxable","13":"shipping-taxable","14":"purchasable","15":"product-type-simple"},"_links":{"self":[{"href":"https:\/\/tiendafinning.com\/empresas\/index.php\/wp-json\/wp\/v2\/product\/24627","targetHints":{"allow":["GET"]}}],"collection":[{"href":"https:\/\/tiendafinning.com\/empresas\/index.php\/wp-json\/wp\/v2\/product"}],"about":[{"href":"https:\/\/tiendafinning.com\/empresas\/index.php\/wp-json\/wp\/v2\/types\/product"}],"replies":[{"embeddable":true,"href":"https:\/\/tiendafinning.com\/empresas\/index.php\/wp-json\/wp\/v2\/comments?post=24627"}],"wp:featuredmedia":[{"embeddable":true,"href":"https:\/\/tiendafinning.com\/empresas\/index.php\/wp-json\/wp\/v2\/media\/24628"}],"wp:attachment":[{"href":"https:\/\/tiendafinning.com\/empresas\/index.php\/wp-json\/wp\/v2\/media?parent=24627"}],"wp:term":[{"taxonomy":"product_brand","embeddable":true,"href":"https:\/\/tiendafinning.com\/empresas\/index.php\/wp-json\/wp\/v2\/product_brand?post=24627"},{"taxonomy":"product_cat","embeddable":true,"href":"https:\/\/tiendafinning.com\/empresas\/index.php\/wp-json\/wp\/v2\/product_cat?post=24627"},{"taxonomy":"product_tag","embeddable":true,"href":"https:\/\/tiendafinning.com\/empresas\/index.php\/wp-json\/wp\/v2\/product_tag?post=24627"}],"curies":[{"name":"wp","href":"https:\/\/api.w.org\/{rel}","templated":true}]}}