{"id":23654,"date":"2025-05-22T12:48:53","date_gmt":"2025-05-22T12:48:53","guid":{"rendered":"https:\/\/tiendafinning.com\/empresas\/?post_type=product&#038;p=23654"},"modified":"2025-06-11T14:48:47","modified_gmt":"2025-06-11T14:48:47","slug":"tractor-20-edicion-100-anos-caterpillar","status":"publish","type":"product","link":"https:\/\/tiendafinning.com\/empresas\/index.php\/product\/tractor-20-edicion-100-anos-caterpillar\/","title":{"rendered":"Tractor 20 edici\u00f3n 100 a\u00f1os Caterpillar"},"content":{"rendered":"<p><strong><span>Dimensiones del producto:\u00a0<\/span><\/strong>7,25 x 3,875 x 4,5 pulgadas.<\/p>\n<p>Corr\u00eda el a\u00f1o 1927, apenas dos a\u00f1os despu\u00e9s de la fundaci\u00f3n de Caterpillar Tractor Co. Los tractores de prestigio, heredados de las empresas predecesoras Best y Holt, formaron la base de la nueva l\u00ednea de productos Caterpillar. Pero hab\u00eda llegado el momento de que un tractor dise\u00f1ado \u00edntegramente por Caterpillar impulsara la empresa.<\/p>\n<p>Presentamos el Caterpillar Twenty, llamado as\u00ed por su potencia nominal de 20 caballos de fuerza en la barra de tiro. Si bien no era el tractor m\u00e1s grande, sin duda fue uno de los m\u00e1s innovadores. Su dise\u00f1o combinaba las \u00faltimas tecnolog\u00edas operativas con caracter\u00edsticas est\u00e9ticas y de confort inusuales para la \u00e9poca.<\/p>\n<p>El Twenty llen\u00f3 su nicho admirablemente hasta la d\u00e9cada de 1930, cuando \u00e9ste y sus primos impulsados \u200b\u200bcon gasolina fueron reemplazados por tractores Caterpillar m\u00e1s grandes, impulsados \u200b\u200bcon di\u00e9sel, ideales para los grandes proyectos de infraestructura que hab\u00edan llegado a dominar el mercado de movimiento de tierras.<\/p>\n<p>Hoy en d\u00eda, Caterpillar se posiciona como l\u00edder mundial en movimiento de tierras, con una l\u00ednea de productos de m\u00e1s de 300 m\u00e1quinas. Y todas estas m\u00e1quinas tienen su legado en el Caterpillar Twenty original.<\/p>\n<p>Ahora puedes tener tu propio Caterpillar Twenty, realizado a escala 1:16 por Diecast Masters. Esta obra de arte coleccionable ha sido elaborada con gran maestr\u00eda con piezas cromadas y doradas, y se presenta sobre una base negra con un impresionante fondo acr\u00edlico grabado.<\/p>\n<p>Disponible por tiempo limitado. \u00a1Pide el tuyo hoy!<\/p>\n<p><strong>Caracter\u00edsticas y detalles:<\/strong><\/p>\n<ul>\n<li>\n<p style=\"font-weight: 400;\"><span>Logotipo oficial del aniversario de Caterpillar<\/span><\/p>\n<\/li>\n<li>\n<p style=\"font-weight: 400;\"><span>Se muestra sobre una base negra con fondo acr\u00edlico grabado.<\/span><\/p>\n<\/li>\n<li>\n<p style=\"font-weight: 400;\"><span>Asiento de pl\u00e1stico moldeado con etiquetas de aspecto aut\u00e9ntico incluidas.<\/span><\/p>\n<\/li>\n<li>\n<p style=\"font-weight: 400;\"><span>Con una mezcla de piezas cromadas y doradas.<\/span><\/p>\n<\/li>\n<li>\n<p style=\"font-weight: 400;\"><span>Detalles meticulosos que incluyen logotipo y imagen comercial.<\/span><\/p>\n<\/li>\n<li>\n<p style=\"font-weight: 400;\"><span>Pistas de metal en movimiento<\/span><\/p>\n<\/li>\n<li>\n<p style=\"font-weight: 400;\"><span>Incluye folleto hist\u00f3rico sobre el tractor Caterpillar Twenty.<\/span><\/p>\n<\/li>\n<\/ul>\n<p><b data-uw-styling-context=\"true\"><span>Embalaje de la serie Centennial<\/span><\/b><\/p>\n","protected":false},"excerpt":{"rendered":"<p>Escala: 1:16<\/p>\n<p>Material: metal<\/p>\n<p><img decoding=\"async\" class=\"alignnone wp-image-8007\" src=\"https:\/\/diecast.cl\/wp-content\/uploads\/2021\/05\/diecastmaster-logo-e1667994263109.png\" alt=\"\" width=\"142\" height=\"130\" \/><\/p>\n","protected":false},"featured_media":23752,"comment_status":"open","ping_status":"closed","template":"","meta":{"_joinchat":[]},"product_brand":[],"product_cat":[668],"product_tag":[851,289,218],"class_list":{"0":"post-23654","1":"product","2":"type-product","3":"status-publish","4":"has-post-thumbnail","6":"product_cat-guantes","7":"product_tag-851","8":"product_tag-cat","9":"product_tag-diecast","11":"first","12":"outofstock","13":"featured","14":"taxable","15":"shipping-taxable","16":"purchasable","17":"product-type-simple"},"_links":{"self":[{"href":"https:\/\/tiendafinning.com\/empresas\/index.php\/wp-json\/wp\/v2\/product\/23654","targetHints":{"allow":["GET"]}}],"collection":[{"href":"https:\/\/tiendafinning.com\/empresas\/index.php\/wp-json\/wp\/v2\/product"}],"about":[{"href":"https:\/\/tiendafinning.com\/empresas\/index.php\/wp-json\/wp\/v2\/types\/product"}],"replies":[{"embeddable":true,"href":"https:\/\/tiendafinning.com\/empresas\/index.php\/wp-json\/wp\/v2\/comments?post=23654"}],"wp:featuredmedia":[{"embeddable":true,"href":"https:\/\/tiendafinning.com\/empresas\/index.php\/wp-json\/wp\/v2\/media\/23752"}],"wp:attachment":[{"href":"https:\/\/tiendafinning.com\/empresas\/index.php\/wp-json\/wp\/v2\/media?parent=23654"}],"wp:term":[{"taxonomy":"product_brand","embeddable":true,"href":"https:\/\/tiendafinning.com\/empresas\/index.php\/wp-json\/wp\/v2\/product_brand?post=23654"},{"taxonomy":"product_cat","embeddable":true,"href":"https:\/\/tiendafinning.com\/empresas\/index.php\/wp-json\/wp\/v2\/product_cat?post=23654"},{"taxonomy":"product_tag","embeddable":true,"href":"https:\/\/tiendafinning.com\/empresas\/index.php\/wp-json\/wp\/v2\/product_tag?post=23654"}],"curies":[{"name":"wp","href":"https:\/\/api.w.org\/{rel}","templated":true}]}}