{"id":23648,"date":"2025-05-22T12:45:17","date_gmt":"2025-05-22T12:45:17","guid":{"rendered":"https:\/\/tiendafinning.com\/empresas\/?post_type=product&#038;p=23648"},"modified":"2025-06-11T14:49:19","modified_gmt":"2025-06-11T14:49:19","slug":"cargador-frontal-de-ruedas-995-cat","status":"publish","type":"product","link":"https:\/\/tiendafinning.com\/empresas\/index.php\/product\/cargador-frontal-de-ruedas-995-cat\/","title":{"rendered":"Cargador frontal de ruedas 995 Cat"},"content":{"rendered":"<p><strong>Dimensiones del producto:\u00a0<\/strong>15,9 x 5,4 x 5,9 pulgadas.<\/p>\n<p><strong>Caracter\u00edsticas y detalles:<\/strong><\/p>\n<ul>\n<li style=\"font-weight: 400;\">Interior de cabina detallado, incluida figura de operador extra\u00edble.<\/li>\n<li style=\"font-weight: 400;\">Pintura amarilla aut\u00e9ntica Cat Machine<\/li>\n<li style=\"font-weight: 400;\">Aut\u00e9ntica imagen comercial de Cat Modern Hex<\/li>\n<li style=\"font-weight: 400;\">Los brazos elevadores suben y bajan<\/li>\n<li style=\"font-weight: 400;\">Cubos recogedores y vertedores<\/li>\n<li style=\"font-weight: 400;\">Direcci\u00f3n articulada<\/li>\n<li style=\"font-weight: 400;\">Barandillas y pasamanos met\u00e1licos realistas<\/li>\n<li>Dise\u00f1o aut\u00e9ntico de la banda de rodadura del neum\u00e1tico<\/li>\n<li style=\"font-weight: 400;\">Embalaje de hojalata met\u00e1lica de la serie High Line<\/li>\n<\/ul>\n<p><b data-uw-styling-context=\"true\">Mismo tama\u00f1o, mayor carga \u00fatil:<\/b><\/p>\n<p>Construida con el mismo tama\u00f1o que la 994K, pero con una carga \u00fatil nominal m\u00e1s alta, la nueva<br \/>\nCargadora de Ruedas Cat\u00ae 995 le brinda mayor productividad y rendimiento con<br \/>\nun menor consumo de combustible. Ofrece una reducci\u00f3n en una sola pasada al cargar<br \/>\nlos Camiones Mineros Cat 785, 789 y 793, lo que aumenta la producci\u00f3n y la eficiencia hasta un 33 % al cargar el<br \/>\n785, hasta un 25 % al cargar el 789 y hasta un 20 % con el 793.<br \/>\nLa 995 demuestra un 21 % m\u00e1s de eficiencia y un 24 % m\u00e1s de producci\u00f3n que<br \/>\nla 994K en el mismo modo de operaci\u00f3n gracias a una mayor carga \u00fatil nominal y un aumento del 6 %<br \/>\nen la fuerza hidr\u00e1ulica. En el Modo Eco Mejorado, la 995 demuestra hasta un 30 % m\u00e1s<br \/>\nde eficiencia y una reducci\u00f3n del 11 % en el consumo de combustible por hora en comparaci\u00f3n con la 994K en<br \/>\nel modo de bloqueo del acelerador, lo que se traduce en un 23 % menos de CO2 por unidad de material movido. Tambi\u00e9n ofrece un<br \/>\nentorno de operador m\u00e1s c\u00f3modo y est\u00e1 equipado con nuevas caracter\u00edsticas tecnol\u00f3gicas que<br \/>\npermiten ganancias adicionales en eficiencia.<\/p>\n<p><b data-uw-styling-context=\"true\">Empaque de la serie High Line:<\/b><br \/>\nCaja met\u00e1lica coleccionable impresa a todo color, con fotos y especificaciones de la m\u00e1quina. Un inserto de espuma troquelada protege el modelo dentro de la caja. La caja exterior de cart\u00f3n proporciona protecci\u00f3n adicional.<\/p>\n","protected":false},"excerpt":{"rendered":"<p>Escala: 1:50<\/p>\n<p>Material: metal<\/p>\n<p><img decoding=\"async\" class=\"alignnone wp-image-8007\" src=\"https:\/\/diecast.cl\/wp-content\/uploads\/2021\/05\/diecastmaster-logo-e1667994263109.png\" alt=\"\" width=\"142\" height=\"130\" \/><\/p>\n","protected":false},"featured_media":23748,"comment_status":"open","ping_status":"closed","template":"","meta":{"_joinchat":[]},"product_brand":[],"product_cat":[668],"product_tag":[850,289,218],"class_list":{"0":"post-23648","1":"product","2":"type-product","3":"status-publish","4":"has-post-thumbnail","6":"product_cat-guantes","7":"product_tag-850","8":"product_tag-cat","9":"product_tag-diecast","11":"first","12":"outofstock","13":"featured","14":"taxable","15":"shipping-taxable","16":"purchasable","17":"product-type-simple"},"_links":{"self":[{"href":"https:\/\/tiendafinning.com\/empresas\/index.php\/wp-json\/wp\/v2\/product\/23648","targetHints":{"allow":["GET"]}}],"collection":[{"href":"https:\/\/tiendafinning.com\/empresas\/index.php\/wp-json\/wp\/v2\/product"}],"about":[{"href":"https:\/\/tiendafinning.com\/empresas\/index.php\/wp-json\/wp\/v2\/types\/product"}],"replies":[{"embeddable":true,"href":"https:\/\/tiendafinning.com\/empresas\/index.php\/wp-json\/wp\/v2\/comments?post=23648"}],"wp:featuredmedia":[{"embeddable":true,"href":"https:\/\/tiendafinning.com\/empresas\/index.php\/wp-json\/wp\/v2\/media\/23748"}],"wp:attachment":[{"href":"https:\/\/tiendafinning.com\/empresas\/index.php\/wp-json\/wp\/v2\/media?parent=23648"}],"wp:term":[{"taxonomy":"product_brand","embeddable":true,"href":"https:\/\/tiendafinning.com\/empresas\/index.php\/wp-json\/wp\/v2\/product_brand?post=23648"},{"taxonomy":"product_cat","embeddable":true,"href":"https:\/\/tiendafinning.com\/empresas\/index.php\/wp-json\/wp\/v2\/product_cat?post=23648"},{"taxonomy":"product_tag","embeddable":true,"href":"https:\/\/tiendafinning.com\/empresas\/index.php\/wp-json\/wp\/v2\/product_tag?post=23648"}],"curies":[{"name":"wp","href":"https:\/\/api.w.org\/{rel}","templated":true}]}}