{"id":22568,"date":"2025-01-14T12:07:17","date_gmt":"2025-01-14T12:07:17","guid":{"rendered":"https:\/\/tiendafinning.com\/empresas\/?post_type=product&#038;p=22568"},"modified":"2026-02-05T15:01:16","modified_gmt":"2026-02-05T15:01:16","slug":"cargador-frontal-de-ruedas-950-caterpillar","status":"publish","type":"product","link":"https:\/\/tiendafinning.com\/empresas\/index.php\/product\/cargador-frontal-de-ruedas-950-caterpillar\/","title":{"rendered":"Cargador frontal de ruedas 950 Caterpillar"},"content":{"rendered":"<ul>\n<li><strong>Estado del art\u00edculo:<\/strong>\u00a0Nuevo<\/li>\n<li><strong>Accesorios:<\/strong>\u00a0No<\/li>\n<li><strong>Fabricante:<\/strong>\u00a0DieCast Masters<\/li>\n<li><strong>Modelo:<\/strong>\u00a0950<\/li>\n<li><strong>Escala:<\/strong>\u00a01:50<\/li>\n<li><strong>Marca:<\/strong>\u00a0Caterpillar<\/li>\n<li><strong>C\u00f3digo:<\/strong>\u00a085770<\/li>\n<li><strong>Rango de edad recomendado:<\/strong>\u00a014+<\/li>\n<li><strong>Dimensiones del producto<\/strong>: 20cm x 7cm x 6cm<\/li>\n<li><strong>Peso del producto:<\/strong>\u00a0400Gr<\/li>\n<li><strong>Material:<\/strong>\u00a0Fundici\u00f3n<\/li>\n<li><strong>Color:<\/strong>\u00a0Amarillo<\/li>\n<\/ul>\n<p>Interior detallado de la cabina, incluido el operador.<br \/>\nAut\u00e9ntico modelo hecho de metal fundido a presi\u00f3n.<br \/>\nLos brazos de elevaci\u00f3n suben y bajan.<br \/>\nCucharon carga y descarga.<br \/>\nDirecci\u00f3n articulada.<br \/>\nBarandas aut\u00e9nticas y barras de apoyo.<br \/>\nDise\u00f1o aut\u00e9ntico de la banda de rodadura del neum\u00e1tico.<\/p>\n","protected":false},"excerpt":{"rendered":"<p>Escala: 1:50<\/p>\n<p>Material: Metal<\/p>\n<p><img decoding=\"async\" class=\"alignnone wp-image-8007\" src=\"https:\/\/diecast.cl\/wp-content\/uploads\/2021\/05\/diecastmaster-logo-e1667994263109.png\" alt=\"\" width=\"142\" height=\"130\" \/><\/p>\n","protected":false},"featured_media":22679,"comment_status":"open","ping_status":"closed","template":"","meta":{"_joinchat":[]},"product_brand":[],"product_cat":[418],"product_tag":[822,289,218],"class_list":{"0":"post-22568","1":"product","2":"type-product","3":"status-publish","4":"has-post-thumbnail","6":"product_cat-cargadores-frontales","7":"product_tag-822","8":"product_tag-cat","9":"product_tag-diecast","11":"first","12":"instock","13":"taxable","14":"shipping-taxable","15":"purchasable","16":"product-type-simple"},"_links":{"self":[{"href":"https:\/\/tiendafinning.com\/empresas\/index.php\/wp-json\/wp\/v2\/product\/22568","targetHints":{"allow":["GET"]}}],"collection":[{"href":"https:\/\/tiendafinning.com\/empresas\/index.php\/wp-json\/wp\/v2\/product"}],"about":[{"href":"https:\/\/tiendafinning.com\/empresas\/index.php\/wp-json\/wp\/v2\/types\/product"}],"replies":[{"embeddable":true,"href":"https:\/\/tiendafinning.com\/empresas\/index.php\/wp-json\/wp\/v2\/comments?post=22568"}],"wp:featuredmedia":[{"embeddable":true,"href":"https:\/\/tiendafinning.com\/empresas\/index.php\/wp-json\/wp\/v2\/media\/22679"}],"wp:attachment":[{"href":"https:\/\/tiendafinning.com\/empresas\/index.php\/wp-json\/wp\/v2\/media?parent=22568"}],"wp:term":[{"taxonomy":"product_brand","embeddable":true,"href":"https:\/\/tiendafinning.com\/empresas\/index.php\/wp-json\/wp\/v2\/product_brand?post=22568"},{"taxonomy":"product_cat","embeddable":true,"href":"https:\/\/tiendafinning.com\/empresas\/index.php\/wp-json\/wp\/v2\/product_cat?post=22568"},{"taxonomy":"product_tag","embeddable":true,"href":"https:\/\/tiendafinning.com\/empresas\/index.php\/wp-json\/wp\/v2\/product_tag?post=22568"}],"curies":[{"name":"wp","href":"https:\/\/api.w.org\/{rel}","templated":true}]}}