{"id":22484,"date":"2025-01-10T13:49:56","date_gmt":"2025-01-10T13:49:56","guid":{"rendered":"https:\/\/tiendafinning.com\/empresas\/?post_type=product&#038;p=22484"},"modified":"2025-01-17T15:18:18","modified_gmt":"2025-01-17T15:18:18","slug":"lapiz-caterpillar-5","status":"publish","type":"product","link":"https:\/\/tiendafinning.com\/empresas\/index.php\/product\/lapiz-caterpillar-5\/","title":{"rendered":"L\u00e1piz Caterpillar"},"content":{"rendered":"","protected":false},"excerpt":{"rendered":"<ul>\n<li id=\"tw-target-text\" class=\"tw-data-text tw-text-large tw-ta\" dir=\"ltr\" data-placeholder=\"Traducci\u00f3n\" data-ved=\"2ahUKEwjXk6-p3-uKAxWkBbkGHfcQL3YQ3ewLegQIChAU\" aria-label=\"Texto traducido: Bol\u00edgrafo negro con acci\u00f3n de \u00e9mbolo y portaminas.\nempaquetado en bolsa transparente. El l\u00e1piz tiene un borrador incorporado y\nutiliza un cable n.\u00ba 2 de 0,5 mm. Proyectado.\"><span class=\"Y2IQFc\" lang=\"es\">Bol\u00edgrafo negro con acci\u00f3n de \u00e9mbolo y portaminas. <\/span><\/li>\n<li class=\"tw-data-text tw-text-large tw-ta\" dir=\"ltr\" data-placeholder=\"Traducci\u00f3n\" data-ved=\"2ahUKEwjXk6-p3-uKAxWkBbkGHfcQL3YQ3ewLegQIChAU\" aria-label=\"Texto traducido: Bol\u00edgrafo negro con acci\u00f3n de \u00e9mbolo y portaminas.\nempaquetado en bolsa transparente. El l\u00e1piz tiene un borrador incorporado y\nutiliza un cable n.\u00ba 2 de 0,5 mm. Proyectado.\"><span class=\"Y2IQFc\" lang=\"es\">Empaquetado en bolsa transparente. <\/span><\/li>\n<li class=\"tw-data-text tw-text-large tw-ta\" dir=\"ltr\" data-placeholder=\"Traducci\u00f3n\" data-ved=\"2ahUKEwjXk6-p3-uKAxWkBbkGHfcQL3YQ3ewLegQIChAU\" aria-label=\"Texto traducido: Bol\u00edgrafo negro con acci\u00f3n de \u00e9mbolo y portaminas.\nempaquetado en bolsa transparente. El l\u00e1piz tiene un borrador incorporado y\nutiliza un cable n.\u00ba 2 de 0,5 mm. Proyectado.\"><span class=\"Y2IQFc\" lang=\"es\">El l\u00e1piz tiene un borrador incorporado y utiliza un cable n.\u00ba 2 de 0,5 mm. <\/span><\/li>\n<li class=\"tw-data-text tw-text-large tw-ta\" dir=\"ltr\" data-placeholder=\"Traducci\u00f3n\" data-ved=\"2ahUKEwjXk6-p3-uKAxWkBbkGHfcQL3YQ3ewLegQIChAU\" aria-label=\"Texto traducido: Bol\u00edgrafo negro con acci\u00f3n de \u00e9mbolo y portaminas.\nempaquetado en bolsa transparente. El l\u00e1piz tiene un borrador incorporado y\nutiliza un cable n.\u00ba 2 de 0,5 mm. Proyectado.\"><span class=\"Y2IQFc\" lang=\"es\">Proyectado.<\/span><\/li>\n<\/ul>\n<p><a href=\"https:\/\/diecast.cl\/?attachment_id=3821\" rel=\"attachment wp-att-3821\"><img decoding=\"async\" class=\"alignnone wp-image-3821\" src=\"https:\/\/diecast.cl\/wp-content\/uploads\/2021\/02\/LOGO-CAT-300x223.jpg\" alt=\"\" width=\"135\" height=\"100\" \/><\/a><\/p>\n","protected":false},"featured_media":22485,"comment_status":"open","ping_status":"closed","template":"","meta":{"_joinchat":[]},"product_brand":[],"product_cat":[302],"product_tag":[112,309,310],"class_list":{"0":"post-22484","1":"product","2":"type-product","3":"status-publish","4":"has-post-thumbnail","6":"product_cat-lapices","7":"product_tag-caterpillar","8":"product_tag-lapiz","9":"product_tag-merchandising","11":"first","12":"outofstock","13":"featured","14":"taxable","15":"shipping-taxable","16":"purchasable","17":"product-type-simple"},"_links":{"self":[{"href":"https:\/\/tiendafinning.com\/empresas\/index.php\/wp-json\/wp\/v2\/product\/22484","targetHints":{"allow":["GET"]}}],"collection":[{"href":"https:\/\/tiendafinning.com\/empresas\/index.php\/wp-json\/wp\/v2\/product"}],"about":[{"href":"https:\/\/tiendafinning.com\/empresas\/index.php\/wp-json\/wp\/v2\/types\/product"}],"replies":[{"embeddable":true,"href":"https:\/\/tiendafinning.com\/empresas\/index.php\/wp-json\/wp\/v2\/comments?post=22484"}],"wp:featuredmedia":[{"embeddable":true,"href":"https:\/\/tiendafinning.com\/empresas\/index.php\/wp-json\/wp\/v2\/media\/22485"}],"wp:attachment":[{"href":"https:\/\/tiendafinning.com\/empresas\/index.php\/wp-json\/wp\/v2\/media?parent=22484"}],"wp:term":[{"taxonomy":"product_brand","embeddable":true,"href":"https:\/\/tiendafinning.com\/empresas\/index.php\/wp-json\/wp\/v2\/product_brand?post=22484"},{"taxonomy":"product_cat","embeddable":true,"href":"https:\/\/tiendafinning.com\/empresas\/index.php\/wp-json\/wp\/v2\/product_cat?post=22484"},{"taxonomy":"product_tag","embeddable":true,"href":"https:\/\/tiendafinning.com\/empresas\/index.php\/wp-json\/wp\/v2\/product_tag?post=22484"}],"curies":[{"name":"wp","href":"https:\/\/api.w.org\/{rel}","templated":true}]}}